{"id":52092,"date":"2025-07-16T19:01:40","date_gmt":"2025-07-16T19:01:40","guid":{"rendered":"https:\/\/www.bananatreeshop.com\/?post_type=product&#038;p=52092"},"modified":"2026-04-03T20:03:33","modified_gmt":"2026-04-03T20:03:33","slug":"leg-avenue-fishnet-bodystocking-with-garter-belt-and-harness-neon-pink","status":"publish","type":"product","link":"https:\/\/www.bananatreeshop.com\/pt\/produto\/leg-avenue-fishnet-bodystocking-with-garter-belt-and-harness-neon-pink\/","title":{"rendered":"LEG AVENUE &#8211; BODY DE REJILLA CON LIGA Y ARN\u00c9S ROSA NE\u00d3N"},"content":{"rendered":"<p>Atr\u00e9vete a ser diferente con el Fishnet Garter Harness  Teddy, una prenda sensual y llamativa que redefine el estilo seductor. Con recortes estrat\u00e9gicos, malla de rejilla y detalles inspirados en los arneses, esta prenda de una sola pieza combina un estilo atrevido con un encanto ultrafemenino.<\/p>\n<ul>\n<li>93 % nailon, 7 % elastano<\/li>\n<li>M\u00e1ximo 30 grados con cuidado<\/li>\n<li>No se permite planchar<\/li>\n<li>No se permite blanquear con cloro<\/li>\n<li>No lavar en seco<\/li>\n<li>Embalaje: Caja de lencer\u00eda de lujo<\/li>\n<li>Dimensiones del embalaje: 23 x 16,5 x 3 cm<\/li>\n<li>Modelo disponible: Gratis<\/li>\n<\/ul>\n<p><strong>Leg Avenue<\/strong>\u00a0tiene los productos que estabas buscando comprometi\u00e9ndose a ofrecer a los clientes productos innovadores, precios competitivos y una gran satisfacci\u00f3n, reci\u00e9n llegados desde el distrito m\u00e1s fashion de Los \u00c1ngeles.<\/p>\n<p>\u00a1Aqu\u00ed todo se trata de ti! Entendemos que cada cuerpo es \u00fanico y creemos que todas las mujeres deben verse y sentirse fant\u00e1sticas, independientemente de su tama\u00f1o o forma. As\u00ed que ten la seguridad de que nuestros dise\u00f1os siempre est\u00e1n enfocados a resaltar tus mejores caracter\u00edsticas. Y en serio, lo decimos en serio cuando decimos que valoramos las telas s\u00faper suaves y la elasticidad del siguiente nivel. Comodidad y estilo? \u00a1Doble verificaci\u00f3n!<\/p>\n<p>La variedad es la clave de nuestro \u00e9xito y puedes verlo en nuestros estilos. Nuestros dise\u00f1adores mezclan y combinan materiales como profesionales, dando a nuestras creaciones ese aire de lujo inconfundible para que te sientas absolutamente de primera. Ya sea un encaje que hace que tus sentidos hormigueen o un sat\u00e9n s\u00faper suave que tus manos no pueden resistir, hacemos todo lo posible para brindarte algo especial.<\/p>\n<p><strong>Leg Avenue<\/strong>\u00a0est\u00e1 llena de pasi\u00f3n, diversi\u00f3n y autoexpresi\u00f3n. Queremos que seas completamente t\u00fa mismo, con un toque de picard\u00eda y monta\u00f1as de confianza. Descubra c\u00f3mo nuestra lencer\u00eda, medias y disfraces elevan su apariencia al siguiente nivel. \u00a1Juntos aspiramos a lo fant\u00e1stico y demostramos que el estilo no tiene talla!<\/p>","protected":false},"excerpt":{"rendered":"<p>LEG AVENUE &#8211; FISHNET BODYSTOCKING WITH GARTER BELT AND HARNESS NEON PINK<\/p>","protected":false},"featured_media":84112,"comment_status":"open","ping_status":"closed","template":"","meta":{"_eb_attr":""},"product_brand":[],"product_cat":[1225,1386,1191,1410],"product_tag":[],"class_list":{"0":"post-52092","1":"product","2":"type-product","3":"status-publish","4":"has-post-thumbnail","6":"product_cat-moda-lencerialenceria-mujer","7":"product_cat-moda-lencerialenceria-mujerlenceria-picante","8":"product_cat-moda-lenceria","9":"product_cat-moda-lencerialenceria-mujerlenceria-picantesets-con-liguero","10":"yith_product_brand-leg-avenue","11":"yith_product_brand-leg-avenueleg-avenue-teddies","13":"first","14":"instock","15":"taxable","16":"shipping-taxable","17":"purchasable","18":"product-type-simple"},"_links":{"self":[{"href":"https:\/\/www.bananatreeshop.com\/pt\/wp-json\/wp\/v2\/product\/52092","targetHints":{"allow":["GET"]}}],"collection":[{"href":"https:\/\/www.bananatreeshop.com\/pt\/wp-json\/wp\/v2\/product"}],"about":[{"href":"https:\/\/www.bananatreeshop.com\/pt\/wp-json\/wp\/v2\/types\/product"}],"replies":[{"embeddable":true,"href":"https:\/\/www.bananatreeshop.com\/pt\/wp-json\/wp\/v2\/comments?post=52092"}],"wp:featuredmedia":[{"embeddable":true,"href":"https:\/\/www.bananatreeshop.com\/pt\/wp-json\/wp\/v2\/media\/84112"}],"wp:attachment":[{"href":"https:\/\/www.bananatreeshop.com\/pt\/wp-json\/wp\/v2\/media?parent=52092"}],"wp:term":[{"taxonomy":"product_brand","embeddable":true,"href":"https:\/\/www.bananatreeshop.com\/pt\/wp-json\/wp\/v2\/product_brand?post=52092"},{"taxonomy":"product_cat","embeddable":true,"href":"https:\/\/www.bananatreeshop.com\/pt\/wp-json\/wp\/v2\/product_cat?post=52092"},{"taxonomy":"product_tag","embeddable":true,"href":"https:\/\/www.bananatreeshop.com\/pt\/wp-json\/wp\/v2\/product_tag?post=52092"}],"curies":[{"name":"wp","href":"https:\/\/api.w.org\/{rel}","templated":true}]}}