{"id":5213,"date":"2025-07-08T19:01:26","date_gmt":"2025-07-08T19:01:26","guid":{"rendered":"https:\/\/www.bananatreeshop.com\/?post_type=product&#038;p=5213"},"modified":"2026-04-05T04:43:21","modified_gmt":"2026-04-05T04:43:21","slug":"pjur-back-door-comfort-anal-water-lubricant-100-ml","status":"publish","type":"product","link":"https:\/\/www.bananatreeshop.com\/pt\/produto\/pjur-back-door-comfort-anal-water-lubricant-100-ml\/","title":{"rendered":"PJUR &#8211; BACK DOOR MOISTURISING LUBRICANTE ANAL HIDRATANTE 100 ML"},"content":{"rendered":"<p>El lubricante con base de agua con efecto COMFORT! <strong>especialmente para sexo anal duro.<\/strong><\/p>\n<p>La adici\u00f3n del preciado \u00e1cido hialur\u00f3nico junto con las propiedades hidratantes forma peque\u00f1os cojines de agua para reforzar el efecto lubricante.<\/p>\n<p>Pjur Back Door Comfort water anal glide est\u00e1 libre de olores y sabores, es apto para su uso con preservativos y se caracteriza por tener un efecto lubricante excepcionalmente duradero sin volverse pegajoso.<\/p>\n<ul>\n<li>Efecto lubricante excepcionalmente duradero sin volverse pegajoso.<\/li>\n<li>Ingrediente \u00e1cido hialur\u00f3nico: excelentes propiedades hidratantes.<\/li>\n<li>Especialmente dise\u00f1ado para sexo anal duro.<\/li>\n<\/ul>\n<p>Ingredientes: Aqua (Water),Glycerin, Xanthan Gum, Sodium Hyaluronate, Benzyl Alcohol, Sodium Benzoate, Potassium Sorbate, Citric Acid.<\/p>\n<p>Pjur<strong>\u00ae<\/strong> es L\u00edder mundial en la fabricaci\u00f3n de lubricantes anales y vaginales, as\u00ed como de retardantes y potenciadores, son de larga duraci\u00f3n, su fiabilidad y durabilidad es un referente en el sector.<\/p>\n<p>Envase de 100ml.<\/p>","protected":false},"excerpt":{"rendered":"<p>PJUR &#8211; BACK DOOR MOISTURISING ANAL LUBRICANT 100 ML<\/p>","protected":false},"featured_media":54479,"comment_status":"open","ping_status":"closed","template":"","meta":{"_eb_attr":""},"product_brand":[],"product_cat":[1173,1163,1169],"product_tag":[],"class_list":{"0":"post-5213","1":"product","2":"type-product","3":"status-publish","4":"has-post-thumbnail","6":"product_cat-drogueria-lubricantesanal","7":"product_cat-drogueria","8":"product_cat-drogueria-lubricantes","9":"yith_product_brand-pjur","11":"first","12":"instock","13":"taxable","14":"shipping-taxable","15":"purchasable","16":"product-type-simple"},"_links":{"self":[{"href":"https:\/\/www.bananatreeshop.com\/pt\/wp-json\/wp\/v2\/product\/5213","targetHints":{"allow":["GET"]}}],"collection":[{"href":"https:\/\/www.bananatreeshop.com\/pt\/wp-json\/wp\/v2\/product"}],"about":[{"href":"https:\/\/www.bananatreeshop.com\/pt\/wp-json\/wp\/v2\/types\/product"}],"replies":[{"embeddable":true,"href":"https:\/\/www.bananatreeshop.com\/pt\/wp-json\/wp\/v2\/comments?post=5213"}],"wp:featuredmedia":[{"embeddable":true,"href":"https:\/\/www.bananatreeshop.com\/pt\/wp-json\/wp\/v2\/media\/54479"}],"wp:attachment":[{"href":"https:\/\/www.bananatreeshop.com\/pt\/wp-json\/wp\/v2\/media?parent=5213"}],"wp:term":[{"taxonomy":"product_brand","embeddable":true,"href":"https:\/\/www.bananatreeshop.com\/pt\/wp-json\/wp\/v2\/product_brand?post=5213"},{"taxonomy":"product_cat","embeddable":true,"href":"https:\/\/www.bananatreeshop.com\/pt\/wp-json\/wp\/v2\/product_cat?post=5213"},{"taxonomy":"product_tag","embeddable":true,"href":"https:\/\/www.bananatreeshop.com\/pt\/wp-json\/wp\/v2\/product_tag?post=5213"}],"curies":[{"name":"wp","href":"https:\/\/api.w.org\/{rel}","templated":true}]}}