{"id":52535,"date":"2025-07-18T02:00:55","date_gmt":"2025-07-18T02:00:55","guid":{"rendered":"https:\/\/www.bananatreeshop.com\/?post_type=product&#038;p=52535"},"modified":"2026-04-04T09:04:54","modified_gmt":"2026-04-04T09:04:54","slug":"mob-red-thong-size-l","status":"publish","type":"product","link":"https:\/\/www.bananatreeshop.com\/pt\/produto\/mob-red-thong-size-l\/","title":{"rendered":"MOB &#8211; TANGA ROJO TALLA S"},"content":{"rendered":"<p>Luce desde cualquier \u00e1ngulo. El atuendo perfecto para tus noches especiales. Un dise\u00f1o fabuloso que atraer\u00e1 todas las miradas, d\u00e1ndote total libertad para lucir esos mo\u00f1os perfectos y levantados a tu ser querido. La suave tela de primera calidad proporciona un tacto sedoso y realza tu experiencia. Los finos tirantes en V, que permiten una visibilidad perfecta desde atr\u00e1s, hacen que la vista sea a\u00fan m\u00e1s atractiva. Una c\u00f3moda bolsa expuesta para mantener tu paquete c\u00f3modo y acogedor, con una cobertura m\u00ednima. La tela suave de primera calidad proporciona un tacto sedoso y suave, haciendo que tu experiencia sea a\u00fan m\u00e1s especial.<\/p>\n<p><u><strong>Material<\/strong><\/u><\/p>\n<ul>\n<li>80 % nailon<\/li>\n<li>20 % licra<\/li>\n<\/ul>\n<p>\u00a0<\/p>\n<p><u><strong>Acerca de la marca<\/strong><\/u><\/p>\n<p>MaleBasics se fund\u00f3 en 2003 con la necesidad de ofrecer a los hombres la marca perfecta para cualquier tipo de ropa interior que prefieran. Desde ropa deportiva hasta tangas, pasando por calzoncillos sexys y trajes de ba\u00f1o; todas las opciones que un hombre podr\u00eda desear. No solo las mujeres quieren lucir bien en ropa interior. MaleBasics entiende que los hombres quieren verse sexys y seguros con su ropa interior. Al ofrecer una amplia selecci\u00f3n, la marca se asegura de que puedan lograr precisamente eso. Desde los c\u00f3modos calzoncillos tipo b\u00f3xer hasta las tangas o tangas que se ajustan al cuerpo; los hombres tienen una variedad de opciones para vestirse para cualquier ocasi\u00f3n.<\/p>","protected":false},"excerpt":{"rendered":"<p>MOB &#8211; RED THONG SIZE L<\/p>","protected":false},"featured_media":87368,"comment_status":"open","ping_status":"closed","template":"","meta":{"_eb_attr":""},"product_brand":[],"product_cat":[1279,1191,1454],"product_tag":[],"class_list":{"0":"post-52535","1":"product","2":"type-product","3":"status-publish","4":"has-post-thumbnail","6":"product_cat-moda-lencerialenceria-hombre","7":"product_cat-moda-lenceria","8":"product_cat-moda-lencerialenceria-hombretangas","9":"pa_talla-l","10":"pa_talla-m","11":"pa_talla-s","12":"pa_talla-xl","13":"yith_product_brand-mob","15":"first","16":"instock","17":"taxable","18":"shipping-taxable","19":"purchasable","20":"product-type-variable","21":"has-default-attributes"},"_links":{"self":[{"href":"https:\/\/www.bananatreeshop.com\/pt\/wp-json\/wp\/v2\/product\/52535","targetHints":{"allow":["GET"]}}],"collection":[{"href":"https:\/\/www.bananatreeshop.com\/pt\/wp-json\/wp\/v2\/product"}],"about":[{"href":"https:\/\/www.bananatreeshop.com\/pt\/wp-json\/wp\/v2\/types\/product"}],"replies":[{"embeddable":true,"href":"https:\/\/www.bananatreeshop.com\/pt\/wp-json\/wp\/v2\/comments?post=52535"}],"wp:featuredmedia":[{"embeddable":true,"href":"https:\/\/www.bananatreeshop.com\/pt\/wp-json\/wp\/v2\/media\/87368"}],"wp:attachment":[{"href":"https:\/\/www.bananatreeshop.com\/pt\/wp-json\/wp\/v2\/media?parent=52535"}],"wp:term":[{"taxonomy":"product_brand","embeddable":true,"href":"https:\/\/www.bananatreeshop.com\/pt\/wp-json\/wp\/v2\/product_brand?post=52535"},{"taxonomy":"product_cat","embeddable":true,"href":"https:\/\/www.bananatreeshop.com\/pt\/wp-json\/wp\/v2\/product_cat?post=52535"},{"taxonomy":"product_tag","embeddable":true,"href":"https:\/\/www.bananatreeshop.com\/pt\/wp-json\/wp\/v2\/product_tag?post=52535"}],"curies":[{"name":"wp","href":"https:\/\/api.w.org\/{rel}","templated":true}]}}