{"id":52565,"date":"2025-07-18T02:01:11","date_gmt":"2025-07-18T02:01:11","guid":{"rendered":"https:\/\/www.bananatreeshop.com\/?post_type=product&#038;p=52565"},"modified":"2026-04-04T10:01:03","modified_gmt":"2026-04-04T10:01:03","slug":"mob-red-tear-shaped-thong-size-l-xl","status":"publish","type":"product","link":"https:\/\/www.bananatreeshop.com\/pt\/produto\/mob-red-tear-shaped-thong-size-l-xl\/","title":{"rendered":"MOB &#8211; TANGA ROJO CON FORMA DE LAGRIMA TALLA S\/M"},"content":{"rendered":"<p>Si disfrutas de la sensaci\u00f3n de no llevar ropa interior y te encanta sentirte libre y relajada, el tanga negro MOB Erotic wear Tear Drop es perfecto para ti. Este tanga permite que tu pareja disfrute de lo que ofreces, y desde el primer momento estar\u00e1s a la vista de todos. Este tanga pondr\u00e1 a tu pareja a mil en segundos, \u00a1as\u00ed que ten cuidado con las consecuencias! La estrecha cintura el\u00e1stica da paso a una forma de l\u00e1grima, tambi\u00e9n de el\u00e1stico estrecho, que enmarca y realza tus joyas de la corona, convirti\u00e9ndolas en la atracci\u00f3n m\u00e1s sensual. La parte trasera tambi\u00e9n te deja expuesta a los elementos, con la tanga en forma de T que se ajusta perfectamente entre tus gl\u00fateos. El suave material de lycra los hace extremadamente c\u00f3modos.<\/p>\n<p><u><strong>Material<\/strong><\/u><\/p>\n<ul>\n<li>85% Nailon<\/li>\n<li>15% Spandex<\/li>\n<\/ul>\n<p>\u00a0<\/p>\n<p><u><strong>Acerca de la Marca<\/strong><\/u><\/p>\n<p>MaleBasics se fund\u00f3 en 2003 con la necesidad de ofrecer a los hombres la marca perfecta para cualquier tipo de ropa interior que prefieran. Desde ropa deportiva hasta tangas, pasando por calzoncillos sexys y trajes de ba\u00f1o; todas las opciones que un hombre podr\u00eda desear. No solo las mujeres quieren lucir bien en ropa interior. MaleBasics entiende que los hombres quieren verse sexys y seguros con su ropa interior. Al ofrecer una amplia selecci\u00f3n, la marca se asegura de que puedan lograr precisamente eso. Desde los c\u00f3modos calzoncillos tipo b\u00f3xer hasta las tangas o tangas que se ajustan al cuerpo; Los hombres tienen una variedad de opciones para vestirse para cualquier ocasi\u00f3n.<\/p>","protected":false},"excerpt":{"rendered":"<p>MOB &#8211; RED TEAR-SHAPED THONG SIZE L\/XL<\/p>","protected":false},"featured_media":87421,"comment_status":"open","ping_status":"closed","template":"","meta":{"_eb_attr":""},"product_brand":[],"product_cat":[1279,1191,1454],"product_tag":[],"class_list":{"0":"post-52565","1":"product","2":"type-product","3":"status-publish","4":"has-post-thumbnail","6":"product_cat-moda-lencerialenceria-hombre","7":"product_cat-moda-lenceria","8":"product_cat-moda-lencerialenceria-hombretangas","9":"pa_talla-l-xl","10":"pa_talla-s-m","11":"yith_product_brand-mob","13":"first","14":"instock","15":"taxable","16":"shipping-taxable","17":"purchasable","18":"product-type-variable","19":"has-default-attributes"},"_links":{"self":[{"href":"https:\/\/www.bananatreeshop.com\/pt\/wp-json\/wp\/v2\/product\/52565","targetHints":{"allow":["GET"]}}],"collection":[{"href":"https:\/\/www.bananatreeshop.com\/pt\/wp-json\/wp\/v2\/product"}],"about":[{"href":"https:\/\/www.bananatreeshop.com\/pt\/wp-json\/wp\/v2\/types\/product"}],"replies":[{"embeddable":true,"href":"https:\/\/www.bananatreeshop.com\/pt\/wp-json\/wp\/v2\/comments?post=52565"}],"wp:featuredmedia":[{"embeddable":true,"href":"https:\/\/www.bananatreeshop.com\/pt\/wp-json\/wp\/v2\/media\/87421"}],"wp:attachment":[{"href":"https:\/\/www.bananatreeshop.com\/pt\/wp-json\/wp\/v2\/media?parent=52565"}],"wp:term":[{"taxonomy":"product_brand","embeddable":true,"href":"https:\/\/www.bananatreeshop.com\/pt\/wp-json\/wp\/v2\/product_brand?post=52565"},{"taxonomy":"product_cat","embeddable":true,"href":"https:\/\/www.bananatreeshop.com\/pt\/wp-json\/wp\/v2\/product_cat?post=52565"},{"taxonomy":"product_tag","embeddable":true,"href":"https:\/\/www.bananatreeshop.com\/pt\/wp-json\/wp\/v2\/product_tag?post=52565"}],"curies":[{"name":"wp","href":"https:\/\/api.w.org\/{rel}","templated":true}]}}