{"id":52605,"date":"2025-07-18T02:00:43","date_gmt":"2025-07-18T02:00:43","guid":{"rendered":"https:\/\/www.bananatreeshop.com\/?post_type=product&#038;p=52605"},"modified":"2026-04-04T09:04:28","modified_gmt":"2026-04-04T09:04:28","slug":"mob-pink-lace-boxer-size-l-xl","status":"publish","type":"product","link":"https:\/\/www.bananatreeshop.com\/pt\/produto\/mob-pink-lace-boxer-size-l-xl\/","title":{"rendered":"MOB &#8211; BOXER ENCAJE ROSA TALLA S\/M"},"content":{"rendered":"<p>Los boxer de de encaje\u00a0\u00a0son para los hombres modernos que disfrutan de las cosas buenas de la vida y quieren verse y sentirse sexys. El sutil encaje transparente con bordado de rosas deja la sensaci\u00f3n justa para despertar la imaginaci\u00f3n y volver loca a tu pareja.<\/p>\n<p><u><em><strong>Material<\/strong><\/em><\/u><\/p>\n<ul>\n<li>85% Nailon<\/li>\n<li>15% Spandex<\/li>\n<\/ul>\n<p>\u00a0<\/p>\n<p><u><strong>Acerca de la marca<\/strong><\/u><\/p>\n<p>MaleBasics se fund\u00f3 en 2003 con la necesidad de ofrecer a los hombres la marca perfecta para cualquier tipo de ropa interior que prefieran. Desde ropa deportiva hasta tangas, pasando por calzoncillos sexys y trajes de ba\u00f1o; todo lo que un hombre podr\u00eda desear. No solo las mujeres quieren lucir bien en ropa interior. MaleBasics entiende que los hombres buscan verse sexys y seguros con su ropa interior. Al ofrecer una amplia selecci\u00f3n, la marca garantiza que puedan lograrlo. Desde los c\u00f3modos b\u00f3xers hasta las tangas o tangas que se ajustan al cuerpo; los hombres tienen una amplia gama de opciones para vestirse en cualquier ocasi\u00f3n.<\/p>","protected":false},"excerpt":{"rendered":"<p>MOB &#8211; PINK LACE BOXER SIZE L\/XL<\/p>","protected":false},"featured_media":87324,"comment_status":"open","ping_status":"closed","template":"","meta":{"_eb_attr":""},"product_brand":[],"product_cat":[1282,1279,1191],"product_tag":[],"class_list":{"0":"post-52605","1":"product","2":"type-product","3":"status-publish","4":"has-post-thumbnail","6":"product_cat-moda-lencerialenceria-hombreboxers","7":"product_cat-moda-lencerialenceria-hombre","8":"product_cat-moda-lenceria","9":"pa_talla-l-xl","10":"pa_talla-s-m","11":"yith_product_brand-mob","13":"first","14":"instock","15":"taxable","16":"shipping-taxable","17":"purchasable","18":"product-type-variable","19":"has-default-attributes"},"_links":{"self":[{"href":"https:\/\/www.bananatreeshop.com\/pt\/wp-json\/wp\/v2\/product\/52605","targetHints":{"allow":["GET"]}}],"collection":[{"href":"https:\/\/www.bananatreeshop.com\/pt\/wp-json\/wp\/v2\/product"}],"about":[{"href":"https:\/\/www.bananatreeshop.com\/pt\/wp-json\/wp\/v2\/types\/product"}],"replies":[{"embeddable":true,"href":"https:\/\/www.bananatreeshop.com\/pt\/wp-json\/wp\/v2\/comments?post=52605"}],"wp:featuredmedia":[{"embeddable":true,"href":"https:\/\/www.bananatreeshop.com\/pt\/wp-json\/wp\/v2\/media\/87324"}],"wp:attachment":[{"href":"https:\/\/www.bananatreeshop.com\/pt\/wp-json\/wp\/v2\/media?parent=52605"}],"wp:term":[{"taxonomy":"product_brand","embeddable":true,"href":"https:\/\/www.bananatreeshop.com\/pt\/wp-json\/wp\/v2\/product_brand?post=52605"},{"taxonomy":"product_cat","embeddable":true,"href":"https:\/\/www.bananatreeshop.com\/pt\/wp-json\/wp\/v2\/product_cat?post=52605"},{"taxonomy":"product_tag","embeddable":true,"href":"https:\/\/www.bananatreeshop.com\/pt\/wp-json\/wp\/v2\/product_tag?post=52605"}],"curies":[{"name":"wp","href":"https:\/\/api.w.org\/{rel}","templated":true}]}}