{"id":52615,"date":"2025-07-18T02:01:34","date_gmt":"2025-07-18T02:01:34","guid":{"rendered":"https:\/\/www.bananatreeshop.com\/?post_type=product&#038;p=52615"},"modified":"2026-04-04T10:01:47","modified_gmt":"2026-04-04T10:01:47","slug":"mob-red-lace-thong-size-l-xl","status":"publish","type":"product","link":"https:\/\/www.bananatreeshop.com\/pt\/produto\/mob-red-lace-thong-size-l-xl\/","title":{"rendered":"MOB &#8211; TANGA DE ENCAJE ROJO TALLA S\/M"},"content":{"rendered":"<p>Absolutamente travieso, pero siempre bonito, este tanga de encaje de dise\u00f1o MOB es lo \u00faltimo en ropa er\u00f3tica. Su suave encaje de nailon y licra realza tus mejores atributos, y su dise\u00f1o atrevido y sexy es sin duda un extra para el paquete sorpresa. Ya sea que tengas planes para una noche er\u00f3tica o simplemente te sientas un poco travieso y quieras guardar tu secreto, este tanga de encaje te alegrar\u00e1 el d\u00eda.<\/p>\n<p><u><em><strong>Especificaciones<\/strong><\/em><\/u><\/p>\n<ul>\n<li>Material: 80 % nailon  20 % licra<\/li>\n<\/ul>\n<p><u><strong>Acerca de la marca<\/strong><\/u><\/p>\n<p>MaleBasics se fund\u00f3 en 2003 con la necesidad de ofrecer a los hombres la marca perfecta para cualquier tipo de ropa interior que prefieran. Desde ropa deportiva hasta tangas, pasando por calzoncillos sexys y trajes de ba\u00f1o; todo lo que un hombre podr\u00eda desear. No solo las mujeres quieren lucir bien en ropa interior. MaleBasics entiende que los hombres quieren verse sexys y seguros en su ropa interior. Al ofrecer una amplia selecci\u00f3n, la marca se asegura de que puedan lograr precisamente eso. Desde los c\u00f3modos b\u00f3xers hasta las tangas o tangas que se ajustan al cuerpo; los hombres tienen una amplia gama de opciones para vestirse para cualquier ocasi\u00f3n.<\/p>","protected":false},"excerpt":{"rendered":"<p>MOB &#8211; RED LACE THONG SIZE L\/XL<\/p>","protected":false},"featured_media":87503,"comment_status":"open","ping_status":"closed","template":"","meta":{"_eb_attr":""},"product_brand":[],"product_cat":[1279,1191,1454],"product_tag":[],"class_list":{"0":"post-52615","1":"product","2":"type-product","3":"status-publish","4":"has-post-thumbnail","6":"product_cat-moda-lencerialenceria-hombre","7":"product_cat-moda-lenceria","8":"product_cat-moda-lencerialenceria-hombretangas","9":"pa_talla-l-xl","10":"pa_talla-s-m","11":"yith_product_brand-mob","13":"first","14":"instock","15":"taxable","16":"shipping-taxable","17":"product-type-variable","18":"has-default-attributes"},"_links":{"self":[{"href":"https:\/\/www.bananatreeshop.com\/pt\/wp-json\/wp\/v2\/product\/52615","targetHints":{"allow":["GET"]}}],"collection":[{"href":"https:\/\/www.bananatreeshop.com\/pt\/wp-json\/wp\/v2\/product"}],"about":[{"href":"https:\/\/www.bananatreeshop.com\/pt\/wp-json\/wp\/v2\/types\/product"}],"replies":[{"embeddable":true,"href":"https:\/\/www.bananatreeshop.com\/pt\/wp-json\/wp\/v2\/comments?post=52615"}],"wp:featuredmedia":[{"embeddable":true,"href":"https:\/\/www.bananatreeshop.com\/pt\/wp-json\/wp\/v2\/media\/87503"}],"wp:attachment":[{"href":"https:\/\/www.bananatreeshop.com\/pt\/wp-json\/wp\/v2\/media?parent=52615"}],"wp:term":[{"taxonomy":"product_brand","embeddable":true,"href":"https:\/\/www.bananatreeshop.com\/pt\/wp-json\/wp\/v2\/product_brand?post=52615"},{"taxonomy":"product_cat","embeddable":true,"href":"https:\/\/www.bananatreeshop.com\/pt\/wp-json\/wp\/v2\/product_cat?post=52615"},{"taxonomy":"product_tag","embeddable":true,"href":"https:\/\/www.bananatreeshop.com\/pt\/wp-json\/wp\/v2\/product_tag?post=52615"}],"curies":[{"name":"wp","href":"https:\/\/api.w.org\/{rel}","templated":true}]}}