{"id":52627,"date":"2025-07-18T02:01:39","date_gmt":"2025-07-18T02:01:39","guid":{"rendered":"https:\/\/www.bananatreeshop.com\/?post_type=product&#038;p=52627"},"modified":"2026-04-15T14:32:17","modified_gmt":"2026-04-15T14:32:17","slug":"mob-black-elephant-thong-one-size","status":"publish","type":"product","link":"https:\/\/www.bananatreeshop.com\/pt\/produto\/mob-black-elephant-thong-one-size\/","title":{"rendered":"MOB &#8211; TANGA ELEFANTE NEGRO TALLA \u00daNICA"},"content":{"rendered":"<p>Sum\u00e9rgete en un mundo de sofisticaci\u00f3n y diversi\u00f3n con la tanga MOB Elephant. Esta tanga de dise\u00f1o \u00fanico presenta una ingeniosa cabeza de elefante, convirtiendo tu ropa interior de diario en una pieza audaz. Si bien su dise\u00f1o caprichoso capta la atenci\u00f3n, la historia subyacente de su creaci\u00f3n resuena con valores. Concebida en estudios de dise\u00f1o de Canad\u00e1 y hecha realidad en Colombia, Sudam\u00e9rica, esta pieza celebra la artesan\u00eda internacional. La mezcla de poli\u00e9ster y licra de alta calidad garantiza un ajuste perfecto, adapt\u00e1ndose a diferentes contornos corporales y ofreciendo una comodidad inigualable. Lo que realmente distingue a esta tanga es su proceso de fabricaci\u00f3n \u00e9tico. Orgullosamente elaborada por mujeres colombianas, las principales proveedoras de sus hogares, cada puntada cuenta una historia de empoderamiento y resiliencia. Adem\u00e1s, al ser producida con energ\u00eda renovable, es una opci\u00f3n que representa tanto estilo como sostenibilidad. El tanga MOB Elephant te invita a abrazar la fantas\u00eda y la moda vanguardista.<\/p>\n<p>\u00a0<\/p>\n<p><u><strong>Acerca de la marca<\/strong><\/u><\/p>\n<p>MaleBasics se fund\u00f3 en 2003 con la necesidad de ofrecer a los hombres la marca perfecta para cualquier tipo de ropa interior que prefieran. Desde ropa deportiva hasta tangas, pasando por calzoncillos sexys y trajes de ba\u00f1o; todas las opciones que un hombre podr\u00eda desear. No solo las mujeres quieren lucir bien en ropa interior. MaleBasics entiende que los hombres quieren verse sexys y seguros con su ropa interior. Al ofrecer una amplia selecci\u00f3n, la marca se asegura de que puedan lograr precisamente eso. Desde los c\u00f3modos calzoncillos tipo b\u00f3xer hasta las tangas o tangas que se ajustan al cuerpo; los hombres tienen una amplia gama de opciones para vestirse para cualquier ocasi\u00f3n.<\/p>\n<p>\u00a0<\/p>","protected":false},"excerpt":{"rendered":"<p>MOB &#8211; BLACK ELEPHANT THONG ONE SIZE<\/p>","protected":false},"featured_media":87519,"comment_status":"open","ping_status":"closed","template":"","meta":{"_eb_attr":""},"product_brand":[],"product_cat":[1279,1191,1454],"product_tag":[],"class_list":{"0":"post-52627","1":"product","2":"type-product","3":"status-publish","4":"has-post-thumbnail","6":"product_cat-moda-lencerialenceria-hombre","7":"product_cat-moda-lenceria","8":"product_cat-moda-lencerialenceria-hombretangas","9":"yith_product_brand-mob","11":"first","12":"outofstock","13":"taxable","14":"shipping-taxable","15":"purchasable","16":"product-type-simple"},"_links":{"self":[{"href":"https:\/\/www.bananatreeshop.com\/pt\/wp-json\/wp\/v2\/product\/52627","targetHints":{"allow":["GET"]}}],"collection":[{"href":"https:\/\/www.bananatreeshop.com\/pt\/wp-json\/wp\/v2\/product"}],"about":[{"href":"https:\/\/www.bananatreeshop.com\/pt\/wp-json\/wp\/v2\/types\/product"}],"replies":[{"embeddable":true,"href":"https:\/\/www.bananatreeshop.com\/pt\/wp-json\/wp\/v2\/comments?post=52627"}],"wp:featuredmedia":[{"embeddable":true,"href":"https:\/\/www.bananatreeshop.com\/pt\/wp-json\/wp\/v2\/media\/87519"}],"wp:attachment":[{"href":"https:\/\/www.bananatreeshop.com\/pt\/wp-json\/wp\/v2\/media?parent=52627"}],"wp:term":[{"taxonomy":"product_brand","embeddable":true,"href":"https:\/\/www.bananatreeshop.com\/pt\/wp-json\/wp\/v2\/product_brand?post=52627"},{"taxonomy":"product_cat","embeddable":true,"href":"https:\/\/www.bananatreeshop.com\/pt\/wp-json\/wp\/v2\/product_cat?post=52627"},{"taxonomy":"product_tag","embeddable":true,"href":"https:\/\/www.bananatreeshop.com\/pt\/wp-json\/wp\/v2\/product_tag?post=52627"}],"curies":[{"name":"wp","href":"https:\/\/api.w.org\/{rel}","templated":true}]}}