{"id":52633,"date":"2025-07-18T02:01:43","date_gmt":"2025-07-18T02:01:43","guid":{"rendered":"https:\/\/www.bananatreeshop.com\/?post_type=product&#038;p=52633"},"modified":"2026-04-04T10:02:05","modified_gmt":"2026-04-04T10:02:05","slug":"mob-black-microfiber-v-string-size-l-xl","status":"publish","type":"product","link":"https:\/\/www.bananatreeshop.com\/pt\/produto\/mob-black-microfiber-v-string-size-l-xl\/","title":{"rendered":"MOB &#8211; V-STRING DE MICROFIBRA NEGRA TALLA S\/M"},"content":{"rendered":"<p>La tanga MOB Microfiber V-Thong es c\u00f3moda para el uso diario y evita arrugas y pliegues bajo la ropa. Su material de microfibra, ultrasuave y transpirable, la hace perfecta para usar durante el entrenamiento en el gimnasio o en la playa. La parte trasera de la tanga tiene forma de V. La bolsa frontal ofrece mayor realce, comodidad y soporte para tus partes m\u00e1s preciadas. La combinaci\u00f3n de 78 % nailon y 22 % elastano la hace muy suave y flexible.<\/p>\n<p>\u00a0<\/p>\n<p><u><strong>Acerca de la marca<\/strong><\/u><\/p>\n<p>MaleBasics se fund\u00f3 en 2003 con la necesidad de ofrecer a los hombres la marca perfecta para cualquier tipo de ropa interior que prefieran. Desde ropa deportiva hasta tangas, pasando por calzoncillos sexys y trajes de ba\u00f1o; todo lo que un hombre podr\u00eda desear. No solo las mujeres quieren lucir bien en ropa interior. MaleBasics entiende que los hombres buscan verse sexys y seguros con su ropa interior. Al ofrecer una amplia selecci\u00f3n, la marca garantiza que puedan lograrlo. Desde los c\u00f3modos b\u00f3xers hasta las tangas o tangas que se ajustan al cuerpo, los hombres tienen una amplia gama de opciones para vestirse en cualquier ocasi\u00f3n.<\/p>","protected":false},"excerpt":{"rendered":"<p>MOB &#8211; BLACK MICROFIBER V-STRING SIZE L\/XL<\/p>","protected":false},"featured_media":87531,"comment_status":"open","ping_status":"closed","template":"","meta":{"_eb_attr":""},"product_brand":[],"product_cat":[1279,1191,1454],"product_tag":[],"class_list":{"0":"post-52633","1":"product","2":"type-product","3":"status-publish","4":"has-post-thumbnail","6":"product_cat-moda-lencerialenceria-hombre","7":"product_cat-moda-lenceria","8":"product_cat-moda-lencerialenceria-hombretangas","9":"pa_talla-l-xl","10":"pa_talla-s-m","11":"yith_product_brand-mob","13":"first","14":"instock","15":"taxable","16":"shipping-taxable","17":"purchasable","18":"product-type-variable","19":"has-default-attributes"},"_links":{"self":[{"href":"https:\/\/www.bananatreeshop.com\/pt\/wp-json\/wp\/v2\/product\/52633","targetHints":{"allow":["GET"]}}],"collection":[{"href":"https:\/\/www.bananatreeshop.com\/pt\/wp-json\/wp\/v2\/product"}],"about":[{"href":"https:\/\/www.bananatreeshop.com\/pt\/wp-json\/wp\/v2\/types\/product"}],"replies":[{"embeddable":true,"href":"https:\/\/www.bananatreeshop.com\/pt\/wp-json\/wp\/v2\/comments?post=52633"}],"wp:featuredmedia":[{"embeddable":true,"href":"https:\/\/www.bananatreeshop.com\/pt\/wp-json\/wp\/v2\/media\/87531"}],"wp:attachment":[{"href":"https:\/\/www.bananatreeshop.com\/pt\/wp-json\/wp\/v2\/media?parent=52633"}],"wp:term":[{"taxonomy":"product_brand","embeddable":true,"href":"https:\/\/www.bananatreeshop.com\/pt\/wp-json\/wp\/v2\/product_brand?post=52633"},{"taxonomy":"product_cat","embeddable":true,"href":"https:\/\/www.bananatreeshop.com\/pt\/wp-json\/wp\/v2\/product_cat?post=52633"},{"taxonomy":"product_tag","embeddable":true,"href":"https:\/\/www.bananatreeshop.com\/pt\/wp-json\/wp\/v2\/product_tag?post=52633"}],"curies":[{"name":"wp","href":"https:\/\/api.w.org\/{rel}","templated":true}]}}