{"id":52641,"date":"2025-07-18T02:01:53","date_gmt":"2025-07-18T02:01:53","guid":{"rendered":"https:\/\/www.bananatreeshop.com\/?post_type=product&#038;p=52641"},"modified":"2026-04-04T10:02:26","modified_gmt":"2026-04-04T10:02:26","slug":"mob-transparent-red-t-shaped-thong-size-l-xl","status":"publish","type":"product","link":"https:\/\/www.bananatreeshop.com\/pt\/produto\/mob-transparent-red-t-shaped-thong-size-l-xl\/","title":{"rendered":"MOB &#8211; TANGA TRANSPARENTE CON FORMA DE T ROJO TALLA S\/M"},"content":{"rendered":"<p>La tanga transparente MOB para hombre es perfecta para una noche rom\u00e1ntica y atrevida. Espalda en forma de T, cobertura m\u00ednima y tejido transparente para m\u00e1xima visibilidad. Malla de tul: Nailon 95 % Spandex 5 %.<\/p>\n<p>\u00a0<\/p>\n<p><u><strong>Acerca de la marca<\/strong><\/u><\/p>\n<p>MaleBasics se fund\u00f3 en 2003 con la necesidad de ofrecer a los hombres la marca perfecta para cualquier tipo de ropa interior que prefieran. Desde ropa deportiva hasta tangas, pasando por calzoncillos sexys y trajes de ba\u00f1o; todo lo que un hombre podr\u00eda desear. No solo las mujeres quieren lucir bien en ropa interior. MaleBasics entiende que los hombres quieren verse sexys y seguros con su ropa interior. Al ofrecer una amplia selecci\u00f3n, la marca se asegura de que puedan lograr precisamente eso. Desde los c\u00f3modos calzoncillos tipo b\u00f3xer hasta las tangas o tangas que se ajustan al cuerpo; Los hombres tienen una amplia gama de opciones para vestirse en cualquier ocasi\u00f3n.<\/p>\n<p>\u00a0<\/p>","protected":false},"excerpt":{"rendered":"<p>MOB &#8211; TRANSPARENT RED T-SHAPED THONG SIZE L\/XL<\/p>","protected":false},"featured_media":87566,"comment_status":"open","ping_status":"closed","template":"","meta":{"_eb_attr":""},"product_brand":[],"product_cat":[1279,1191,1454],"product_tag":[],"class_list":{"0":"post-52641","1":"product","2":"type-product","3":"status-publish","4":"has-post-thumbnail","6":"product_cat-moda-lencerialenceria-hombre","7":"product_cat-moda-lenceria","8":"product_cat-moda-lencerialenceria-hombretangas","9":"pa_talla-l-xl","10":"pa_talla-s-m","11":"yith_product_brand-mob","13":"first","14":"instock","15":"taxable","16":"shipping-taxable","17":"purchasable","18":"product-type-variable","19":"has-default-attributes"},"_links":{"self":[{"href":"https:\/\/www.bananatreeshop.com\/pt\/wp-json\/wp\/v2\/product\/52641","targetHints":{"allow":["GET"]}}],"collection":[{"href":"https:\/\/www.bananatreeshop.com\/pt\/wp-json\/wp\/v2\/product"}],"about":[{"href":"https:\/\/www.bananatreeshop.com\/pt\/wp-json\/wp\/v2\/types\/product"}],"replies":[{"embeddable":true,"href":"https:\/\/www.bananatreeshop.com\/pt\/wp-json\/wp\/v2\/comments?post=52641"}],"wp:featuredmedia":[{"embeddable":true,"href":"https:\/\/www.bananatreeshop.com\/pt\/wp-json\/wp\/v2\/media\/87566"}],"wp:attachment":[{"href":"https:\/\/www.bananatreeshop.com\/pt\/wp-json\/wp\/v2\/media?parent=52641"}],"wp:term":[{"taxonomy":"product_brand","embeddable":true,"href":"https:\/\/www.bananatreeshop.com\/pt\/wp-json\/wp\/v2\/product_brand?post=52641"},{"taxonomy":"product_cat","embeddable":true,"href":"https:\/\/www.bananatreeshop.com\/pt\/wp-json\/wp\/v2\/product_cat?post=52641"},{"taxonomy":"product_tag","embeddable":true,"href":"https:\/\/www.bananatreeshop.com\/pt\/wp-json\/wp\/v2\/product_tag?post=52641"}],"curies":[{"name":"wp","href":"https:\/\/api.w.org\/{rel}","templated":true}]}}