{"id":52654,"date":"2025-07-18T00:01:53","date_gmt":"2025-07-18T00:01:53","guid":{"rendered":"https:\/\/www.bananatreeshop.com\/?post_type=product&#038;p=52654"},"modified":"2026-04-04T09:03:13","modified_gmt":"2026-04-04T09:03:13","slug":"mob-classic-stripe-white-jock-size-l","status":"publish","type":"product","link":"https:\/\/www.bananatreeshop.com\/pt\/produto\/mob-classic-stripe-white-jock-size-l\/","title":{"rendered":"MOB &#8211; JOCK CLASICO STRIPE BLANCO TALLA S"},"content":{"rendered":"<p>Libera tu lado m\u00e1s salvaje con el suspensorio cl\u00e1sico premium MOB Stripe, la prenda interior perfecta para quienes llevan una vida activa y buscan ropa interior que les siga el ritmo. Dise\u00f1ado para lucir tus partes m\u00e1s atractivas, manteni\u00e9ndote c\u00f3modo y bien protegido. Cada uno tiene una combinaci\u00f3n de colores pensada para despertar tus pensamientos y fantas\u00edas m\u00e1s secretas, transmiti\u00e9ndolas a cualquier actividad. La bolsa est\u00e1 hecha de tela de algod\u00f3n premium, dise\u00f1ada para brindar m\u00e1xima comodidad y circulaci\u00f3n de aire a tus partes \u00edntimas. La cinturilla el\u00e1stica es de nailon. Las correas est\u00e1n hechas de goma resistente, dise\u00f1adas para durar sin importar la actividad que realices.<\/p>\n<p>\u00a0<\/p>\n<p><u><strong>Acerca de la marca<\/strong><\/u><\/p>\n<p>MaleBasics se fund\u00f3 en 2003 con la necesidad de ofrecer a los hombres la marca perfecta para cualquier tipo de ropa interior que prefieran. Desde ropa deportiva hasta tangas, pasando por calzoncillos sexys y trajes de ba\u00f1o; Todas las opciones que un hombre podr\u00eda desear. No solo las mujeres quieren lucir bien en ropa interior. MaleBasics entiende que los hombres quieren verse sexys y seguros en su ropa interior. Al ofrecer una amplia selecci\u00f3n, la marca se asegura de que puedan lograr precisamente eso. Desde los c\u00f3modos b\u00f3xers hasta las tangas o tangas ce\u00f1idas; los hombres tienen una amplia gama de opciones para vestirse en cualquier ocasi\u00f3n.<\/p>","protected":false},"excerpt":{"rendered":"<p>MOB &#8211; CLASSIC STRIPE WHITE JOCK SIZE L<\/p>","protected":false},"featured_media":87189,"comment_status":"open","ping_status":"closed","template":"","meta":{"_eb_attr":""},"product_brand":[],"product_cat":[1279,1191],"product_tag":[],"class_list":{"0":"post-52654","1":"product","2":"type-product","3":"status-publish","4":"has-post-thumbnail","6":"product_cat-moda-lencerialenceria-hombre","7":"product_cat-moda-lenceria","8":"pa_talla-l","9":"pa_talla-m","10":"pa_talla-s","11":"pa_talla-xl","12":"pa_talla-xxl","13":"yith_product_brand-mob","15":"first","16":"instock","17":"taxable","18":"shipping-taxable","19":"purchasable","20":"product-type-variable","21":"has-default-attributes"},"_links":{"self":[{"href":"https:\/\/www.bananatreeshop.com\/pt\/wp-json\/wp\/v2\/product\/52654","targetHints":{"allow":["GET"]}}],"collection":[{"href":"https:\/\/www.bananatreeshop.com\/pt\/wp-json\/wp\/v2\/product"}],"about":[{"href":"https:\/\/www.bananatreeshop.com\/pt\/wp-json\/wp\/v2\/types\/product"}],"replies":[{"embeddable":true,"href":"https:\/\/www.bananatreeshop.com\/pt\/wp-json\/wp\/v2\/comments?post=52654"}],"wp:featuredmedia":[{"embeddable":true,"href":"https:\/\/www.bananatreeshop.com\/pt\/wp-json\/wp\/v2\/media\/87189"}],"wp:attachment":[{"href":"https:\/\/www.bananatreeshop.com\/pt\/wp-json\/wp\/v2\/media?parent=52654"}],"wp:term":[{"taxonomy":"product_brand","embeddable":true,"href":"https:\/\/www.bananatreeshop.com\/pt\/wp-json\/wp\/v2\/product_brand?post=52654"},{"taxonomy":"product_cat","embeddable":true,"href":"https:\/\/www.bananatreeshop.com\/pt\/wp-json\/wp\/v2\/product_cat?post=52654"},{"taxonomy":"product_tag","embeddable":true,"href":"https:\/\/www.bananatreeshop.com\/pt\/wp-json\/wp\/v2\/product_tag?post=52654"}],"curies":[{"name":"wp","href":"https:\/\/api.w.org\/{rel}","templated":true}]}}