{"id":52798,"date":"2025-07-13T03:01:35","date_gmt":"2025-07-13T03:01:35","guid":{"rendered":"https:\/\/www.bananatreeshop.com\/?post_type=product&#038;p=52798"},"modified":"2026-04-13T02:02:53","modified_gmt":"2026-04-13T02:02:53","slug":"electrastim-prestige-electromagnetic-metal-penis-ring-38-mm","status":"publish","type":"product","link":"https:\/\/www.bananatreeshop.com\/pt\/produto\/electrastim-prestige-electromagnetic-metal-penis-ring-38-mm\/","title":{"rendered":"ELECTRASTIM &#8211; PRESTIGE ANILLO ELECTROMAGN\u00c9TICO DE METAL PARA EL PENE 38 MM"},"content":{"rendered":"<p>Hechados con esmero en acero inoxidable quir\u00fargico 316 de alta resistencia, nuestros anillos electromagn\u00e9ticos met\u00e1licos Prestige representan lo mejor en juguetes sexuales el\u00e9ctricos.<\/p>\n<p>Disponibles en cinco tama\u00f1os diferentes para un ajuste perfecto, se pueden usar en cualquier parte del pene para disfrutar de la inconfundible emoci\u00f3n del electrosexo durante la masturbaci\u00f3n, los juegos previos y la penetraci\u00f3n. Cada anillo cuenta con una serie de orificios que retienen el gel electroconductor para una conductividad mejorada y m\u00e1s duradera que la de nuestros anillos de metal s\u00f3lido. Una sola entrada unipolar te permite usar cualquier otro electrodo unipolar junto con un solo anillo para el pene. Por qu\u00e9 no probar un anillo en la base del pene y otro debajo del frenillo para disfrutar de sensaciones completas?<\/p>\n<p>Cada paquete incluye un anillo. Necesitar\u00e1s conectar Prestige a un estimulador ElectraStim junto con un segundo electrodo unipolar (se vende por separado) para sentir las sensaciones descritas.<\/p>\n<p><u><em><strong>Especificaciones<\/strong><\/em><\/u>:<\/p>\n<ul>\n<li><strong>Di\u00e1metro interno:<\/strong><\/li>\n<li>34 mm \/ 1,3 pulgadas<\/li>\n<li>38 mm \/ 1,5 pulgadas<\/li>\n<li>42 mm \/ 1,7 pulgadas<\/li>\n<li>46 mm \/ 1,9 pulgadas<\/li>\n<li>50 mm \/ 2 pulgadas<\/li>\n<li><strong>Circunferencia<\/strong>:<\/li>\n<li>106 mm \/ 4,1 pulgadas<\/li>\n<li>119 mm \/ 4,7 pulgadas<\/li>\n<li>132 mm \/ 5,2 pulgadas<\/li>\n<li>145 mm \/ 5,7 pulgadas<\/li>\n<li>157 mm \/ 6,25 pulgadas<\/li>\n<li>Conexi\u00f3n: 2 mm<\/li>\n<li>Peso: 94-118 g<\/li>\n<li>Materiales: Fabricado en acero inoxidable 316 de grado m\u00e9dico de alta resistencia<\/li>\n<li>N\u00famero de polos: 1 (unipolar)<\/li>\n<\/ul>\n<p><u><em><strong>Qu\u00e9 es Incluye?<\/strong><\/em><\/u><\/p>\n<ul>\n<li>1 anillo electrol\u00edtico met\u00e1lico ElectraStim Prestige (varios tama\u00f1os disponibles)<\/li>\n<li>1 bolsa de microfibra con cord\u00f3n<\/li>\n<li>1 manual de instrucciones (EN\/FR\/DE\/NL\/ES\/IT)<\/li>\n<\/ul>","protected":false},"excerpt":{"rendered":"<p>ELECTRASTIM &#8211; PRESTIGE ELECTROMAGNETIC METAL PENIS RING 38 MM<\/p>","protected":false},"featured_media":72990,"comment_status":"open","ping_status":"closed","template":"","meta":{"_eb_attr":""},"product_brand":[],"product_cat":[1370,1355,258],"product_tag":[],"class_list":{"0":"post-52798","1":"product","2":"type-product","3":"status-publish","4":"has-post-thumbnail","6":"product_cat-bdsm-bondage-articulos-bdsmanillas-pene-metal-bdsm","7":"product_cat-bdsm-bondage-articulos-bdsm","8":"product_cat-bdsm-bondage","9":"yith_product_brand-electrastim","11":"first","12":"instock","13":"taxable","14":"shipping-taxable","15":"purchasable","16":"product-type-simple"},"_links":{"self":[{"href":"https:\/\/www.bananatreeshop.com\/pt\/wp-json\/wp\/v2\/product\/52798","targetHints":{"allow":["GET"]}}],"collection":[{"href":"https:\/\/www.bananatreeshop.com\/pt\/wp-json\/wp\/v2\/product"}],"about":[{"href":"https:\/\/www.bananatreeshop.com\/pt\/wp-json\/wp\/v2\/types\/product"}],"replies":[{"embeddable":true,"href":"https:\/\/www.bananatreeshop.com\/pt\/wp-json\/wp\/v2\/comments?post=52798"}],"wp:featuredmedia":[{"embeddable":true,"href":"https:\/\/www.bananatreeshop.com\/pt\/wp-json\/wp\/v2\/media\/72990"}],"wp:attachment":[{"href":"https:\/\/www.bananatreeshop.com\/pt\/wp-json\/wp\/v2\/media?parent=52798"}],"wp:term":[{"taxonomy":"product_brand","embeddable":true,"href":"https:\/\/www.bananatreeshop.com\/pt\/wp-json\/wp\/v2\/product_brand?post=52798"},{"taxonomy":"product_cat","embeddable":true,"href":"https:\/\/www.bananatreeshop.com\/pt\/wp-json\/wp\/v2\/product_cat?post=52798"},{"taxonomy":"product_tag","embeddable":true,"href":"https:\/\/www.bananatreeshop.com\/pt\/wp-json\/wp\/v2\/product_tag?post=52798"}],"curies":[{"name":"wp","href":"https:\/\/api.w.org\/{rel}","templated":true}]}}