{"id":52834,"date":"2025-07-16T20:01:44","date_gmt":"2025-07-16T20:01:44","guid":{"rendered":"https:\/\/www.bananatreeshop.com\/?post_type=product&#038;p=52834"},"modified":"2026-04-03T20:04:23","modified_gmt":"2026-04-03T20:04:23","slug":"chilirose-cr-4853-black-lace-dress-with-gloves-s-m","status":"publish","type":"product","link":"https:\/\/www.bananatreeshop.com\/pt\/produto\/chilirose-cr-4853-black-lace-dress-with-gloves-s-m\/","title":{"rendered":"CHILIROSE &#8211; CR 4853 VESTIDO NEGRO DE ENCAJE CON GUANTES S\/M"},"content":{"rendered":"<p><strong>CR 4853<\/strong><\/p>\n<p>Este top largo de encaje es la combinaci\u00f3n perfecta de sensualidad y elegancia. Confeccionado en delicado encaje floral, se adapta suavemente al cuerpo, realzando las curvas perfectas.<br \/>El estilo de hombros descubiertos con espalda abierta a\u00f1ade un toque de encanto, mientras que el cierre de gancho ajustable en el cuello garantiza un ajuste perfecto.<\/p>\n<p>Las divertidas aberturas laterales que llegan hasta las caderas a\u00f1aden un toque atrevido, ofreciendo intriga y libertad de movimiento, perfecto para causar una impresi\u00f3n impactante.<br \/>Unos elegantes guantes de encaje completan el look, aportando sofisticaci\u00f3n y misterio.<\/p>\n<p>Se incluye el tanga a juego, que complementa a la perfecci\u00f3n el top para un conjunto coordinado y seductor.<\/p>\n<p>Este top es la combinaci\u00f3n definitiva de clase, sensualidad y un toque de encanto divertido, ideal para veladas inolvidables.<\/p>\n<p>\u00a0<\/p>\n<p><strong>Hecho de: 90 % poliamida, 10 % elastano<\/strong><\/p>\n<p><strong>Disponible en tallas: S\/M y L\/XL<\/strong><\/p>\n<p>\u00a0<\/p>\n<p>La marca <strong>CHILIROSE <\/strong>fue creada en 2008 y nuestra misi\u00f3n es ofrecer lencer\u00eda sensual y excitante a nuestros clientes a un precio competitivo. Ahora, en 2022, despu\u00e9s de 14 a\u00f1os, somos una de las principales empresas de lencer\u00eda ex\u00f3tica y tenemos una gran colecci\u00f3n de ropa de dormir, vestidos, batas, cors\u00e9s, vestidos, ropa de discoteca y m\u00e1s. Nuestro estricto control de calidad garantiza a nuestros clientes la plena satisfacci\u00f3n y hace que vender sea un placer. Cuidamos especialmente la selecci\u00f3n de nuestros materiales y la mano de obra. Ofrecemos muchos estilos nuevos y fant\u00e1sticos con regularidad y esperamos sorprenderlo positivamente cada vez.<\/p>\n<table border=\"1\" cellpadding=\"0\" cellspacing=\"0\" width=\"832\">\n<tbody>\n<tr 1px=\"\" height=\"23\" solid=\"\" style=\"border:\">\n<td 1px=\"\" border:=\"\" class=\"xl72\" colspan=\"8\" height=\"23\" solid=\"\" style=\"text-align: center;\" width=\"832\"><b>GU\u00cdA DE TALLAS<\/b><\/td>\n<\/tr>\n<tr 1px=\"\" height=\"23\" solid=\"\" style=\"border:\">\n<td 1px=\"\" border:=\"\" class=\"xl73\" colspan=\"2\" height=\"23\" solid=\"\" style=\"text-align: center;\"><strong>TALLA<\/strong><\/td>\n<td 1px=\"\" border:=\"\" class=\"xl71\" solid=\"\" style=\"text-align: center;\" width=\"104\"><strong>S<\/strong><\/td>\n<td 1px=\"\" border:=\"\" class=\"xl71\" solid=\"\" style=\"text-align: center;\" width=\"104\"><strong>M<\/strong><\/td>\n<td 1px=\"\" border:=\"\" class=\"xl71\" solid=\"\" style=\"text-align: center;\" width=\"104\"><strong>L<\/strong><\/td>\n<td 1px=\"\" border:=\"\" class=\"xl71\" solid=\"\" style=\"text-align: center;\" width=\"104\"><strong>XL<\/strong><\/td>\n<td 1px=\"\" border:=\"\" class=\"xl71\" solid=\"\" style=\"text-align: center;\" width=\"104\"><strong>XXL<\/strong><\/td>\n<td 1px=\"\" border:=\"\" class=\"xl71\" solid=\"\" style=\"text-align: center;\" width=\"104\"><strong>S\/M\u00a0 \u00a0 L\/XL<\/strong><\/td>\n<\/tr>\n<tr>\n<td 1px=\"\" border:=\"\" class=\"xl74\" colspan=\"2\" height=\"23\" solid=\"\" style=\"text-align: center;\" width=\"208\"><strong>Pecho (cm)<\/strong><\/td>\n<td 1px=\"\" border:=\"\" class=\"xl72\" solid=\"\" style=\"text-align: center;\" width=\"104\">85-89<\/td>\n<td 1px=\"\" border:=\"\" class=\"xl72\" solid=\"\" style=\"text-align: center;\" width=\"104\">90-94<\/td>\n<td 1px=\"\" border:=\"\" class=\"xl71\" solid=\"\" style=\"text-align: center;\" width=\"104\">95-99<\/td>\n<td 1px=\"\" border:=\"\" class=\"xl71\" solid=\"\" style=\"text-align: center;\" width=\"104\">100-104<\/td>\n<td 1px=\"\" border:=\"\" class=\"xl71\" solid=\"\" style=\"text-align: center;\" width=\"104\">105-109<\/td>\n<td 1px=\"\" border:=\"\" class=\"xl71\" solid=\"\" style=\"text-align: center;\" width=\"104\">85-94  95-104<\/td>\n<\/tr>\n<tr>\n<td 1px=\"\" border:=\"\" class=\"xl74\" colspan=\"2\" height=\"23\" solid=\"\" style=\"text-align: center;\" width=\"208\"><strong>Bajo pecho (cm)<\/strong><\/td>\n<td 1px=\"\" border:=\"\" class=\"xl72\" solid=\"\" style=\"text-align: center;\" width=\"104\"><span -webkit-text-stroke-width:=\"background-color:=\" display:=\"float:=\" font-family:=\"\" font-size:=\"font-style:=\" font-variant-caps:=\"font-variant-ligatures:=\" font-weight:=\"inline=\" letter-spacing:=\"orphans:=\" style=\"color:\" text-align:=\"text-decoration-color:=\" text-decoration-style:=\"text-decoration-thickness:=\" text-indent:=\"text-transform:=\" trebuchet=\"white-space:=\" widows:=\"word-spacing:=\">69-72<\/span><\/td>\n<td 1px=\"\" border:=\"\" class=\"xl72\" solid=\"\" style=\"text-align: center;\" width=\"104\"><span -webkit-text-stroke-width:=\"background-color:=\" display:=\"float:=\" font-family:=\"\" font-size:=\"font-style:=\" font-variant-caps:=\"font-variant-ligatures:=\" font-weight:=\"inline=\" letter-spacing:=\"orphans:=\" style=\"color:\" text-align:=\"text-decoration-color:=\" text-decoration-style:=\"text-decoration-thickness:=\" text-indent:=\"text-transform:=\" trebuchet=\"white-space:=\" widows:=\"word-spacing:=\">73-77<\/span><\/td>\n<td 1px=\"\" border:=\"\" class=\"xl71\" solid=\"\" style=\"text-align: center;\" width=\"104\"><span -webkit-text-stroke-width:=\"background-color:=\" display:=\"float:=\" font-family:=\"\" font-size:=\"font-style:=\" font-variant-caps:=\"font-variant-ligatures:=\" font-weight:=\"inline=\" letter-spacing:=\"orphans:=\" style=\"color:\" text-align:=\"text-decoration-color:=\" text-decoration-style:=\"text-decoration-thickness:=\" text-indent:=\"text-transform:=\" trebuchet=\"white-space:=\" widows:=\"word-spacing:=\">78-81<\/span><\/td>\n<td 1px=\"\" border:=\"\" class=\"xl71\" solid=\"\" style=\"text-align: center;\" width=\"104\"><span -webkit-text-stroke-width:=\"background-color:=\" display:=\"float:=\" font-family:=\"\" font-size:=\"font-style:=\" font-variant-caps:=\"font-variant-ligatures:=\" font-weight:=\"inline=\" letter-spacing:=\"orphans:=\" style=\"color:\" text-align:=\"text-decoration-color:=\" text-decoration-style:=\"text-decoration-thickness:=\" text-indent:=\"text-transform:=\" trebuchet=\"white-space:=\" widows:=\"word-spacing:=\">82-86<\/span><\/td>\n<td 1px=\"\" border:=\"\" class=\"xl71\" solid=\"\" style=\"text-align: center;\" width=\"104\"><span -webkit-text-stroke-width:=\"background-color:=\" display:=\"float:=\" font-family:=\"\" font-size:=\"font-style:=\" font-variant-caps:=\"font-variant-ligatures:=\" font-weight:=\"inline=\" letter-spacing:=\"orphans:=\" style=\"color:\" text-align:=\"text-decoration-color:=\" text-decoration-style:=\"text-decoration-thickness:=\" text-indent:=\"text-transform:=\" trebuchet=\"white-space:=\" widows:=\"word-spacing:=\">87-90<\/span><\/td>\n<td 1px=\"\" border:=\"\" class=\"xl71\" solid=\"\" style=\"text-align: center;\" width=\"104\"><span -webkit-text-stroke-width:=\"background-color:=\" display:=\"float:=\" font-family:=\"\" font-size:=\"font-style:=\" font-variant-caps:=\"font-variant-ligatures:=\" font-weight:=\"inline=\" letter-spacing:=\"orphans:=\" style=\"color:\" text-align:=\"text-decoration-color:=\" text-decoration-style:=\"text-decoration-thickness:=\" text-indent:=\"text-transform:=\" trebuchet=\"white-space:=\" widows:=\"word-spacing:=\">69-77\u00a0 \u00a0 78-86<\/span><\/td>\n<\/tr>\n<tr 1px=\"\" height=\"23\" solid=\"\" style=\"border:\">\n<td 1px=\"\" border:=\"\" class=\"xl74\" colspan=\"2\" height=\"23\" solid=\"\" style=\"text-align: center;\" width=\"208\"><strong>Cintura (cm)<\/strong><\/td>\n<td 1px=\"\" border:=\"\" class=\"xl72\" solid=\"\" style=\"text-align: center;\" width=\"104\">68-72<\/td>\n<td 1px=\"\" border:=\"\" class=\"xl72\" solid=\"\" style=\"text-align: center;\" width=\"104\">73-77<\/td>\n<td 1px=\"\" border:=\"\" class=\"xl71\" solid=\"\" style=\"text-align: center;\" width=\"104\">78-82<\/td>\n<td 1px=\"\" border:=\"\" class=\"xl71\" solid=\"\" style=\"text-align: center;\" width=\"104\">83-87<\/td>\n<td 1px=\"\" border:=\"\" class=\"xl71\" solid=\"\" style=\"text-align: center;\" width=\"104\">88-93<\/td>\n<td 1px=\"\" border:=\"\" class=\"xl71\" solid=\"\" style=\"text-align: center;\" width=\"104\">68-77\u00a0 \u00a0 78-87<\/td>\n<\/tr>\n<tr 1px=\"\" height=\"23\" solid=\"\" style=\"border:\">\n<td 1px=\"\" border:=\"\" class=\"xl74\" colspan=\"2\" height=\"23\" solid=\"\" style=\"text-align: center;\" width=\"208\"><strong>Caderas (cm)<\/strong><\/td>\n<td 1px=\"\" border:=\"\" class=\"xl72\" solid=\"\" style=\"text-align: center;\" width=\"104\">90-94<\/td>\n<td 1px=\"\" border:=\"\" class=\"xl72\" solid=\"\" style=\"text-align: center;\" width=\"104\">95-100<\/td>\n<td 1px=\"\" border:=\"\" class=\"xl71\" solid=\"\" style=\"text-align: center;\" width=\"104\">101-105<\/td>\n<td 1px=\"\" border:=\"\" class=\"xl71\" solid=\"\" style=\"text-align: center;\" width=\"104\">106-111<\/td>\n<td 1px=\"\" border:=\"\" class=\"xl71\" solid=\"\" style=\"text-align: center;\" width=\"104\">112-116<\/td>\n<td 1px=\"\" border:=\"\" class=\"xl71\" solid=\"\" style=\"text-align: center;\" width=\"104\">90-100  101-111<\/td>\n<\/tr>\n<\/tbody>\n<\/table>","protected":false},"excerpt":{"rendered":"<p>CHILIROSE &#8211; CR 4853 BLACK LACE DRESS WITH GLOVES S\/M<\/p>","protected":false},"featured_media":84188,"comment_status":"open","ping_status":"closed","template":"","meta":{"_eb_attr":""},"product_brand":[],"product_cat":[1225,1386,1191,1411],"product_tag":[],"class_list":{"0":"post-52834","1":"product","2":"type-product","3":"status-publish","4":"has-post-thumbnail","6":"product_cat-moda-lencerialenceria-mujer","7":"product_cat-moda-lencerialenceria-mujerlenceria-picante","8":"product_cat-moda-lenceria","9":"product_cat-moda-lencerialenceria-mujerlenceria-picantevestidos-sexys","10":"pa_talla-l-xl","11":"pa_talla-s-m","12":"yith_product_brand-chilirose","13":"yith_product_brand-chilirosechilirose-dresses","15":"first","16":"instock","17":"taxable","18":"shipping-taxable","19":"purchasable","20":"product-type-variable","21":"has-default-attributes"},"_links":{"self":[{"href":"https:\/\/www.bananatreeshop.com\/pt\/wp-json\/wp\/v2\/product\/52834","targetHints":{"allow":["GET"]}}],"collection":[{"href":"https:\/\/www.bananatreeshop.com\/pt\/wp-json\/wp\/v2\/product"}],"about":[{"href":"https:\/\/www.bananatreeshop.com\/pt\/wp-json\/wp\/v2\/types\/product"}],"replies":[{"embeddable":true,"href":"https:\/\/www.bananatreeshop.com\/pt\/wp-json\/wp\/v2\/comments?post=52834"}],"wp:featuredmedia":[{"embeddable":true,"href":"https:\/\/www.bananatreeshop.com\/pt\/wp-json\/wp\/v2\/media\/84188"}],"wp:attachment":[{"href":"https:\/\/www.bananatreeshop.com\/pt\/wp-json\/wp\/v2\/media?parent=52834"}],"wp:term":[{"taxonomy":"product_brand","embeddable":true,"href":"https:\/\/www.bananatreeshop.com\/pt\/wp-json\/wp\/v2\/product_brand?post=52834"},{"taxonomy":"product_cat","embeddable":true,"href":"https:\/\/www.bananatreeshop.com\/pt\/wp-json\/wp\/v2\/product_cat?post=52834"},{"taxonomy":"product_tag","embeddable":true,"href":"https:\/\/www.bananatreeshop.com\/pt\/wp-json\/wp\/v2\/product_tag?post=52834"}],"curies":[{"name":"wp","href":"https:\/\/api.w.org\/{rel}","templated":true}]}}