{"id":53012,"date":"2025-09-05T15:02:45","date_gmt":"2025-09-05T15:02:45","guid":{"rendered":"https:\/\/www.bananatreeshop.com\/?post_type=product&#038;p=53012"},"modified":"2026-04-13T16:18:03","modified_gmt":"2026-04-13T16:18:03","slug":"crazy-bull-diana-realistic-female-torso-vagina-and-anal-5-kg","status":"publish","type":"product","link":"https:\/\/www.bananatreeshop.com\/pt\/produto\/crazy-bull-diana-realistic-female-torso-vagina-and-anal-5-kg\/","title":{"rendered":"CRAZY BULL &#8211; DIANA TORSO FEMENINO REALISTA VAGINA Y ANAL 5 KG"},"content":{"rendered":"<p>Vive una experiencia de placer aut\u00e9ntica y sin l\u00edmites con\u00a0<strong>Diana\u00a0<\/strong>Masturbador Femenino Torso Real\u00edstico, un masturbador dise\u00f1ado para quienes buscan sensaciones intensas y un realismo inigualable. Con un peso de 5\u00a0kg, este torso ofrece la estabilidad y firmeza necesarias para disfrutar de encuentros en solitario m\u00e1s naturales y envolventes.<\/p>\n<p><strong>Diana\u00a0<\/strong>est\u00e1 fabricado en TPR de alta calidad, un material seguro para el cuerpo, suave al tacto y f\u00e1cil de limpiar, que asegura un uso higi\u00e9nico en todo momento. Gracias a la exclusiva tecnolog\u00eda Sort Skin, su superficie reproduce de manera sorprendente la textura de la piel humana, aportando una elasticidad natural y una sensaci\u00f3n hiperrealista al contacto. Su dise\u00f1o cuenta con dos orificios independientes (vaginal y anal), lo que ampl\u00eda las posibilidades de disfrute y proporciona diferentes tipos de estimulaci\u00f3n seg\u00fan las preferencias del usuario. Cada entrada est\u00e1 cuidadosamente esculpida para ofrecer una autenticidad fisiol\u00f3gica inigualable, replicando con gran realismo las sensaciones del cuerpo femenino.<\/p>\n<p>Adem\u00e1s, su n\u00facleo con peso interno asegura mayor estabilidad durante el uso, evitando desplazamientos inc\u00f3modos y garantizando una experiencia m\u00e1s inmersiva y placentera. Este masturbador es tambi\u00e9n impermeable, lo que permite disfrutarlo en distintos entornos y facilita su limpieza posterior. El masturbador <strong>Diana\u00a0<\/strong>es mucho m\u00e1s que un simple accesorio \u00edntimo: es una herramienta dise\u00f1ada para brindar placer de la forma m\u00e1s realista y satisfactoria posible, convirti\u00e9ndose en el compa\u00f1ero ideal para momentos de intimidad \u00fanicos.<\/p>\n<p><u><strong>CARACTERISTICAS:<\/strong><\/u><\/p>\n<ul>\n<li>Funci\u00f3n: Doble estimulaci\u00f3n con orificios vaginal y anal<\/li>\n<li>Material: TPR de alta calidad, suave y seguro para el cuerpo<\/li>\n<li>Tecnolog\u00eda Sort Skin: Textura hiperrealista y elasticidad natural<\/li>\n<li>Peso: 5\u00a0kg con n\u00facleo estable<\/li>\n<li>Impermeable y f\u00e1cil de limpiar<\/li>\n<li>Autenticidad fisiol\u00f3gica inigualable<\/li>\n<\/ul>","protected":false},"excerpt":{"rendered":"<p>CRAZY BULL &#8211; DIANA REALISTIC FEMALE TORSO VAGINA AND ANAL 5 KG<\/p>","protected":false},"featured_media":91737,"comment_status":"open","ping_status":"closed","template":"","meta":{"_eb_attr":""},"product_brand":[],"product_cat":[1152,1217,1312,1445],"product_tag":[],"class_list":{"0":"post-53012","1":"product","2":"type-product","3":"status-publish","4":"has-post-thumbnail","6":"product_cat-juguetes-bienestar","7":"product_cat-juguetes-bienestar-juguetes-para-hombres","8":"product_cat-juguetes-bienestar-munecs-tamano-real","9":"product_cat-juguetes-bienestar-juguetes-para-hombresvaginas-sin-vibracion","10":"yith_product_brand-crazy-bull","12":"first","13":"instock","14":"taxable","15":"shipping-taxable","16":"purchasable","17":"product-type-simple"},"_links":{"self":[{"href":"https:\/\/www.bananatreeshop.com\/pt\/wp-json\/wp\/v2\/product\/53012","targetHints":{"allow":["GET"]}}],"collection":[{"href":"https:\/\/www.bananatreeshop.com\/pt\/wp-json\/wp\/v2\/product"}],"about":[{"href":"https:\/\/www.bananatreeshop.com\/pt\/wp-json\/wp\/v2\/types\/product"}],"replies":[{"embeddable":true,"href":"https:\/\/www.bananatreeshop.com\/pt\/wp-json\/wp\/v2\/comments?post=53012"}],"wp:featuredmedia":[{"embeddable":true,"href":"https:\/\/www.bananatreeshop.com\/pt\/wp-json\/wp\/v2\/media\/91737"}],"wp:attachment":[{"href":"https:\/\/www.bananatreeshop.com\/pt\/wp-json\/wp\/v2\/media?parent=53012"}],"wp:term":[{"taxonomy":"product_brand","embeddable":true,"href":"https:\/\/www.bananatreeshop.com\/pt\/wp-json\/wp\/v2\/product_brand?post=53012"},{"taxonomy":"product_cat","embeddable":true,"href":"https:\/\/www.bananatreeshop.com\/pt\/wp-json\/wp\/v2\/product_cat?post=53012"},{"taxonomy":"product_tag","embeddable":true,"href":"https:\/\/www.bananatreeshop.com\/pt\/wp-json\/wp\/v2\/product_tag?post=53012"}],"curies":[{"name":"wp","href":"https:\/\/api.w.org\/{rel}","templated":true}]}}