{"id":53066,"date":"2025-07-16T20:01:57","date_gmt":"2025-07-16T20:01:57","guid":{"rendered":"https:\/\/www.bananatreeshop.com\/?post_type=product&#038;p=53066"},"modified":"2026-04-03T20:04:46","modified_gmt":"2026-04-03T20:04:46","slug":"passion-bs110-bodystocking-black-points","status":"publish","type":"product","link":"https:\/\/www.bananatreeshop.com\/pt\/produto\/passion-bs110-bodystocking-black-points\/","title":{"rendered":"PASSION &#8211; BS110 BODYSTOCKING PUNTOS NEGRO"},"content":{"rendered":"<p>Explora la sensualidad sin l\u00edmites con los espectaculares bodystockings de encaje y rejilla de la marca <strong>PASSION<\/strong>, una colecci\u00f3n dise\u00f1ada para envolver el cuerpo en una segunda piel de deseo y sofisticaci\u00f3n. Estas piezas de lencer\u00eda integral combinan transparencia, texturas y cortes provocativos que resaltan cada curva con elegancia y atrevimiento.<\/p>\n<p>Confeccionados con una mezcla de 80% poliamida y 20% elastano, estos bodystockings ofrecen una elasticidad superior, gran adaptabilidad y una suavidad que acaricia la piel. Su estructura de malla fina y encaje floral estrat\u00e9gicamente colocado crea un efecto visual hipnotizante, jugando con las transparencias y realzando la figura con un ajuste ce\u00f1ido pero c\u00f3modo.<\/p>\n<p>Disponibles en tres irresistibles colores:<\/p>\n<ul>\n<li>Negro, para un look cl\u00e1sico, elegante y siempre sexy.<\/li>\n<li>Blanco, ideal para momentos m\u00e1s delicados o celebraciones especiales.<\/li>\n<li>Rojo, s\u00edmbolo de pasi\u00f3n y fuego, perfecto para dejar huella.<\/li>\n<\/ul>\n<p>Muchos modelos incluyen detalles sensuales como zonas abiertas, escotes profundos, tirantes finos o cortes sugerentes que convierten a cada bodystocking en una pieza \u00fanica pensada para impresionar. Adem\u00e1s, su dise\u00f1o sin costuras visibles y su tejido el\u00e1stico permiten libertad de movimiento y comodidad total, haci\u00e9ndolos tan placenteros de usar como de admirar.<\/p>\n<p>Perfectos para ocasiones especiales, juegos de pareja o simplemente para sentirse poderosa y sensual, los bodystockings de encaje y rejilla de <strong>PASSION <\/strong>son una declaraci\u00f3n de estilo y erotismo que no puede faltar en tu colecci\u00f3n de lencer\u00eda.<\/p>\n<p><span style=\"line-height:\"><strong>Passion<\/strong> es lenceria fabricada en la Union Europea con estrictos controles de calidad, cuidando el maximo detalle tanto en la fabricacion como en sus elementos decorativos, pensado para el mundo actual, personas dinamicas con ganas de innovar y sentirse siempre al dia.<\/span><\/p>\n<table border=\"1\" cellpadding=\"1\" cellspacing=\"1\" font-family:=\"font-size:=\" trebuchet=\"width:=\">\n<thead>\n<tr>\n<th scope=\"col\">SIZE<\/th>\n<th scope=\"col\">PANTS SIZE<\/th>\n<th scope=\"col\">HEIGHT<\/th>\n<th scope=\"col\">FACTORY SIZE<\/th>\n<\/tr>\n<\/thead>\n<tbody>\n<tr>\n<td style=\"text-align:\">XS<\/td>\n<td style=\"text-align:\">34\/36<\/td>\n<td style=\"text-align:\">MAX. 155<\/td>\n<td style=\"text-align:\">1<\/td>\n<\/tr>\n<tr>\n<td style=\"text-align:\">S<\/td>\n<td style=\"text-align:\">36\/38<\/td>\n<td style=\"text-align:\">MAX. 165<\/td>\n<td style=\"text-align:\">2<\/td>\n<\/tr>\n<tr>\n<td style=\"text-align:\">M<\/td>\n<td style=\"text-align:\">40\/42<\/td>\n<td style=\"text-align:\">MAX. 175<\/td>\n<td style=\"text-align:\">3<\/td>\n<\/tr>\n<tr>\n<td style=\"text-align:\">L<\/td>\n<td style=\"text-align:\">44\/46<\/td>\n<td style=\"text-align:\">MAX. 185<\/td>\n<td>\n<p style=\"text-align:\">4<\/p>\n<\/td>\n<\/tr>\n<\/tbody>\n<\/table>\n<p>\u00a0<\/p>\n<p><strong>* Qu\u00e9 es un DENIER?<\/strong><\/p>\n<p>Un DENIER es la unidad de medida del grosor del hilo con el que est\u00e1n fabricadas las medias y pantys.<\/p>\n<p>Cuanto m\u00e1s bajo es el n\u00famero de DENIERS 8, 10, 15, 20, etc. m\u00e1s fina y transparente es la media o panty. Por el contrario, cuanto m\u00e1s alto es el n\u00famero 40, 70, etc. es m\u00e1s gruesa y se ve menos la piel.<\/p>\n<p>Por otro lado, existen las medias y pantys de microfibra opacas, en 50 y 100 den, en las que apenas se deja entrever la piel. Su uso es habitual en oto\u00f1o-invierno.<\/p>\n<p>Las medias y pantys con n\u00famero bajo de DEN, se utilizan normalmente para temporada primavera-verano. Se pueden utilizar el resto el a\u00f1o, por ejemplo para ceremonias, ya que la finura\u00a0de las medias, hacen que resulten m\u00e1s elegantes.<\/p>","protected":false},"excerpt":{"rendered":"<p>PASSION &#8211; BS110 BODYSTOCKING BLACK POINTS<\/p>","protected":false},"featured_media":84222,"comment_status":"open","ping_status":"closed","template":"","meta":{"_eb_attr":""},"product_brand":[],"product_cat":[1408,1225,1386,1191],"product_tag":[],"class_list":{"0":"post-53066","1":"product","2":"type-product","3":"status-publish","4":"has-post-thumbnail","6":"product_cat-moda-lencerialenceria-mujerlenceria-picantebodystocking","7":"product_cat-moda-lencerialenceria-mujer","8":"product_cat-moda-lencerialenceria-mujerlenceria-picante","9":"product_cat-moda-lenceria","10":"yith_product_brand-passion","11":"yith_product_brand-passionpassion-woman","12":"yith_product_brand-passionpassion-womanpassion-woman-bodystockings","14":"first","15":"instock","16":"taxable","17":"shipping-taxable","18":"purchasable","19":"product-type-simple"},"_links":{"self":[{"href":"https:\/\/www.bananatreeshop.com\/pt\/wp-json\/wp\/v2\/product\/53066","targetHints":{"allow":["GET"]}}],"collection":[{"href":"https:\/\/www.bananatreeshop.com\/pt\/wp-json\/wp\/v2\/product"}],"about":[{"href":"https:\/\/www.bananatreeshop.com\/pt\/wp-json\/wp\/v2\/types\/product"}],"replies":[{"embeddable":true,"href":"https:\/\/www.bananatreeshop.com\/pt\/wp-json\/wp\/v2\/comments?post=53066"}],"wp:featuredmedia":[{"embeddable":true,"href":"https:\/\/www.bananatreeshop.com\/pt\/wp-json\/wp\/v2\/media\/84222"}],"wp:attachment":[{"href":"https:\/\/www.bananatreeshop.com\/pt\/wp-json\/wp\/v2\/media?parent=53066"}],"wp:term":[{"taxonomy":"product_brand","embeddable":true,"href":"https:\/\/www.bananatreeshop.com\/pt\/wp-json\/wp\/v2\/product_brand?post=53066"},{"taxonomy":"product_cat","embeddable":true,"href":"https:\/\/www.bananatreeshop.com\/pt\/wp-json\/wp\/v2\/product_cat?post=53066"},{"taxonomy":"product_tag","embeddable":true,"href":"https:\/\/www.bananatreeshop.com\/pt\/wp-json\/wp\/v2\/product_tag?post=53066"}],"curies":[{"name":"wp","href":"https:\/\/api.w.org\/{rel}","templated":true}]}}