{"id":53130,"date":"2025-07-09T13:01:08","date_gmt":"2025-07-09T13:01:08","guid":{"rendered":"https:\/\/www.bananatreeshop.com\/?post_type=product&#038;p=53130"},"modified":"2026-04-12T08:22:27","modified_gmt":"2026-04-12T08:22:27","slug":"silexd-realistic-penis-model-2-pink-remote-control-lrs-17-cm","status":"publish","type":"product","link":"https:\/\/www.bananatreeshop.com\/pt\/produto\/silexd-realistic-penis-model-2-pink-remote-control-lrs-17-cm\/","title":{"rendered":"SILEXD &#8211; PENE REAL\u00cdSTICO MODELO 2 ROSA + CONTROL REMOTO LRS 17 CM"},"content":{"rendered":"<p>Descubre un placer aut\u00e9ntico con el Silexd Modelo 2, un pene real\u00edstico que combina una apariencia natural, un tacto excepcional y una potente estimulaci\u00f3n vibratoria. Dise\u00f1ado para quienes buscan intensidad, realismo y comodidad en sus momentos m\u00e1s \u00edntimos.<\/p>\n<p>Fabricado con materiales de alta gama como Silexpan y silicona de grado m\u00e9dico, este consolador ofrece un exterior aterciopelado y un n\u00facleo firme que imita la sensaci\u00f3n del cuerpo humano, garantizando una experiencia profundamente realista.<\/p>\n<p>Cuenta con 10 modos de vibraci\u00f3n para una estimulaci\u00f3n personalizada, y se controla f\u00e1cilmente mediante un control remoto inal\u00e1mbrico que permite jugar sin interrupciones. Gracias a su bater\u00eda integrada recargable por USB, disfrutar\u00e1s de hasta 180 minutos de placer con una sola carga. Adem\u00e1s, su motor silencioso y su resistencia al agua IPX4 lo hacen ideal para usar en total discreci\u00f3n y en diferentes ambientes.<\/p>\n<p>En un vibrante color rosa, es completamente seguro para el cuerpo: sin ftalatos, hipoalerg\u00e9nico, inodoro y no poroso.<\/p>\n<p><u><em><strong>CARACTER\u00cdSTICAS<\/strong><\/em><\/u><\/p>\n<ul>\n<li>Materiales: SILEXPAN y silicona de grado m\u00e9dico 100% libre de ftalatos<\/li>\n<li>Color: Rosa<\/li>\n<li>Funciones: 10 modos de vibraci\u00f3n potentes<\/li>\n<li>Control remoto: S\u00ed<\/li>\n<li>Di\u00e1metro: 4.3 cm<\/li>\n<li>Longitud insertable: 17 cm<\/li>\n<li>Longitud total: 20 cm<\/li>\n<li>Base de succi\u00f3n: Di\u00e1metro de 6.7 cm, estable y segura<\/li>\n<li>Peso: 440 g<\/li>\n<li>Bater\u00eda: Recargable por USB (bater\u00eda integrada)<\/li>\n<li>Autonom\u00eda: Hasta 180 minutos<\/li>\n<li>Termorreactivo: S\u00ed, se adapta a la temperatura corporal<\/li>\n<li>Resistente al agua: S\u00ed (certificaci\u00f3n IPX4)<\/li>\n<li>Incluye: Cable de carga USB, manual de usuario y control remoto<\/li>\n<\/ul>","protected":false},"excerpt":{"rendered":"<p>SILEXD &#8211; REALISTIC PENIS MODEL 2 PINK + REMOTE CONTROL LRS 17 CM<\/p>","protected":false},"featured_media":58350,"comment_status":"open","ping_status":"closed","template":"","meta":{"_eb_attr":""},"product_brand":[],"product_cat":[1152,1159,1233],"product_tag":[],"class_list":{"0":"post-53130","1":"product","2":"type-product","3":"status-publish","4":"has-post-thumbnail","6":"product_cat-juguetes-bienestar","7":"product_cat-juguetes-bienestar-vibradores","8":"product_cat-juguetes-bienestar-vibradoresvibradores-realisticos","9":"yith_product_brand-silexd","11":"first","12":"instock","13":"taxable","14":"shipping-taxable","15":"purchasable","16":"product-type-simple"},"_links":{"self":[{"href":"https:\/\/www.bananatreeshop.com\/pt\/wp-json\/wp\/v2\/product\/53130","targetHints":{"allow":["GET"]}}],"collection":[{"href":"https:\/\/www.bananatreeshop.com\/pt\/wp-json\/wp\/v2\/product"}],"about":[{"href":"https:\/\/www.bananatreeshop.com\/pt\/wp-json\/wp\/v2\/types\/product"}],"replies":[{"embeddable":true,"href":"https:\/\/www.bananatreeshop.com\/pt\/wp-json\/wp\/v2\/comments?post=53130"}],"wp:featuredmedia":[{"embeddable":true,"href":"https:\/\/www.bananatreeshop.com\/pt\/wp-json\/wp\/v2\/media\/58350"}],"wp:attachment":[{"href":"https:\/\/www.bananatreeshop.com\/pt\/wp-json\/wp\/v2\/media?parent=53130"}],"wp:term":[{"taxonomy":"product_brand","embeddable":true,"href":"https:\/\/www.bananatreeshop.com\/pt\/wp-json\/wp\/v2\/product_brand?post=53130"},{"taxonomy":"product_cat","embeddable":true,"href":"https:\/\/www.bananatreeshop.com\/pt\/wp-json\/wp\/v2\/product_cat?post=53130"},{"taxonomy":"product_tag","embeddable":true,"href":"https:\/\/www.bananatreeshop.com\/pt\/wp-json\/wp\/v2\/product_tag?post=53130"}],"curies":[{"name":"wp","href":"https:\/\/api.w.org\/{rel}","templated":true}]}}