{"id":53131,"date":"2025-07-09T13:01:09","date_gmt":"2025-07-09T13:01:09","guid":{"rendered":"https:\/\/www.bananatreeshop.com\/?post_type=product&#038;p=53131"},"modified":"2026-04-12T10:10:17","modified_gmt":"2026-04-12T10:10:17","slug":"silexd-realistic-penis-model-18-pink-vibration-remote-control-lrs","status":"publish","type":"product","link":"https:\/\/www.bananatreeshop.com\/pt\/produto\/silexd-realistic-penis-model-18-pink-vibration-remote-control-lrs\/","title":{"rendered":"SILEXD &#8211; PENE REAL\u00cdSTICO MODELO 18 ROSA VIBRACI\u00d3N + CONTROL REMOTO LRS"},"content":{"rendered":"<p>Disfruta de un placer inigualable con el Silexd &#8211; Modelo 18&#8243; Vibrador + LRS\u00a0, un consolador realista dise\u00f1ado para elevar tus experiencias \u00edntimas. Fabricado con silicona premium y Silexpan, este consolador cuenta con 10 potentes patrones de vibraci\u00f3n que garantizan una estimulaci\u00f3n variada para un placer m\u00e1ximo.<\/p>\n<p>Su suave exterior y su n\u00facleo firme proporcionan una sensaci\u00f3n realista, mientras que su dise\u00f1o ergon\u00f3mico garantiza un uso c\u00f3modo. Controlado por control remoto, este dildo ofrece un funcionamiento discreto y pr\u00e1ctico. Su motor silencioso garantiza un uso discreto, y su recarga por USB lo hace ecol\u00f3gico y sin complicaciones.<\/p>\n<p>En un vibrante\u00a0tono rosa\u00a0, este consolador no contiene ftalatos, es seguro para el cuerpo, hipoalerg\u00e9nico, no poroso, inodoro e impermeable, lo que garantiza seguridad y satisfacci\u00f3n. Incluye un cable de carga USB, un manual y un control remoto.<\/p>\n<p>Experimenta el placer como nunca antes\u00a0con el Silexd &#8211; Modelo 18&#8243; Vibrating + LRS, donde la innovaci\u00f3n se une a la sensualidad para una experiencia inolvidable.<br \/>\u00a0<\/p>\n<p><u><em><strong>CARACTER\u00cdSTICAS<\/strong><\/em><\/u><\/p>\n<ul>\n<li>Materiales:\u00a0SILEXPAN y piel de silicona 100% libre de ftalatos<\/li>\n<li>Color:\u00a0Rosa<\/li>\n<li>Funciones:\u00a010 modos de vibraci\u00f3n<\/li>\n<li>Control remoto:\u00a0S\u00ed<\/li>\n<li>Di\u00e1metro:\u00a04.3 cm<\/li>\n<li>Longitud insertable:\u00a017 cm<\/li>\n<li>Longitud m\u00e1xima:\u00a020 cm<\/li>\n<li>Di\u00e1metro base de succi\u00f3n:\u00a06.7 cm<\/li>\n<li>Peso:\u00a0440 g<\/li>\n<li>Bater\u00edas recargables:\u00a0Recargable por USB<\/li>\n<li>Duraci\u00f3n:\u00a0180 minutos de placer despu\u00e9s de la carga<\/li>\n<li>Termorreactivo<\/li>\n<li>Resistente al agua (IPX4)<\/li>\n<\/ul>\n<p>Exterior suave y n\u00facleo firme<\/p>","protected":false},"excerpt":{"rendered":"<p>SILEXD &#8211; REALISTIC PENIS MODEL 18 PINK VIBRATION + REMOTE CONTROL LRS<\/p>","protected":false},"featured_media":58355,"comment_status":"open","ping_status":"closed","template":"","meta":{"_eb_attr":""},"product_brand":[],"product_cat":[1152,1159,1233],"product_tag":[],"class_list":{"0":"post-53131","1":"product","2":"type-product","3":"status-publish","4":"has-post-thumbnail","6":"product_cat-juguetes-bienestar","7":"product_cat-juguetes-bienestar-vibradores","8":"product_cat-juguetes-bienestar-vibradoresvibradores-realisticos","9":"yith_product_brand-silexd","11":"first","12":"instock","13":"taxable","14":"shipping-taxable","15":"purchasable","16":"product-type-simple"},"_links":{"self":[{"href":"https:\/\/www.bananatreeshop.com\/pt\/wp-json\/wp\/v2\/product\/53131","targetHints":{"allow":["GET"]}}],"collection":[{"href":"https:\/\/www.bananatreeshop.com\/pt\/wp-json\/wp\/v2\/product"}],"about":[{"href":"https:\/\/www.bananatreeshop.com\/pt\/wp-json\/wp\/v2\/types\/product"}],"replies":[{"embeddable":true,"href":"https:\/\/www.bananatreeshop.com\/pt\/wp-json\/wp\/v2\/comments?post=53131"}],"wp:featuredmedia":[{"embeddable":true,"href":"https:\/\/www.bananatreeshop.com\/pt\/wp-json\/wp\/v2\/media\/58355"}],"wp:attachment":[{"href":"https:\/\/www.bananatreeshop.com\/pt\/wp-json\/wp\/v2\/media?parent=53131"}],"wp:term":[{"taxonomy":"product_brand","embeddable":true,"href":"https:\/\/www.bananatreeshop.com\/pt\/wp-json\/wp\/v2\/product_brand?post=53131"},{"taxonomy":"product_cat","embeddable":true,"href":"https:\/\/www.bananatreeshop.com\/pt\/wp-json\/wp\/v2\/product_cat?post=53131"},{"taxonomy":"product_tag","embeddable":true,"href":"https:\/\/www.bananatreeshop.com\/pt\/wp-json\/wp\/v2\/product_tag?post=53131"}],"curies":[{"name":"wp","href":"https:\/\/api.w.org\/{rel}","templated":true}]}}