{"id":53180,"date":"2025-07-08T17:00:26","date_gmt":"2025-07-08T17:00:26","guid":{"rendered":"https:\/\/www.bananatreeshop.com\/?post_type=product&#038;p=53180"},"modified":"2026-04-02T20:00:20","modified_gmt":"2026-04-02T20:00:20","slug":"rocks-off-oriel-flexible-wand-vibrator-fuchsia","status":"publish","type":"product","link":"https:\/\/www.bananatreeshop.com\/pt\/produto\/rocks-off-oriel-flexible-wand-vibrator-fuchsia\/","title":{"rendered":"ROCKS- OFF &#8211; ORIEL VIBRADOR WAND FLEXIBLE FUCSIA"},"content":{"rendered":"<p><strong>Relajaci\u00f3n y placer, siempre al alcance de tu mano.<\/strong><br \/>El Oriel Wand de Rocks-Off es un masajeador recargable que combina potencia, dise\u00f1o ergon\u00f3mico y comodidad en un solo dispositivo. Ideal tanto para masajes relajantes como para intensas sesiones \u00edntimas, su motor de baja frecuencia genera vibraciones profundas y envolventes, manteniendo un funcionamiento silencioso.<\/p>\n<p>Su cabezal flexible de silicona suave se adapta a cada curva del cuerpo, estimulando las zonas er\u00f3genas desde cualquier \u00e1ngulo. El dise\u00f1o curvado y equilibrado del Oriel lo convierte en un imprescindible para todos los cuerpos y preferencias. Adem\u00e1s, su estructura ligera y port\u00e1til lo hace perfecto para el uso en casa o fuera de ella.<\/p>\n<p>Cuenta con 10 funciones de vibraci\u00f3n f\u00e1cilmente controlables desde sus dos botones, brindando una experiencia personalizada para cada momento. Es impermeable (IPX7) y completamente recargable por USB, lo que garantiza versatilidad, higiene y autonom\u00eda.<\/p>\n<p><u><em><strong>Caracter\u00edsticas destacadas:<\/strong><\/em><\/u><\/p>\n<ul>\n<li>Cabezal flexible para una estimulaci\u00f3n total desde cualquier \u00e1ngulo<\/li>\n<li>Motor de baja frecuencia con vibraciones potentes y silenciosas<\/li>\n<li>10 modos de vibraci\u00f3n para personalizar tu experiencia<\/li>\n<li>Dise\u00f1o ergon\u00f3mico y port\u00e1til, ideal para todo tipo de cuerpos<\/li>\n<li>Superficie de silicona suave y segura para el cuerpo<\/li>\n<li>Impermeable (IPX7) para juegos acu\u00e1ticos y f\u00e1cil limpieza<\/li>\n<li>Tiempo de carga: 3 horas<\/li>\n<li>Tiempo de uso: hasta 3 horas<\/li>\n<\/ul>\n<p><u><em><strong>Especificaciones:<\/strong><\/em><\/u><\/p>\n<ul>\n<li>Tama\u00f1o: 229 mm x 47 mm x 30 mm<\/li>\n<li>Circunferencia: 144,5 mm<\/li>\n<li>Peso: 182 g<\/li>\n<li>Material: Silicona + Pl\u00e1stico ABS<\/li>\n<\/ul>\n<p>Ya sea para relajarte o para explorar tu placer, el Oriel Wand es el compa\u00f1ero perfecto para un momento \u00edntimo potente, c\u00f3modo y siempre a tu ritmo.<\/p>","protected":false},"excerpt":{"rendered":"<p>ROCKS- OFF &#8211; ORIEL VIBRATOR WAND FLEXIBLE FUCHSIA<\/p>","protected":false},"featured_media":53924,"comment_status":"open","ping_status":"closed","template":"","meta":{"_eb_attr":""},"product_brand":[],"product_cat":[1152,1162,1159],"product_tag":[],"class_list":{"0":"post-53180","1":"product","2":"type-product","3":"status-publish","4":"has-post-thumbnail","6":"product_cat-juguetes-bienestar","7":"product_cat-juguetes-bienestar-vibradoresrotadores-y-vibradores","8":"product_cat-juguetes-bienestar-vibradores","9":"yith_product_brand-rocks-off","11":"first","12":"instock","13":"taxable","14":"shipping-taxable","15":"purchasable","16":"product-type-simple"},"_links":{"self":[{"href":"https:\/\/www.bananatreeshop.com\/pt\/wp-json\/wp\/v2\/product\/53180","targetHints":{"allow":["GET"]}}],"collection":[{"href":"https:\/\/www.bananatreeshop.com\/pt\/wp-json\/wp\/v2\/product"}],"about":[{"href":"https:\/\/www.bananatreeshop.com\/pt\/wp-json\/wp\/v2\/types\/product"}],"replies":[{"embeddable":true,"href":"https:\/\/www.bananatreeshop.com\/pt\/wp-json\/wp\/v2\/comments?post=53180"}],"wp:featuredmedia":[{"embeddable":true,"href":"https:\/\/www.bananatreeshop.com\/pt\/wp-json\/wp\/v2\/media\/53924"}],"wp:attachment":[{"href":"https:\/\/www.bananatreeshop.com\/pt\/wp-json\/wp\/v2\/media?parent=53180"}],"wp:term":[{"taxonomy":"product_brand","embeddable":true,"href":"https:\/\/www.bananatreeshop.com\/pt\/wp-json\/wp\/v2\/product_brand?post=53180"},{"taxonomy":"product_cat","embeddable":true,"href":"https:\/\/www.bananatreeshop.com\/pt\/wp-json\/wp\/v2\/product_cat?post=53180"},{"taxonomy":"product_tag","embeddable":true,"href":"https:\/\/www.bananatreeshop.com\/pt\/wp-json\/wp\/v2\/product_tag?post=53180"}],"curies":[{"name":"wp","href":"https:\/\/api.w.org\/{rel}","templated":true}]}}