{"id":53208,"date":"2025-07-16T21:00:49","date_gmt":"2025-07-16T21:00:49","guid":{"rendered":"https:\/\/www.bananatreeshop.com\/?post_type=product&#038;p=53208"},"modified":"2026-04-03T21:02:14","modified_gmt":"2026-04-03T21:02:14","slug":"chilirose-cr-4866-neon-green-top-and-shorts-set-s-m","status":"publish","type":"product","link":"https:\/\/www.bananatreeshop.com\/pt\/produto\/chilirose-cr-4866-neon-green-top-and-shorts-set-s-m\/","title":{"rendered":"CHILIROSE &#8211; CR 4866 SET TOP Y SHORT VERDE NE\u00d3N S\/M"},"content":{"rendered":"<p>Rompe esquemas con este irresistible conjunto sin costuras, compuesto por un top bandeau y un short escotado en un electrizante color verde ne\u00f3n, ideal para quienes aman destacar y deslumbrar con estilo propio. Dise\u00f1ado para ajustarse como una segunda piel, su tejido el\u00e1stico de alta calidad abraza cada curva, realzando de forma provocativa la silueta femenina.<\/p>\n<p>El top vers\u00e1til con cuatro sensuales recortes frontales, puede girarse para llevar los cortes tanto al frente como en la espalda, seg\u00fan tu estado de \u00e1nimo o la ocasi\u00f3n. Combina perfectamente con los shorts a juego, que presentan un dise\u00f1o atrevido con aberturas laterales que agregan un toque salvaje y seductor al conjunto.<\/p>\n<p>Su material suave, ligero y altamente el\u00e1stico garantiza comodidad y libertad de movimiento, convirti\u00e9ndolo en la elecci\u00f3n perfecta tanto para una noche apasionada en casa como para un look atrevido en una fiesta, festival o sesi\u00f3n de fotos.<\/p>\n<p><u><em><strong>Caracter\u00edsticas destacadas:<\/strong><\/em><\/u><\/p>\n<ul>\n<li>Conjunto de dos piezas: top + short sin costuras<\/li>\n<li>Color: Verde ne\u00f3n (tambi\u00e9n disponible en otros tonos)<\/li>\n<li>Dise\u00f1o ajustado que acent\u00faa la figura<\/li>\n<li>Top reversible con recortes sensuales<\/li>\n<li>Shorts con aberturas laterales a juego<\/li>\n<li>Talla \u00fanica S\/M, adaptabilidad gracias al tejido el\u00e1stico<\/li>\n<li>Material suave, ligero y c\u00f3modo<\/li>\n<\/ul>\n<p>Una propuesta explosiva que combina sensualidad, estilo urbano y libertad de expresi\u00f3n. \u00a1Atr\u00e9vete a lucir diferente!<\/p>\n<p>La marca <strong>CHILIROSE <\/strong>fue creada en 2008 y nuestra misi\u00f3n es ofrecer lencer\u00eda sensual y excitante a nuestros clientes a un precio competitivo. Ahora, en 2022, despu\u00e9s de 14 a\u00f1os, somos una de las principales empresas de lencer\u00eda ex\u00f3tica y tenemos una gran colecci\u00f3n de ropa de dormir, vestidos, batas, cors\u00e9s, vestidos, ropa de discoteca y m\u00e1s. Nuestro estricto control de calidad garantiza a nuestros clientes la plena satisfacci\u00f3n y hace que vender sea un placer. Cuidamos especialmente la selecci\u00f3n de nuestros materiales y la mano de obra. Ofrecemos muchos estilos nuevos y fant\u00e1sticos con regularidad y esperamos sorprenderlo positivamente cada vez.<\/p>\n<p>\u00a0<\/p>\n<table border=\"1\" cellpadding=\"0\" cellspacing=\"0\" width=\"832\">\n<tbody>\n<tr height=\"23\" style=\"border: 1px solid black;\">\n<td class=\"xl72\" colspan=\"8\" height=\"23\" style=\"text-align: center; border: 1px solid black;\" width=\"832\"><b>GU\u00cdA DE TALLAS<\/b><\/td>\n<\/tr>\n<tr height=\"23\" style=\"border: 1px solid black;\">\n<td class=\"xl73\" colspan=\"2\" height=\"23\" style=\"text-align: center; border: 1px solid black;\"><strong>TALLA<\/strong><\/td>\n<td class=\"xl71\" style=\"text-align: center; border: 1px solid black;\" width=\"104\"><strong>S<\/strong><\/td>\n<td class=\"xl71\" style=\"text-align: center; border: 1px solid black;\" width=\"104\"><strong>M<\/strong><\/td>\n<td class=\"xl71\" style=\"text-align: center; border: 1px solid black;\" width=\"104\"><strong>L<\/strong><\/td>\n<td class=\"xl71\" style=\"text-align: center; border: 1px solid black;\" width=\"104\"><strong>XL<\/strong><\/td>\n<td class=\"xl71\" style=\"text-align: center; border: 1px solid black;\" width=\"104\"><strong>XXL<\/strong><\/td>\n<td class=\"xl71\" style=\"text-align: center; border: 1px solid black;\" width=\"104\"><strong>S\/M\u00a0 \u00a0 L\/XL<\/strong><\/td>\n<\/tr>\n<tr>\n<td class=\"xl74\" colspan=\"2\" height=\"23\" style=\"text-align: center; border: 1px solid black;\" width=\"208\"><strong>Pecho (cm)<\/strong><\/td>\n<td class=\"xl72\" style=\"text-align: center; border: 1px solid black;\" width=\"104\">85-89<\/td>\n<td class=\"xl72\" style=\"text-align: center; border: 1px solid black;\" width=\"104\">90-94<\/td>\n<td class=\"xl71\" style=\"text-align: center; border: 1px solid black;\" width=\"104\">95-99<\/td>\n<td class=\"xl71\" style=\"text-align: center; border: 1px solid black;\" width=\"104\">100-104<\/td>\n<td class=\"xl71\" style=\"text-align: center; border: 1px solid black;\" width=\"104\">105-109<\/td>\n<td class=\"xl71\" style=\"text-align: center; border: 1px solid black;\" width=\"104\">85-94  95-104<\/td>\n<\/tr>\n<tr>\n<td class=\"xl74\" colspan=\"2\" height=\"23\" style=\"text-align: center; border: 1px solid black;\" width=\"208\"><strong>Bajo pecho (cm)<\/strong><\/td>\n<td class=\"xl72\" style=\"text-align: center; border: 1px solid black;\" width=\"104\"><span -webkit-text-stroke-width:=\"\" background-color:=\"\" display:=\"\" float:=\"\" font-size:=\"\" font-style:=\"\" font-variant-caps:=\"\" font-variant-ligatures:=\"\" font-weight:=\"\" inline=\"\" letter-spacing:=\"\" orphans:=\"\" style=\"color: rgb(51, 51, 51); font-family: sans-serif, Arial, Verdana, \" text-align:=\"\" text-decoration-color:=\"\" text-decoration-style:=\"\" text-decoration-thickness:=\"\" text-indent:=\"\" text-transform:=\"\" trebuchet=\"\" white-space:=\"\" widows:=\"\" word-spacing:=\"\">69-72<\/span><\/td>\n<td class=\"xl72\" style=\"text-align: center; border: 1px solid black;\" width=\"104\"><span -webkit-text-stroke-width:=\"\" background-color:=\"\" display:=\"\" float:=\"\" font-size:=\"\" font-style:=\"\" font-variant-caps:=\"\" font-variant-ligatures:=\"\" font-weight:=\"\" inline=\"\" letter-spacing:=\"\" orphans:=\"\" style=\"color: rgb(51, 51, 51); font-family: sans-serif, Arial, Verdana, \" text-align:=\"\" text-decoration-color:=\"\" text-decoration-style:=\"\" text-decoration-thickness:=\"\" text-indent:=\"\" text-transform:=\"\" trebuchet=\"\" white-space:=\"\" widows:=\"\" word-spacing:=\"\">73-77<\/span><\/td>\n<td class=\"xl71\" style=\"text-align: center; border: 1px solid black;\" width=\"104\"><span -webkit-text-stroke-width:=\"\" background-color:=\"\" display:=\"\" float:=\"\" font-size:=\"\" font-style:=\"\" font-variant-caps:=\"\" font-variant-ligatures:=\"\" font-weight:=\"\" inline=\"\" letter-spacing:=\"\" orphans:=\"\" style=\"color: rgb(51, 51, 51); font-family: sans-serif, Arial, Verdana, \" text-align:=\"\" text-decoration-color:=\"\" text-decoration-style:=\"\" text-decoration-thickness:=\"\" text-indent:=\"\" text-transform:=\"\" trebuchet=\"\" white-space:=\"\" widows:=\"\" word-spacing:=\"\">78-81<\/span><\/td>\n<td class=\"xl71\" style=\"text-align: center; border: 1px solid black;\" width=\"104\"><span -webkit-text-stroke-width:=\"\" background-color:=\"\" display:=\"\" float:=\"\" font-size:=\"\" font-style:=\"\" font-variant-caps:=\"\" font-variant-ligatures:=\"\" font-weight:=\"\" inline=\"\" letter-spacing:=\"\" orphans:=\"\" style=\"color: rgb(51, 51, 51); font-family: sans-serif, Arial, Verdana, \" text-align:=\"\" text-decoration-color:=\"\" text-decoration-style:=\"\" text-decoration-thickness:=\"\" text-indent:=\"\" text-transform:=\"\" trebuchet=\"\" white-space:=\"\" widows:=\"\" word-spacing:=\"\">82-86<\/span><\/td>\n<td class=\"xl71\" style=\"text-align: center; border: 1px solid black;\" width=\"104\"><span -webkit-text-stroke-width:=\"\" background-color:=\"\" display:=\"\" float:=\"\" font-size:=\"\" font-style:=\"\" font-variant-caps:=\"\" font-variant-ligatures:=\"\" font-weight:=\"\" inline=\"\" letter-spacing:=\"\" orphans:=\"\" style=\"color: rgb(51, 51, 51); font-family: sans-serif, Arial, Verdana, \" text-align:=\"\" text-decoration-color:=\"\" text-decoration-style:=\"\" text-decoration-thickness:=\"\" text-indent:=\"\" text-transform:=\"\" trebuchet=\"\" white-space:=\"\" widows:=\"\" word-spacing:=\"\">87-90<\/span><\/td>\n<td class=\"xl71\" style=\"text-align: center; border: 1px solid black;\" width=\"104\"><span -webkit-text-stroke-width:=\"\" background-color:=\"\" display:=\"\" float:=\"\" font-size:=\"\" font-style:=\"\" font-variant-caps:=\"\" font-variant-ligatures:=\"\" font-weight:=\"\" inline=\"\" letter-spacing:=\"\" orphans:=\"\" style=\"color: rgb(51, 51, 51); font-family: sans-serif, Arial, Verdana, \" text-align:=\"\" text-decoration-color:=\"\" text-decoration-style:=\"\" text-decoration-thickness:=\"\" text-indent:=\"\" text-transform:=\"\" trebuchet=\"\" white-space:=\"\" widows:=\"\" word-spacing:=\"\">69-77\u00a0 \u00a0 78-86<\/span><\/td>\n<\/tr>\n<tr height=\"23\" style=\"border: 1px solid black;\">\n<td class=\"xl74\" colspan=\"2\" height=\"23\" style=\"text-align: center; border: 1px solid black;\" width=\"208\"><strong>Cintura (cm)<\/strong><\/td>\n<td class=\"xl72\" style=\"text-align: center; border: 1px solid black;\" width=\"104\">68-72<\/td>\n<td class=\"xl72\" style=\"text-align: center; border: 1px solid black;\" width=\"104\">73-77<\/td>\n<td class=\"xl71\" style=\"text-align: center; border: 1px solid black;\" width=\"104\">78-82<\/td>\n<td class=\"xl71\" style=\"text-align: center; border: 1px solid black;\" width=\"104\">83-87<\/td>\n<td class=\"xl71\" style=\"text-align: center; border: 1px solid black;\" width=\"104\">88-93<\/td>\n<td class=\"xl71\" style=\"text-align: center; border: 1px solid black;\" width=\"104\">68-77\u00a0 \u00a0 78-87<\/td>\n<\/tr>\n<tr height=\"23\" style=\"border: 1px solid black;\">\n<td class=\"xl74\" colspan=\"2\" height=\"23\" style=\"text-align: center; border: 1px solid black;\" width=\"208\"><strong>Caderas (cm)<\/strong><\/td>\n<td class=\"xl72\" style=\"text-align: center; border: 1px solid black;\" width=\"104\">90-94<\/td>\n<td class=\"xl72\" style=\"text-align: center; border: 1px solid black;\" width=\"104\">95-100<\/td>\n<td class=\"xl71\" style=\"text-align: center; border: 1px solid black;\" width=\"104\">101-105<\/td>\n<td class=\"xl71\" style=\"text-align: center; border: 1px solid black;\" width=\"104\">106-111<\/td>\n<td class=\"xl71\" style=\"text-align: center; border: 1px solid black;\" width=\"104\">112-116<\/td>\n<td class=\"xl71\" style=\"text-align: center; border: 1px solid black;\" width=\"104\">90-100  101-111<\/td>\n<\/tr>\n<\/tbody>\n<\/table>\n<p>\u00a0<\/p>","protected":false},"excerpt":{"rendered":"<p>CHILIROSE &#8211; CR 4866 NEON GREEN TOP AND SHORTS SET S\/M<\/p>","protected":false},"featured_media":84256,"comment_status":"open","ping_status":"closed","template":"","meta":{"_eb_attr":""},"product_brand":[],"product_cat":[1225,1386,1191,1410],"product_tag":[],"class_list":{"0":"post-53208","1":"product","2":"type-product","3":"status-publish","4":"has-post-thumbnail","6":"product_cat-moda-lencerialenceria-mujer","7":"product_cat-moda-lencerialenceria-mujerlenceria-picante","8":"product_cat-moda-lenceria","9":"product_cat-moda-lencerialenceria-mujerlenceria-picantesets-con-liguero","10":"yith_product_brand-chilirose","11":"yith_product_brand-chilirosechilirose-sets","13":"first","14":"instock","15":"taxable","16":"shipping-taxable","17":"purchasable","18":"product-type-simple"},"_links":{"self":[{"href":"https:\/\/www.bananatreeshop.com\/pt\/wp-json\/wp\/v2\/product\/53208","targetHints":{"allow":["GET"]}}],"collection":[{"href":"https:\/\/www.bananatreeshop.com\/pt\/wp-json\/wp\/v2\/product"}],"about":[{"href":"https:\/\/www.bananatreeshop.com\/pt\/wp-json\/wp\/v2\/types\/product"}],"replies":[{"embeddable":true,"href":"https:\/\/www.bananatreeshop.com\/pt\/wp-json\/wp\/v2\/comments?post=53208"}],"wp:featuredmedia":[{"embeddable":true,"href":"https:\/\/www.bananatreeshop.com\/pt\/wp-json\/wp\/v2\/media\/84256"}],"wp:attachment":[{"href":"https:\/\/www.bananatreeshop.com\/pt\/wp-json\/wp\/v2\/media?parent=53208"}],"wp:term":[{"taxonomy":"product_brand","embeddable":true,"href":"https:\/\/www.bananatreeshop.com\/pt\/wp-json\/wp\/v2\/product_brand?post=53208"},{"taxonomy":"product_cat","embeddable":true,"href":"https:\/\/www.bananatreeshop.com\/pt\/wp-json\/wp\/v2\/product_cat?post=53208"},{"taxonomy":"product_tag","embeddable":true,"href":"https:\/\/www.bananatreeshop.com\/pt\/wp-json\/wp\/v2\/product_tag?post=53208"}],"curies":[{"name":"wp","href":"https:\/\/api.w.org\/{rel}","templated":true}]}}