{"id":53212,"date":"2025-07-16T21:01:02","date_gmt":"2025-07-16T21:01:02","guid":{"rendered":"https:\/\/www.bananatreeshop.com\/?post_type=product&#038;p=53212"},"modified":"2026-04-03T21:02:23","modified_gmt":"2026-04-03T21:02:23","slug":"chilirose-cr-4865-white-bra-and-stockings-set-with-garter-belt-xl","status":"publish","type":"product","link":"https:\/\/www.bananatreeshop.com\/pt\/produto\/chilirose-cr-4865-white-bra-and-stockings-set-with-garter-belt-xl\/","title":{"rendered":"CHILIROSE &#8211; CR 4865 SET SUJETADOR Y MEDIAS CON LIGUERO BLANCO XL"},"content":{"rendered":"<p>D\u00e9jate envolver por la elegancia atemporal con este exquisito conjunto de lencer\u00eda blanca, creado para resaltar tu feminidad con un equilibrio perfecto entre sofisticaci\u00f3n y sensualidad. Confeccionado en encaje delicado y el\u00e1stico, este set ha sido dise\u00f1ado para ajustarse suavemente a las curvas del cuerpo, ofreciendo una experiencia de uso c\u00f3moda y seductora a la vez.<\/p>\n<p><u><em><strong>El conjunto incluye:<\/strong><\/em><\/u><\/p>\n<ul>\n<li>Sujetador triangular con delicadas copas de encaje y tirantes ajustables<\/li>\n<li>Liguero integrado con elegantes detalles florales y bandas ajustables para sujetar las medias<\/li>\n<li>Tanga a juego, confeccionada con el mismo encaje decorativo<\/li>\n<li>Gargantilla desmontable que a\u00f1ade un toque audaz y sofisticado al escote<\/li>\n<li>Medias blancas que completan el look con una nota final de glamour<\/li>\n<\/ul>\n<p>Este conjunto es perfecto tanto para celebraciones especiales como para sorprender en una velada \u00edntima o simplemente consentirte con una pieza de lujo diario. Disponible en tallas S, M, L y XL, su dise\u00f1o el\u00e1stico se adapta perfectamente a distintas siluetas.<\/p>\n<p><u><em><strong>Detalles del producto:<\/strong><\/em><\/u><\/p>\n<ul>\n<li>Tallas disponibles: S, M, L, XL<\/li>\n<li>Color: Blanco puro<\/li>\n<li>Composici\u00f3n: 90% poliamida, 10% elastano<\/li>\n<li>Material suave, c\u00f3modo y de alta calidad<\/li>\n<li>Incluye sujetador, liguero, tanga, gargantilla desmontable y medias<\/li>\n<\/ul>\n<p>Ya sea para una noche especial o para elevar tu confianza personal, este conjunto es una joya en tu colecci\u00f3n de lencer\u00eda. \u00a1Luce y si\u00e9ntete espectacular!<\/p>\n<p>La marca <strong>CHILIROSE <\/strong>fue creada en 2008 y nuestra misi\u00f3n es ofrecer lencer\u00eda sensual y excitante a nuestros clientes a un precio competitivo. Ahora, en 2022, despu\u00e9s de 14 a\u00f1os, somos una de las principales empresas de lencer\u00eda ex\u00f3tica y tenemos una gran colecci\u00f3n de ropa de dormir, vestidos, batas, cors\u00e9s, vestidos, ropa de discoteca y m\u00e1s. Nuestro estricto control de calidad garantiza a nuestros clientes la plena satisfacci\u00f3n y hace que vender sea un placer. Cuidamos especialmente la selecci\u00f3n de nuestros materiales y la mano de obra. Ofrecemos muchos estilos nuevos y fant\u00e1sticos con regularidad y esperamos sorprenderlo positivamente cada vez.<\/p>\n<p>\u00a0<\/p>\n<table border=\"1\" cellpadding=\"0\" cellspacing=\"0\" width=\"832\">\n<tbody>\n<tr height=\"23\" style=\"border: 1px solid black;\">\n<td class=\"xl72\" colspan=\"8\" height=\"23\" style=\"text-align: center; border: 1px solid black;\" width=\"832\"><b>GU\u00cdA DE TALLAS<\/b><\/td>\n<\/tr>\n<tr height=\"23\" style=\"border: 1px solid black;\">\n<td class=\"xl73\" colspan=\"2\" height=\"23\" style=\"text-align: center; border: 1px solid black;\"><strong>TALLA<\/strong><\/td>\n<td class=\"xl71\" style=\"text-align: center; border: 1px solid black;\" width=\"104\"><strong>S<\/strong><\/td>\n<td class=\"xl71\" style=\"text-align: center; border: 1px solid black;\" width=\"104\"><strong>M<\/strong><\/td>\n<td class=\"xl71\" style=\"text-align: center; border: 1px solid black;\" width=\"104\"><strong>L<\/strong><\/td>\n<td class=\"xl71\" style=\"text-align: center; border: 1px solid black;\" width=\"104\"><strong>XL<\/strong><\/td>\n<td class=\"xl71\" style=\"text-align: center; border: 1px solid black;\" width=\"104\"><strong>XXL<\/strong><\/td>\n<td class=\"xl71\" style=\"text-align: center; border: 1px solid black;\" width=\"104\"><strong>S\/M\u00a0 \u00a0 L\/XL<\/strong><\/td>\n<\/tr>\n<tr>\n<td class=\"xl74\" colspan=\"2\" height=\"23\" style=\"text-align: center; border: 1px solid black;\" width=\"208\"><strong>Pecho (cm)<\/strong><\/td>\n<td class=\"xl72\" style=\"text-align: center; border: 1px solid black;\" width=\"104\">85-89<\/td>\n<td class=\"xl72\" style=\"text-align: center; border: 1px solid black;\" width=\"104\">90-94<\/td>\n<td class=\"xl71\" style=\"text-align: center; border: 1px solid black;\" width=\"104\">95-99<\/td>\n<td class=\"xl71\" style=\"text-align: center; border: 1px solid black;\" width=\"104\">100-104<\/td>\n<td class=\"xl71\" style=\"text-align: center; border: 1px solid black;\" width=\"104\">105-109<\/td>\n<td class=\"xl71\" style=\"text-align: center; border: 1px solid black;\" width=\"104\">85-94  95-104<\/td>\n<\/tr>\n<tr>\n<td class=\"xl74\" colspan=\"2\" height=\"23\" style=\"text-align: center; border: 1px solid black;\" width=\"208\"><strong>Bajo pecho (cm)<\/strong><\/td>\n<td class=\"xl72\" style=\"text-align: center; border: 1px solid black;\" width=\"104\"><span -webkit-text-stroke-width:=\"\" background-color:=\"\" display:=\"\" float:=\"\" font-size:=\"\" font-style:=\"\" font-variant-caps:=\"\" font-variant-ligatures:=\"\" font-weight:=\"\" inline=\"\" letter-spacing:=\"\" orphans:=\"\" style=\"color: rgb(51, 51, 51); font-family: sans-serif, Arial, Verdana, \" text-align:=\"\" text-decoration-color:=\"\" text-decoration-style:=\"\" text-decoration-thickness:=\"\" text-indent:=\"\" text-transform:=\"\" trebuchet=\"\" white-space:=\"\" widows:=\"\" word-spacing:=\"\">69-72<\/span><\/td>\n<td class=\"xl72\" style=\"text-align: center; border: 1px solid black;\" width=\"104\"><span -webkit-text-stroke-width:=\"\" background-color:=\"\" display:=\"\" float:=\"\" font-size:=\"\" font-style:=\"\" font-variant-caps:=\"\" font-variant-ligatures:=\"\" font-weight:=\"\" inline=\"\" letter-spacing:=\"\" orphans:=\"\" style=\"color: rgb(51, 51, 51); font-family: sans-serif, Arial, Verdana, \" text-align:=\"\" text-decoration-color:=\"\" text-decoration-style:=\"\" text-decoration-thickness:=\"\" text-indent:=\"\" text-transform:=\"\" trebuchet=\"\" white-space:=\"\" widows:=\"\" word-spacing:=\"\">73-77<\/span><\/td>\n<td class=\"xl71\" style=\"text-align: center; border: 1px solid black;\" width=\"104\"><span -webkit-text-stroke-width:=\"\" background-color:=\"\" display:=\"\" float:=\"\" font-size:=\"\" font-style:=\"\" font-variant-caps:=\"\" font-variant-ligatures:=\"\" font-weight:=\"\" inline=\"\" letter-spacing:=\"\" orphans:=\"\" style=\"color: rgb(51, 51, 51); font-family: sans-serif, Arial, Verdana, \" text-align:=\"\" text-decoration-color:=\"\" text-decoration-style:=\"\" text-decoration-thickness:=\"\" text-indent:=\"\" text-transform:=\"\" trebuchet=\"\" white-space:=\"\" widows:=\"\" word-spacing:=\"\">78-81<\/span><\/td>\n<td class=\"xl71\" style=\"text-align: center; border: 1px solid black;\" width=\"104\"><span -webkit-text-stroke-width:=\"\" background-color:=\"\" display:=\"\" float:=\"\" font-size:=\"\" font-style:=\"\" font-variant-caps:=\"\" font-variant-ligatures:=\"\" font-weight:=\"\" inline=\"\" letter-spacing:=\"\" orphans:=\"\" style=\"color: rgb(51, 51, 51); font-family: sans-serif, Arial, Verdana, \" text-align:=\"\" text-decoration-color:=\"\" text-decoration-style:=\"\" text-decoration-thickness:=\"\" text-indent:=\"\" text-transform:=\"\" trebuchet=\"\" white-space:=\"\" widows:=\"\" word-spacing:=\"\">82-86<\/span><\/td>\n<td class=\"xl71\" style=\"text-align: center; border: 1px solid black;\" width=\"104\"><span -webkit-text-stroke-width:=\"\" background-color:=\"\" display:=\"\" float:=\"\" font-size:=\"\" font-style:=\"\" font-variant-caps:=\"\" font-variant-ligatures:=\"\" font-weight:=\"\" inline=\"\" letter-spacing:=\"\" orphans:=\"\" style=\"color: rgb(51, 51, 51); font-family: sans-serif, Arial, Verdana, \" text-align:=\"\" text-decoration-color:=\"\" text-decoration-style:=\"\" text-decoration-thickness:=\"\" text-indent:=\"\" text-transform:=\"\" trebuchet=\"\" white-space:=\"\" widows:=\"\" word-spacing:=\"\">87-90<\/span><\/td>\n<td class=\"xl71\" style=\"text-align: center; border: 1px solid black;\" width=\"104\"><span -webkit-text-stroke-width:=\"\" background-color:=\"\" display:=\"\" float:=\"\" font-size:=\"\" font-style:=\"\" font-variant-caps:=\"\" font-variant-ligatures:=\"\" font-weight:=\"\" inline=\"\" letter-spacing:=\"\" orphans:=\"\" style=\"color: rgb(51, 51, 51); font-family: sans-serif, Arial, Verdana, \" text-align:=\"\" text-decoration-color:=\"\" text-decoration-style:=\"\" text-decoration-thickness:=\"\" text-indent:=\"\" text-transform:=\"\" trebuchet=\"\" white-space:=\"\" widows:=\"\" word-spacing:=\"\">69-77\u00a0 \u00a0 78-86<\/span><\/td>\n<\/tr>\n<tr height=\"23\" style=\"border: 1px solid black;\">\n<td class=\"xl74\" colspan=\"2\" height=\"23\" style=\"text-align: center; border: 1px solid black;\" width=\"208\"><strong>Cintura (cm)<\/strong><\/td>\n<td class=\"xl72\" style=\"text-align: center; border: 1px solid black;\" width=\"104\">68-72<\/td>\n<td class=\"xl72\" style=\"text-align: center; border: 1px solid black;\" width=\"104\">73-77<\/td>\n<td class=\"xl71\" style=\"text-align: center; border: 1px solid black;\" width=\"104\">78-82<\/td>\n<td class=\"xl71\" style=\"text-align: center; border: 1px solid black;\" width=\"104\">83-87<\/td>\n<td class=\"xl71\" style=\"text-align: center; border: 1px solid black;\" width=\"104\">88-93<\/td>\n<td class=\"xl71\" style=\"text-align: center; border: 1px solid black;\" width=\"104\">68-77\u00a0 \u00a0 78-87<\/td>\n<\/tr>\n<tr height=\"23\" style=\"border: 1px solid black;\">\n<td class=\"xl74\" colspan=\"2\" height=\"23\" style=\"text-align: center; border: 1px solid black;\" width=\"208\"><strong>Caderas (cm)<\/strong><\/td>\n<td class=\"xl72\" style=\"text-align: center; border: 1px solid black;\" width=\"104\">90-94<\/td>\n<td class=\"xl72\" style=\"text-align: center; border: 1px solid black;\" width=\"104\">95-100<\/td>\n<td class=\"xl71\" style=\"text-align: center; border: 1px solid black;\" width=\"104\">101-105<\/td>\n<td class=\"xl71\" style=\"text-align: center; border: 1px solid black;\" width=\"104\">106-111<\/td>\n<td class=\"xl71\" style=\"text-align: center; border: 1px solid black;\" width=\"104\">112-116<\/td>\n<td class=\"xl71\" style=\"text-align: center; border: 1px solid black;\" width=\"104\">90-100  101-111<\/td>\n<\/tr>\n<\/tbody>\n<\/table>\n<p>\u00a0<\/p>","protected":false},"excerpt":{"rendered":"<p>CHILIROSE &#8211; CR 4865 WHITE BRA AND STOCKINGS SET WITH GARTER BELT XL<\/p>","protected":false},"featured_media":84268,"comment_status":"open","ping_status":"closed","template":"","meta":{"_eb_attr":""},"product_brand":[],"product_cat":[1225,1386,1191,1410],"product_tag":[],"class_list":{"0":"post-53212","1":"product","2":"type-product","3":"status-publish","4":"has-post-thumbnail","6":"product_cat-moda-lencerialenceria-mujer","7":"product_cat-moda-lencerialenceria-mujerlenceria-picante","8":"product_cat-moda-lenceria","9":"product_cat-moda-lencerialenceria-mujerlenceria-picantesets-con-liguero","10":"yith_product_brand-chilirose","11":"yith_product_brand-chilirosechilirose-sets","13":"first","14":"instock","15":"taxable","16":"shipping-taxable","17":"purchasable","18":"product-type-simple"},"_links":{"self":[{"href":"https:\/\/www.bananatreeshop.com\/pt\/wp-json\/wp\/v2\/product\/53212","targetHints":{"allow":["GET"]}}],"collection":[{"href":"https:\/\/www.bananatreeshop.com\/pt\/wp-json\/wp\/v2\/product"}],"about":[{"href":"https:\/\/www.bananatreeshop.com\/pt\/wp-json\/wp\/v2\/types\/product"}],"replies":[{"embeddable":true,"href":"https:\/\/www.bananatreeshop.com\/pt\/wp-json\/wp\/v2\/comments?post=53212"}],"wp:featuredmedia":[{"embeddable":true,"href":"https:\/\/www.bananatreeshop.com\/pt\/wp-json\/wp\/v2\/media\/84268"}],"wp:attachment":[{"href":"https:\/\/www.bananatreeshop.com\/pt\/wp-json\/wp\/v2\/media?parent=53212"}],"wp:term":[{"taxonomy":"product_brand","embeddable":true,"href":"https:\/\/www.bananatreeshop.com\/pt\/wp-json\/wp\/v2\/product_brand?post=53212"},{"taxonomy":"product_cat","embeddable":true,"href":"https:\/\/www.bananatreeshop.com\/pt\/wp-json\/wp\/v2\/product_cat?post=53212"},{"taxonomy":"product_tag","embeddable":true,"href":"https:\/\/www.bananatreeshop.com\/pt\/wp-json\/wp\/v2\/product_tag?post=53212"}],"curies":[{"name":"wp","href":"https:\/\/api.w.org\/{rel}","templated":true}]}}