{"id":53225,"date":"2025-07-16T21:01:17","date_gmt":"2025-07-16T21:01:17","guid":{"rendered":"https:\/\/www.bananatreeshop.com\/?post_type=product&#038;p=53225"},"modified":"2026-04-03T21:02:33","modified_gmt":"2026-04-03T21:02:33","slug":"chilirose-cr-4861-blue-printed-corset-s","status":"publish","type":"product","link":"https:\/\/www.bananatreeshop.com\/pt\/produto\/chilirose-cr-4861-blue-printed-corset-s\/","title":{"rendered":"CHILIROSE &#8211; CR 4861 CORSET ESTAMPADO AZUL S"},"content":{"rendered":"<p>Luce tu figura con confianza y estilo con este impactante conjunto de cors\u00e9 azul, una pieza que mezcla sensualidad y modernidad en un dise\u00f1o fuera de lo com\u00fan. Con un estampado art\u00edstico en tonos azules, rosas y violetas, y remates negros que estructuran visualmente el cuerpo, este set es tan atrevido como sofisticado.<\/p>\n<p>El cors\u00e9 tiene copas con aros que realzan el busto, tirantes ajustables y un dise\u00f1o de cintura entallada que afina la silueta. Las aberturas laterales y frontales a\u00f1aden un toque de seducci\u00f3n audaz, mientras que las ligas con detalles met\u00e1licos completan un look absolutamente inolvidable. El conjunto se complementa con una tanga a juego y unas medias negras, listas para impresionar.<\/p>\n<p><u><em><strong>Incluye:<\/strong><\/em><\/u><\/p>\n<ul>\n<li>Cors\u00e9 estampado con estructura y soporte<\/li>\n<li>Tanga coordinada<\/li>\n<li>Medias negras<\/li>\n<\/ul>\n<p><u><em><strong>Caracter\u00edsticas del producto:<\/strong><\/em><\/u><\/p>\n<ul>\n<li>Estilo moderno con estampado art\u00edstico<\/li>\n<li>Tirantes y ligas ajustables<\/li>\n<li>Material suave y el\u00e1stico: 90% poli\u00e9ster, 10% elastano<\/li>\n<li>Color: Azul multicolor con detalles negros<\/li>\n<li>Talla adaptable gracias a su confecci\u00f3n flexible<\/li>\n<\/ul>\n<p>Este conjunto es ideal para quienes desean destacar con una propuesta atrevida, fresca y elegante al mismo tiempo. Perfecto para una noche especial o para romper la rutina con un look que celebra la sensualidad sin complejos.<\/p>\n<p>\u00a0<\/p>\n<p>La marca <strong>CHILIROSE <\/strong>fue creada en 2008 y nuestra misi\u00f3n es ofrecer lencer\u00eda sensual y excitante a nuestros clientes a un precio competitivo. Ahora, en 2022, despu\u00e9s de 14 a\u00f1os, somos una de las principales empresas de lencer\u00eda ex\u00f3tica y tenemos una gran colecci\u00f3n de ropa de dormir, vestidos, batas, cors\u00e9s, vestidos, ropa de discoteca y m\u00e1s. Nuestro estricto control de calidad garantiza a nuestros clientes la plena satisfacci\u00f3n y hace que vender sea un placer. Cuidamos especialmente la selecci\u00f3n de nuestros materiales y la mano de obra. Ofrecemos muchos estilos nuevos y fant\u00e1sticos con regularidad y esperamos sorprenderlo positivamente cada vez.<\/p>\n<p>\u00a0<\/p>\n<table border=\"1\" cellpadding=\"0\" cellspacing=\"0\" width=\"832\">\n<tbody>\n<tr height=\"23\" style=\"border: 1px solid black;\">\n<td class=\"xl72\" colspan=\"8\" height=\"23\" style=\"text-align: center; border: 1px solid black;\" width=\"832\"><b>GU\u00cdA DE TALLAS<\/b><\/td>\n<\/tr>\n<tr height=\"23\" style=\"border: 1px solid black;\">\n<td class=\"xl73\" colspan=\"2\" height=\"23\" style=\"text-align: center; border: 1px solid black;\"><strong>TALLA<\/strong><\/td>\n<td class=\"xl71\" style=\"text-align: center; border: 1px solid black;\" width=\"104\"><strong>S<\/strong><\/td>\n<td class=\"xl71\" style=\"text-align: center; border: 1px solid black;\" width=\"104\"><strong>M<\/strong><\/td>\n<td class=\"xl71\" style=\"text-align: center; border: 1px solid black;\" width=\"104\"><strong>L<\/strong><\/td>\n<td class=\"xl71\" style=\"text-align: center; border: 1px solid black;\" width=\"104\"><strong>XL<\/strong><\/td>\n<td class=\"xl71\" style=\"text-align: center; border: 1px solid black;\" width=\"104\"><strong>XXL<\/strong><\/td>\n<td class=\"xl71\" style=\"text-align: center; border: 1px solid black;\" width=\"104\"><strong>S\/M\u00a0 \u00a0 L\/XL<\/strong><\/td>\n<\/tr>\n<tr>\n<td class=\"xl74\" colspan=\"2\" height=\"23\" style=\"text-align: center; border: 1px solid black;\" width=\"208\"><strong>Pecho (cm)<\/strong><\/td>\n<td class=\"xl72\" style=\"text-align: center; border: 1px solid black;\" width=\"104\">85-89<\/td>\n<td class=\"xl72\" style=\"text-align: center; border: 1px solid black;\" width=\"104\">90-94<\/td>\n<td class=\"xl71\" style=\"text-align: center; border: 1px solid black;\" width=\"104\">95-99<\/td>\n<td class=\"xl71\" style=\"text-align: center; border: 1px solid black;\" width=\"104\">100-104<\/td>\n<td class=\"xl71\" style=\"text-align: center; border: 1px solid black;\" width=\"104\">105-109<\/td>\n<td class=\"xl71\" style=\"text-align: center; border: 1px solid black;\" width=\"104\">85-94  95-104<\/td>\n<\/tr>\n<tr>\n<td class=\"xl74\" colspan=\"2\" height=\"23\" style=\"text-align: center; border: 1px solid black;\" width=\"208\"><strong>Bajo pecho (cm)<\/strong><\/td>\n<td class=\"xl72\" style=\"text-align: center; border: 1px solid black;\" width=\"104\"><span -webkit-text-stroke-width:=\"\" background-color:=\"\" display:=\"\" float:=\"\" font-size:=\"\" font-style:=\"\" font-variant-caps:=\"\" font-variant-ligatures:=\"\" font-weight:=\"\" inline=\"\" letter-spacing:=\"\" orphans:=\"\" style=\"color: rgb(51, 51, 51); font-family: sans-serif, Arial, Verdana, \" text-align:=\"\" text-decoration-color:=\"\" text-decoration-style:=\"\" text-decoration-thickness:=\"\" text-indent:=\"\" text-transform:=\"\" trebuchet=\"\" white-space:=\"\" widows:=\"\" word-spacing:=\"\">69-72<\/span><\/td>\n<td class=\"xl72\" style=\"text-align: center; border: 1px solid black;\" width=\"104\"><span -webkit-text-stroke-width:=\"\" background-color:=\"\" display:=\"\" float:=\"\" font-size:=\"\" font-style:=\"\" font-variant-caps:=\"\" font-variant-ligatures:=\"\" font-weight:=\"\" inline=\"\" letter-spacing:=\"\" orphans:=\"\" style=\"color: rgb(51, 51, 51); font-family: sans-serif, Arial, Verdana, \" text-align:=\"\" text-decoration-color:=\"\" text-decoration-style:=\"\" text-decoration-thickness:=\"\" text-indent:=\"\" text-transform:=\"\" trebuchet=\"\" white-space:=\"\" widows:=\"\" word-spacing:=\"\">73-77<\/span><\/td>\n<td class=\"xl71\" style=\"text-align: center; border: 1px solid black;\" width=\"104\"><span -webkit-text-stroke-width:=\"\" background-color:=\"\" display:=\"\" float:=\"\" font-size:=\"\" font-style:=\"\" font-variant-caps:=\"\" font-variant-ligatures:=\"\" font-weight:=\"\" inline=\"\" letter-spacing:=\"\" orphans:=\"\" style=\"color: rgb(51, 51, 51); font-family: sans-serif, Arial, Verdana, \" text-align:=\"\" text-decoration-color:=\"\" text-decoration-style:=\"\" text-decoration-thickness:=\"\" text-indent:=\"\" text-transform:=\"\" trebuchet=\"\" white-space:=\"\" widows:=\"\" word-spacing:=\"\">78-81<\/span><\/td>\n<td class=\"xl71\" style=\"text-align: center; border: 1px solid black;\" width=\"104\"><span -webkit-text-stroke-width:=\"\" background-color:=\"\" display:=\"\" float:=\"\" font-size:=\"\" font-style:=\"\" font-variant-caps:=\"\" font-variant-ligatures:=\"\" font-weight:=\"\" inline=\"\" letter-spacing:=\"\" orphans:=\"\" style=\"color: rgb(51, 51, 51); font-family: sans-serif, Arial, Verdana, \" text-align:=\"\" text-decoration-color:=\"\" text-decoration-style:=\"\" text-decoration-thickness:=\"\" text-indent:=\"\" text-transform:=\"\" trebuchet=\"\" white-space:=\"\" widows:=\"\" word-spacing:=\"\">82-86<\/span><\/td>\n<td class=\"xl71\" style=\"text-align: center; border: 1px solid black;\" width=\"104\"><span -webkit-text-stroke-width:=\"\" background-color:=\"\" display:=\"\" float:=\"\" font-size:=\"\" font-style:=\"\" font-variant-caps:=\"\" font-variant-ligatures:=\"\" font-weight:=\"\" inline=\"\" letter-spacing:=\"\" orphans:=\"\" style=\"color: rgb(51, 51, 51); font-family: sans-serif, Arial, Verdana, \" text-align:=\"\" text-decoration-color:=\"\" text-decoration-style:=\"\" text-decoration-thickness:=\"\" text-indent:=\"\" text-transform:=\"\" trebuchet=\"\" white-space:=\"\" widows:=\"\" word-spacing:=\"\">87-90<\/span><\/td>\n<td class=\"xl71\" style=\"text-align: center; border: 1px solid black;\" width=\"104\"><span -webkit-text-stroke-width:=\"\" background-color:=\"\" display:=\"\" float:=\"\" font-size:=\"\" font-style:=\"\" font-variant-caps:=\"\" font-variant-ligatures:=\"\" font-weight:=\"\" inline=\"\" letter-spacing:=\"\" orphans:=\"\" style=\"color: rgb(51, 51, 51); font-family: sans-serif, Arial, Verdana, \" text-align:=\"\" text-decoration-color:=\"\" text-decoration-style:=\"\" text-decoration-thickness:=\"\" text-indent:=\"\" text-transform:=\"\" trebuchet=\"\" white-space:=\"\" widows:=\"\" word-spacing:=\"\">69-77\u00a0 \u00a0 78-86<\/span><\/td>\n<\/tr>\n<tr height=\"23\" style=\"border: 1px solid black;\">\n<td class=\"xl74\" colspan=\"2\" height=\"23\" style=\"text-align: center; border: 1px solid black;\" width=\"208\"><strong>Cintura (cm)<\/strong><\/td>\n<td class=\"xl72\" style=\"text-align: center; border: 1px solid black;\" width=\"104\">68-72<\/td>\n<td class=\"xl72\" style=\"text-align: center; border: 1px solid black;\" width=\"104\">73-77<\/td>\n<td class=\"xl71\" style=\"text-align: center; border: 1px solid black;\" width=\"104\">78-82<\/td>\n<td class=\"xl71\" style=\"text-align: center; border: 1px solid black;\" width=\"104\">83-87<\/td>\n<td class=\"xl71\" style=\"text-align: center; border: 1px solid black;\" width=\"104\">88-93<\/td>\n<td class=\"xl71\" style=\"text-align: center; border: 1px solid black;\" width=\"104\">68-77\u00a0 \u00a0 78-87<\/td>\n<\/tr>\n<tr height=\"23\" style=\"border: 1px solid black;\">\n<td class=\"xl74\" colspan=\"2\" height=\"23\" style=\"text-align: center; border: 1px solid black;\" width=\"208\"><strong>Caderas (cm)<\/strong><\/td>\n<td class=\"xl72\" style=\"text-align: center; border: 1px solid black;\" width=\"104\">90-94<\/td>\n<td class=\"xl72\" style=\"text-align: center; border: 1px solid black;\" width=\"104\">95-100<\/td>\n<td class=\"xl71\" style=\"text-align: center; border: 1px solid black;\" width=\"104\">101-105<\/td>\n<td class=\"xl71\" style=\"text-align: center; border: 1px solid black;\" width=\"104\">106-111<\/td>\n<td class=\"xl71\" style=\"text-align: center; border: 1px solid black;\" width=\"104\">112-116<\/td>\n<td class=\"xl71\" style=\"text-align: center; border: 1px solid black;\" width=\"104\">90-100  101-111<\/td>\n<\/tr>\n<\/tbody>\n<\/table>\n<p>\u00a0<\/p>","protected":false},"excerpt":{"rendered":"<p>CHILIROSE &#8211; CR 4861 BLUE PRINTED CORSET S<\/p>","protected":false},"featured_media":84279,"comment_status":"open","ping_status":"closed","template":"","meta":{"_eb_attr":""},"product_brand":[],"product_cat":[1409,1225,1386,1191],"product_tag":[],"class_list":{"0":"post-53225","1":"product","2":"type-product","3":"status-publish","4":"has-post-thumbnail","6":"product_cat-moda-lencerialenceria-mujerlenceria-picantecorsets","7":"product_cat-moda-lencerialenceria-mujer","8":"product_cat-moda-lencerialenceria-mujerlenceria-picante","9":"product_cat-moda-lenceria","10":"yith_product_brand-chilirose","11":"yith_product_brand-chilirosechilirose-corsets","13":"first","14":"instock","15":"taxable","16":"shipping-taxable","17":"purchasable","18":"product-type-simple"},"_links":{"self":[{"href":"https:\/\/www.bananatreeshop.com\/pt\/wp-json\/wp\/v2\/product\/53225","targetHints":{"allow":["GET"]}}],"collection":[{"href":"https:\/\/www.bananatreeshop.com\/pt\/wp-json\/wp\/v2\/product"}],"about":[{"href":"https:\/\/www.bananatreeshop.com\/pt\/wp-json\/wp\/v2\/types\/product"}],"replies":[{"embeddable":true,"href":"https:\/\/www.bananatreeshop.com\/pt\/wp-json\/wp\/v2\/comments?post=53225"}],"wp:featuredmedia":[{"embeddable":true,"href":"https:\/\/www.bananatreeshop.com\/pt\/wp-json\/wp\/v2\/media\/84279"}],"wp:attachment":[{"href":"https:\/\/www.bananatreeshop.com\/pt\/wp-json\/wp\/v2\/media?parent=53225"}],"wp:term":[{"taxonomy":"product_brand","embeddable":true,"href":"https:\/\/www.bananatreeshop.com\/pt\/wp-json\/wp\/v2\/product_brand?post=53225"},{"taxonomy":"product_cat","embeddable":true,"href":"https:\/\/www.bananatreeshop.com\/pt\/wp-json\/wp\/v2\/product_cat?post=53225"},{"taxonomy":"product_tag","embeddable":true,"href":"https:\/\/www.bananatreeshop.com\/pt\/wp-json\/wp\/v2\/product_tag?post=53225"}],"curies":[{"name":"wp","href":"https:\/\/api.w.org\/{rel}","templated":true}]}}