{"id":53272,"date":"2025-07-08T07:37:03","date_gmt":"2025-07-08T07:37:03","guid":{"rendered":"https:\/\/www.bananatreeshop.com\/?post_type=product&#038;p=53272"},"modified":"2026-04-14T15:01:28","modified_gmt":"2026-04-14T15:01:28","slug":"silexd-helena-natural-female-realistic-torso","status":"publish","type":"product","link":"https:\/\/www.bananatreeshop.com\/pt\/produto\/silexd-helena-natural-female-realistic-torso\/","title":{"rendered":"SILEXD &#8211; HELENA TORSO REAL\u00cdSTICO FEMENINO NATURAL"},"content":{"rendered":"<p>El modelo Helena de <strong>SILEXD <\/strong>es un torso femenino realista de alta gama, dise\u00f1ado para ofrecer una experiencia aut\u00e9ntica tanto visual como al tacto. Fabricado con materiales de \u00faltima generaci\u00f3n, combina tecnolog\u00eda, est\u00e9tica y funcionalidad en una sola pieza.<\/p>\n<p><u><strong>HELENA  Mu\u00f1eca sexual realista de silicona premium<\/strong><\/u><\/p>\n<ul>\n<li><strong>Dise\u00f1o ultrarrealista<\/strong>:\u00a0curvas sensuales, areolas detalladas y textura de piel realista para una experiencia verdaderamente inmersiva.<\/li>\n<li><strong>T\u00faneles \u00edntimos duales<\/strong>:\u00a0entradas vaginales y anales con interiores texturizados ultra ajustados dise\u00f1ados para una m\u00e1xima estimulaci\u00f3n.<\/li>\n<li><strong>Tacto suave aterciopelado<\/strong>:\u00a0silicona de primera calidad que se siente suave, c\u00e1lida e incre\u00edblemente realista contra tu piel.<\/li>\n<li><strong>Pechos grandes y trasero redondeado<\/strong>:\u00a0curvas femeninas perfectamente esculpidas: una invitaci\u00f3n irresistible al placer.<\/li>\n<li><strong>Materiales seguros y de primera calidad<\/strong>:\u00a0fabricados con silicona ultra suave y Silexpan: libre de ftalatos, hipoalerg\u00e9nico y seguro para el cuerpo.<\/li>\n<li><strong>Detalles hiperrealistas<\/strong>:\u00a0venas sutiles, rubor natural e imperfecciones delicadas hacen que cada cent\u00edmetro luzca y se sienta real.<\/li>\n<li><strong>Tama\u00f1o y peso ideales<\/strong>:\u00a0estable y f\u00e1cil de manejar, perfecto para sesiones intensas en solitario y fantas\u00edas cumplidas.<\/li>\n<\/ul>\n<p><u><strong>TALLAS<\/strong><\/u>:<\/p>\n<ul>\n<li><strong>Altura<\/strong>:\u00a048 cm<\/li>\n<li><strong>Peso<\/strong>:\u00a08,7 kg<\/li>\n<li><strong>Profundidad vaginal<\/strong>:\u00a017,3 cm<\/li>\n<li><strong>Profundidad anal<\/strong>:\u00a015,6 cm<\/li>\n<li><strong>Circunferencia del busto superior<\/strong>:\u00a071 cm<\/li>\n<li><strong>Circunferencia bajo el busto<\/strong>:\u00a057 cm<\/li>\n<li><strong>Talla de copa<\/strong>:\u00a071B<\/li>\n<li><strong>Materiales<\/strong>:\u00a0Silicona premium ultra suave y Silexpan<\/li>\n<\/ul>","protected":false},"excerpt":{"rendered":"<p>SILEXD &#8211; HELENA NATURAL FEMALE REALISTIC TORSO<\/p>","protected":false},"featured_media":53273,"comment_status":"open","ping_status":"closed","template":"","meta":{"_eb_attr":""},"product_brand":[],"product_cat":[1152,1312],"product_tag":[],"class_list":{"0":"post-53272","1":"product","2":"type-product","3":"status-publish","4":"has-post-thumbnail","6":"product_cat-juguetes-bienestar","7":"product_cat-juguetes-bienestar-munecs-tamano-real","8":"yith_product_brand-silexd","10":"first","11":"instock","12":"taxable","13":"shipping-taxable","14":"purchasable","15":"product-type-simple"},"_links":{"self":[{"href":"https:\/\/www.bananatreeshop.com\/pt\/wp-json\/wp\/v2\/product\/53272","targetHints":{"allow":["GET"]}}],"collection":[{"href":"https:\/\/www.bananatreeshop.com\/pt\/wp-json\/wp\/v2\/product"}],"about":[{"href":"https:\/\/www.bananatreeshop.com\/pt\/wp-json\/wp\/v2\/types\/product"}],"replies":[{"embeddable":true,"href":"https:\/\/www.bananatreeshop.com\/pt\/wp-json\/wp\/v2\/comments?post=53272"}],"wp:featuredmedia":[{"embeddable":true,"href":"https:\/\/www.bananatreeshop.com\/pt\/wp-json\/wp\/v2\/media\/53273"}],"wp:attachment":[{"href":"https:\/\/www.bananatreeshop.com\/pt\/wp-json\/wp\/v2\/media?parent=53272"}],"wp:term":[{"taxonomy":"product_brand","embeddable":true,"href":"https:\/\/www.bananatreeshop.com\/pt\/wp-json\/wp\/v2\/product_brand?post=53272"},{"taxonomy":"product_cat","embeddable":true,"href":"https:\/\/www.bananatreeshop.com\/pt\/wp-json\/wp\/v2\/product_cat?post=53272"},{"taxonomy":"product_tag","embeddable":true,"href":"https:\/\/www.bananatreeshop.com\/pt\/wp-json\/wp\/v2\/product_tag?post=53272"}],"curies":[{"name":"wp","href":"https:\/\/api.w.org\/{rel}","templated":true}]}}