{"id":54221,"date":"2025-07-08T18:01:24","date_gmt":"2025-07-08T18:01:24","guid":{"rendered":"https:\/\/www.bananatreeshop.com\/?post_type=product&#038;p=54221"},"modified":"2026-04-05T12:23:00","modified_gmt":"2026-04-05T12:23:00","slug":"eros-aqua-sensations-water-based-lubricant-100-ml","status":"publish","type":"product","link":"https:\/\/www.bananatreeshop.com\/pt\/produto\/eros-aqua-sensations-water-based-lubricant-100-ml\/","title":{"rendered":"EROS &#8211; AQUA SENSATIONS LUBRICANTE BASE AGUA 100 ML"},"content":{"rendered":"<p>Te gusto lo bonito y h\u00famedo?, Eros Water Based son productos deslizantes a base de agua que tiene una agradable humedad, con efecto de enfriamiento.<\/p>\n<p>\u00a1Diversi\u00f3n y goce garantizado!.<\/p>\n<p>Eros Aqua Sensations es una l\u00ednea de productos que ofrece lubricantes para todo tipo de juegos y necesidades, adem\u00e1s de nuestra formulaci\u00f3n probada.<\/p>\n<p>Eros Aqua Sensations es un lubricante a base de agua que proporciona una experiencia agradable y h\u00fameda, con efecto de refrigeraci\u00f3n. adem\u00e1s de mejorar la calidad de deslizamiento, tambi\u00e9n hidrata y por o tanto es bueno para la piel.<\/p>\n<p>No deja rastro ni es pegajoso.<\/p>\n<p>Aqua Sensations crea una nueva sensaci\u00f3n pura, sana y excitante. Te deseamos un juego amoroso h\u00famedo y feliz.<\/p>\n<p>Caracter\u00edsticas:<\/p>\n<ul>\n<li>\u00a0Dermatol\u00f3gicamente probado.<\/li>\n<li>\u00a0Muy econ\u00f3mico.<\/li>\n<li>\u00a0Larga duraci\u00f3n.<\/li>\n<li>\u00a0Apto con condones de l\u00e1tex.<\/li>\n<li>\u00a0Base de agua.<\/li>\n<li>\u00a0Ins\u00edpido.<\/li>\n<li>\u00a0Incoloro e inodoro.<\/li>\n<li>\u00a0Sin perfumes ni aceites.<\/li>\n<\/ul>\n<p>Envase de 100 ml.<\/p>\n<p style=\"text-align: center;\">\u00a0<\/p>","protected":false},"excerpt":{"rendered":"<p>EROS &#8211; AQUA SENSATIONS WATER BASED LUBRICANT 100 ML<\/p>","protected":false},"featured_media":54222,"comment_status":"open","ping_status":"closed","template":"","meta":{"_eb_attr":""},"product_brand":[],"product_cat":[1170,1163,1169],"product_tag":[],"class_list":{"0":"post-54221","1":"product","2":"type-product","3":"status-publish","4":"has-post-thumbnail","6":"product_cat-drogueria-lubricantesbase-agua","7":"product_cat-drogueria","8":"product_cat-drogueria-lubricantes","9":"yith_product_brand-eros","10":"yith_product_brand-eroseros-classic-line","12":"first","13":"instock","14":"taxable","15":"shipping-taxable","16":"purchasable","17":"product-type-simple"},"_links":{"self":[{"href":"https:\/\/www.bananatreeshop.com\/pt\/wp-json\/wp\/v2\/product\/54221","targetHints":{"allow":["GET"]}}],"collection":[{"href":"https:\/\/www.bananatreeshop.com\/pt\/wp-json\/wp\/v2\/product"}],"about":[{"href":"https:\/\/www.bananatreeshop.com\/pt\/wp-json\/wp\/v2\/types\/product"}],"replies":[{"embeddable":true,"href":"https:\/\/www.bananatreeshop.com\/pt\/wp-json\/wp\/v2\/comments?post=54221"}],"wp:featuredmedia":[{"embeddable":true,"href":"https:\/\/www.bananatreeshop.com\/pt\/wp-json\/wp\/v2\/media\/54222"}],"wp:attachment":[{"href":"https:\/\/www.bananatreeshop.com\/pt\/wp-json\/wp\/v2\/media?parent=54221"}],"wp:term":[{"taxonomy":"product_brand","embeddable":true,"href":"https:\/\/www.bananatreeshop.com\/pt\/wp-json\/wp\/v2\/product_brand?post=54221"},{"taxonomy":"product_cat","embeddable":true,"href":"https:\/\/www.bananatreeshop.com\/pt\/wp-json\/wp\/v2\/product_cat?post=54221"},{"taxonomy":"product_tag","embeddable":true,"href":"https:\/\/www.bananatreeshop.com\/pt\/wp-json\/wp\/v2\/product_tag?post=54221"}],"curies":[{"name":"wp","href":"https:\/\/api.w.org\/{rel}","templated":true}]}}