{"id":5487,"date":"2025-07-17T21:00:53","date_gmt":"2025-07-17T21:00:53","guid":{"rendered":"https:\/\/www.bananatreeshop.com\/?post_type=product&#038;p=5487"},"modified":"2026-04-04T06:04:27","modified_gmt":"2026-04-04T06:04:27","slug":"eros-art-feroman-perfume-pheromones-for-men-20-ml","status":"publish","type":"product","link":"https:\/\/www.bananatreeshop.com\/pt\/produto\/eros-art-feroman-perfume-pheromones-for-men-20-ml\/","title":{"rendered":"EROS-ART &#8211; FEROMAN PERFUME FEROMONAS HOMBRE 20 ML"},"content":{"rendered":"<p>Con Feroman provocar\u00e1s, en el sexo contrario, un irresistible deseo de contacto er\u00f3tico sexual, estimulando todos sus sentidos.<\/p>\n<p>Las feromonas son sustancias biol\u00f3gicas que tienen la propiedad de activar el l\u00f3bulo anterior de la hip\u00f3fisis del ser humano para que segregue las hormonas necesarias para despertar en el receptos del perfume, y a trav\u00e9s del olfato, los est\u00edmulos sexuales y libidinosos latentes.<\/p>\n<p>Utilizarlo como un perfume normal, sin mezclarlo con otro.<\/p>\n<p>Envase de 20 ML<\/p>","protected":false},"excerpt":{"rendered":"<p>EROS-ART &#8211; FEROMAN PERFUME PHEROMONES FOR MEN 20 ML<\/p>","protected":false},"featured_media":86475,"comment_status":"open","ping_status":"closed","template":"","meta":{"_eb_attr":""},"product_brand":[],"product_cat":[1163,1164,1166],"product_tag":[],"class_list":{"0":"post-5487","1":"product","2":"type-product","3":"status-publish","4":"has-post-thumbnail","6":"product_cat-drogueria","7":"product_cat-drogueria-perfumes","8":"product_cat-drogueria-perfumes-perfumes-feromonas-masculinas","9":"yith_product_brand-eros-art","11":"first","12":"instock","13":"taxable","14":"shipping-taxable","15":"purchasable","16":"product-type-simple"},"_links":{"self":[{"href":"https:\/\/www.bananatreeshop.com\/pt\/wp-json\/wp\/v2\/product\/5487","targetHints":{"allow":["GET"]}}],"collection":[{"href":"https:\/\/www.bananatreeshop.com\/pt\/wp-json\/wp\/v2\/product"}],"about":[{"href":"https:\/\/www.bananatreeshop.com\/pt\/wp-json\/wp\/v2\/types\/product"}],"replies":[{"embeddable":true,"href":"https:\/\/www.bananatreeshop.com\/pt\/wp-json\/wp\/v2\/comments?post=5487"}],"wp:featuredmedia":[{"embeddable":true,"href":"https:\/\/www.bananatreeshop.com\/pt\/wp-json\/wp\/v2\/media\/86475"}],"wp:attachment":[{"href":"https:\/\/www.bananatreeshop.com\/pt\/wp-json\/wp\/v2\/media?parent=5487"}],"wp:term":[{"taxonomy":"product_brand","embeddable":true,"href":"https:\/\/www.bananatreeshop.com\/pt\/wp-json\/wp\/v2\/product_brand?post=5487"},{"taxonomy":"product_cat","embeddable":true,"href":"https:\/\/www.bananatreeshop.com\/pt\/wp-json\/wp\/v2\/product_cat?post=5487"},{"taxonomy":"product_tag","embeddable":true,"href":"https:\/\/www.bananatreeshop.com\/pt\/wp-json\/wp\/v2\/product_tag?post=5487"}],"curies":[{"name":"wp","href":"https:\/\/api.w.org\/{rel}","templated":true}]}}