{"id":5686,"date":"2025-07-09T03:01:28","date_gmt":"2025-07-09T03:01:28","guid":{"rendered":"https:\/\/www.bananatreeshop.com\/?post_type=product&#038;p=5686"},"modified":"2026-03-31T16:03:31","modified_gmt":"2026-03-31T16:03:31","slug":"kheper-games-sex-board-game-es-en","status":"publish","type":"product","link":"https:\/\/www.bananatreeshop.com\/pt\/produto\/kheper-games-sex-board-game-es-en\/","title":{"rendered":"KHEPER GAMES &#8211; SEX JUEGO PARA PAREJAS"},"content":{"rendered":"<p>El popular Kama Sutra convertido ahora en un entretenido y ardiente juego de mesa. Los amantes, a medida que avanzan por el tablero, emprenden juegos er\u00f3ticos y se dejan llevar por las m\u00e1s fogosas pasiones.<\/p>\n<p>Gana cartas de Sex! al acertar respuestas.<\/p>\n<p>Las preguntas y respuestas sobre sexo, para ella y para \u00e9l. Os ayudar\u00e1n a conocer mejor los gustos sexuales de la pareja mientras aprend\u00e9is cosas fascinantes sobre el sexo.<\/p>\n<p>T\u00fa y tu amante ganar\u00e9is cuando hay\u00e1is completado una fantas\u00eda de 6 posturas sexuales. Pueden variar de la m\u00e1s ardiente a la m\u00e1s apote\u00f3sica!<\/p>\n<p>Incluye el tablero, 35 cartas de preguntas &#8220;Para \u00e9l&#8221;, 35 cartas de preguntas &#8220;Para ella&#8221;, 60 cartas de Sex!, 3 dados, 2 fichas de jugador.<\/p>\n<p>Instrucciones en Espa\u00f1ol e Ingles.<\/p>\n<p><img decoding=\"async\" alt=\"\" src=\"https:\/\/interno.dreamlove.es\/UserFiles\/image\/ingles-espa\u00f1ol.png\" style=\"width: 64px; height: 31px;\" \/><\/p>","protected":false},"excerpt":{"rendered":"<p>PACKAGING DISPONIBLE EN: \/en\/es\/<\/p>","protected":false},"featured_media":56783,"comment_status":"open","ping_status":"closed","template":"","meta":{"_eb_attr":""},"product_brand":[],"product_cat":[1187,1189,1188,1207,1208],"product_tag":[],"class_list":{"0":"post-5686","1":"product","2":"type-product","3":"status-publish","4":"has-post-thumbnail","6":"product_cat-juegos","7":"product_cat-juegos-juegos-de-mesa","8":"product_cat-juegos-juegos-de-pareja","9":"product_cat-juegos-juegos-en-espanol","10":"product_cat-juegos-juegos-en-ingles","11":"yith_product_brand-kheper-games","13":"first","14":"instock","15":"taxable","16":"shipping-taxable","17":"purchasable","18":"product-type-simple"},"_links":{"self":[{"href":"https:\/\/www.bananatreeshop.com\/pt\/wp-json\/wp\/v2\/product\/5686","targetHints":{"allow":["GET"]}}],"collection":[{"href":"https:\/\/www.bananatreeshop.com\/pt\/wp-json\/wp\/v2\/product"}],"about":[{"href":"https:\/\/www.bananatreeshop.com\/pt\/wp-json\/wp\/v2\/types\/product"}],"replies":[{"embeddable":true,"href":"https:\/\/www.bananatreeshop.com\/pt\/wp-json\/wp\/v2\/comments?post=5686"}],"wp:featuredmedia":[{"embeddable":true,"href":"https:\/\/www.bananatreeshop.com\/pt\/wp-json\/wp\/v2\/media\/56783"}],"wp:attachment":[{"href":"https:\/\/www.bananatreeshop.com\/pt\/wp-json\/wp\/v2\/media?parent=5686"}],"wp:term":[{"taxonomy":"product_brand","embeddable":true,"href":"https:\/\/www.bananatreeshop.com\/pt\/wp-json\/wp\/v2\/product_brand?post=5686"},{"taxonomy":"product_cat","embeddable":true,"href":"https:\/\/www.bananatreeshop.com\/pt\/wp-json\/wp\/v2\/product_cat?post=5686"},{"taxonomy":"product_tag","embeddable":true,"href":"https:\/\/www.bananatreeshop.com\/pt\/wp-json\/wp\/v2\/product_tag?post=5686"}],"curies":[{"name":"wp","href":"https:\/\/api.w.org\/{rel}","templated":true}]}}