{"id":59386,"date":"2025-07-09T17:01:11","date_gmt":"2025-07-09T17:01:11","guid":{"rendered":"https:\/\/www.bananatreeshop.com\/?post_type=product&#038;p=59386"},"modified":"2026-04-03T10:01:31","modified_gmt":"2026-04-03T10:01:31","slug":"pdx-plus-pick-your-pleasure-double-masturbator","status":"publish","type":"product","link":"https:\/\/www.bananatreeshop.com\/pt\/produto\/pdx-plus-pick-your-pleasure-double-masturbator\/","title":{"rendered":"PDX PLUS &#8211; PICK YOUR PLEASURE MASTURBADOR DOBLE"},"content":{"rendered":"<p>\u00a1Elige la mejor forma de penetrar y da vida a tus fantas\u00edas m\u00e1s calientes con el ultrarrealista Pick Your Pleasure Stroker!<\/p>\n<p>Cada pieza presenta una textura de piel s\u00faper detallada y dos orificios diferentes para la penetraci\u00f3n. Ya sea que anheles vagina o ano\u00a0\u00a1este masturbador lo tiene todo! \u00a1Tambi\u00e9n cuenta con un intrincado t\u00fanel interior forrado con protuberancias de placer que sacudir\u00e1n tu mundo!<\/p>\n<p>Fabricado con nuestro exclusivo material Fanta Flesh, el Pick Your Pleasure Stroker se ve y se siente como si fuera real.<\/p>\n<p>Caracter\u00edsticas<\/p>\n<ul>\n<li>Elige tu orificio: \u00a1Perfecto para aquellos que anhelan variedad!<\/li>\n<li>Intrincado dise\u00f1o de t\u00fanel: dise\u00f1ado para brindarle el m\u00e1ximo placer.<\/li>\n<li>Textura de piel realista: \u00a1Los detalles s\u00faper finos hacen que se vea y se sienta como algo real!<\/li>\n<li>Dimensiones del producto: 16.5 x 9.7 cm<\/li>\n<li>Longitud total: 16.5 cm<\/li>\n<li>Di\u00e1metro:Se estira\u00a0hasta los\u00a07.6 cm<\/li>\n<li>Longitud insertable:\n<ul>\n<li>Anal: 12.7 cm <\/li>\n<li>Vagina: 12.7 cm<\/li>\n<\/ul>\n<\/li>\n<li>Bodysafe: Si<\/li>\n<li>Material: FantaFlesh TPR&#8221;<\/li>\n<\/ul>","protected":false},"excerpt":{"rendered":"<p>PDX PLUS &#8211; PICK YOUR PLEASURE DOUBLE MASTURBATOR<\/p>","protected":false},"featured_media":59387,"comment_status":"open","ping_status":"closed","template":"","meta":{"_eb_attr":""},"product_brand":[],"product_cat":[1152],"product_tag":[],"class_list":{"0":"post-59386","1":"product","2":"type-product","3":"status-publish","4":"has-post-thumbnail","6":"product_cat-juguetes-bienestar","7":"yith_product_brand-pipedreamspdx-plus","8":"yith_product_brand-pipedreams","10":"first","11":"instock","12":"taxable","13":"shipping-taxable","14":"purchasable","15":"product-type-simple"},"_links":{"self":[{"href":"https:\/\/www.bananatreeshop.com\/pt\/wp-json\/wp\/v2\/product\/59386","targetHints":{"allow":["GET"]}}],"collection":[{"href":"https:\/\/www.bananatreeshop.com\/pt\/wp-json\/wp\/v2\/product"}],"about":[{"href":"https:\/\/www.bananatreeshop.com\/pt\/wp-json\/wp\/v2\/types\/product"}],"replies":[{"embeddable":true,"href":"https:\/\/www.bananatreeshop.com\/pt\/wp-json\/wp\/v2\/comments?post=59386"}],"wp:featuredmedia":[{"embeddable":true,"href":"https:\/\/www.bananatreeshop.com\/pt\/wp-json\/wp\/v2\/media\/59387"}],"wp:attachment":[{"href":"https:\/\/www.bananatreeshop.com\/pt\/wp-json\/wp\/v2\/media?parent=59386"}],"wp:term":[{"taxonomy":"product_brand","embeddable":true,"href":"https:\/\/www.bananatreeshop.com\/pt\/wp-json\/wp\/v2\/product_brand?post=59386"},{"taxonomy":"product_cat","embeddable":true,"href":"https:\/\/www.bananatreeshop.com\/pt\/wp-json\/wp\/v2\/product_cat?post=59386"},{"taxonomy":"product_tag","embeddable":true,"href":"https:\/\/www.bananatreeshop.com\/pt\/wp-json\/wp\/v2\/product_tag?post=59386"}],"curies":[{"name":"wp","href":"https:\/\/api.w.org\/{rel}","templated":true}]}}