{"id":67584,"date":"2025-07-11T17:00:50","date_gmt":"2025-07-11T17:00:50","guid":{"rendered":"https:\/\/www.bananatreeshop.com\/?post_type=product&#038;p=67584"},"modified":"2026-04-14T14:04:24","modified_gmt":"2026-04-14T14:04:24","slug":"anal-fantasy-elite-collection-beginner-fantasy-anal-kit-black","status":"publish","type":"product","link":"https:\/\/www.bananatreeshop.com\/pt\/produto\/anal-fantasy-elite-collection-beginner-fantasy-anal-kit-black\/","title":{"rendered":"ANAL FANTASY ELITE COLLECTION &#8211; KIT FANTAS\u00cdA ANAL PARA PRINCIPIANTES NEGRO"},"content":{"rendered":"<p>Elimina el tab\u00fa asociado con el sexo anal y descubre un placer incre\u00edble con nuestra Colecci\u00f3n Anal Fantasy\u00ae. Si nunca has probado el juego anal,\u00a0Kit de Fantas\u00eda para Principiantes\u00a0es justo lo que necesitas para explorar el fascinante mundo de la estimulaci\u00f3n anal. El\u00a0Kit de Fantas\u00eda para Principiantes\u00a0incluye cinco piezas \u00fanicas, perfectas para tu primera experiencia anal. Prueba la sonda con cuentas para una estimulaci\u00f3n anal gradual, el estimulador de pr\u00f3stata Classix para alcanzar el punto justo, o el tap\u00f3n con ventosa para un placer intenso. \u00a1Prueba cualquier pieza durante otra estimulaci\u00f3n sexual y alcanzar\u00e1s el cl\u00edmax m\u00e1s r\u00e1pido que nunca!<\/p>\n<p><strong>Instrucciones de funcionamiento:\u00a0<\/strong>La clave del juego anal es ir despacio. Intentar la penetraci\u00f3n anal antes de estar completamente excitado puede ser desagradable, as\u00ed que rel\u00e1jate para disfrutar de la experiencia. Jugar con los dedos es una excelente manera de relajar el ano. El ano y el recto no tienen un sistema de lubricaci\u00f3n autom\u00e1tico como la vagina, as\u00ed que usa abundante loci\u00f3n Moist\u2122 para reducir la fricci\u00f3n y aumentar el placer.<\/p>\n<p><strong>Instrucciones de cuidado<\/strong>: Limpieza: Despu\u00e9s de la diversi\u00f3n, lava las Deluxe Vibro Balls con un limpiador de juguetes antibacteriano y agua tibia.<\/p>\n<p>\u00a0<\/p>\n<p><u><strong>PIPEDREAM<\/strong><\/u><\/p>\n<p>Durante m\u00e1s de 45 a\u00f1os,\u00a0\u00a0Pipedream Products\u00a0\u00a0ha redefinido el contexto y la percepci\u00f3n del cuidado \u00edntimo y el bienestar sexual. Fundada en 1973 como una empresa familiar en Ohio, la compa\u00f1\u00eda se ha convertido desde entonces en uno de los mayores fabricantes de productos para el bienestar sexual del mundo. Pipedream\u00a0\u00a0combina innovaci\u00f3n y tecnolog\u00eda propia para ofrecer productos que fortalecen la conexi\u00f3n, inspiran momentos \u00edntimos y aumentan el placer. La familia de marcas Pipedream abarca pr\u00e1cticamente todas las categor\u00edas de productos de placer, y gracias a su cartera de socios, Pipedream puede atender a una amplia gama de clientes en todo el mundo. Pipedream se enorgullece de haber recibido m\u00e1s de 100 premios de prestigiosas fuentes del sector y ha recibido numerosos premios de dise\u00f1o AIGA, ID e IDEA.<\/p>","protected":false},"excerpt":{"rendered":"<p>ANAL FANTASY ELITE COLLECTION &#8211; BEGINNER FANTASY ANAL KIT BLACK<\/p>","protected":false},"featured_media":67585,"comment_status":"open","ping_status":"closed","template":"","meta":{"_eb_attr":""},"product_brand":[],"product_cat":[1157,1152,1240],"product_tag":[],"class_list":{"0":"post-67584","1":"product","2":"type-product","3":"status-publish","4":"has-post-thumbnail","6":"product_cat-juguetes-bienestar-anal","7":"product_cat-juguetes-bienestar","8":"product_cat-juguetes-bienestar-kits-juguetes-sexuales","9":"yith_product_brand-pipedreamsanal-fantasy-elite-collection","10":"yith_product_brand-pipedreams","12":"first","13":"instock","14":"taxable","15":"shipping-taxable","16":"purchasable","17":"product-type-simple"},"_links":{"self":[{"href":"https:\/\/www.bananatreeshop.com\/pt\/wp-json\/wp\/v2\/product\/67584","targetHints":{"allow":["GET"]}}],"collection":[{"href":"https:\/\/www.bananatreeshop.com\/pt\/wp-json\/wp\/v2\/product"}],"about":[{"href":"https:\/\/www.bananatreeshop.com\/pt\/wp-json\/wp\/v2\/types\/product"}],"replies":[{"embeddable":true,"href":"https:\/\/www.bananatreeshop.com\/pt\/wp-json\/wp\/v2\/comments?post=67584"}],"wp:featuredmedia":[{"embeddable":true,"href":"https:\/\/www.bananatreeshop.com\/pt\/wp-json\/wp\/v2\/media\/67585"}],"wp:attachment":[{"href":"https:\/\/www.bananatreeshop.com\/pt\/wp-json\/wp\/v2\/media?parent=67584"}],"wp:term":[{"taxonomy":"product_brand","embeddable":true,"href":"https:\/\/www.bananatreeshop.com\/pt\/wp-json\/wp\/v2\/product_brand?post=67584"},{"taxonomy":"product_cat","embeddable":true,"href":"https:\/\/www.bananatreeshop.com\/pt\/wp-json\/wp\/v2\/product_cat?post=67584"},{"taxonomy":"product_tag","embeddable":true,"href":"https:\/\/www.bananatreeshop.com\/pt\/wp-json\/wp\/v2\/product_tag?post=67584"}],"curies":[{"name":"wp","href":"https:\/\/api.w.org\/{rel}","templated":true}]}}