{"id":67621,"date":"2025-07-11T17:01:55","date_gmt":"2025-07-11T17:01:55","guid":{"rendered":"https:\/\/www.bananatreeshop.com\/?post_type=product&#038;p=67621"},"modified":"2026-04-01T10:04:22","modified_gmt":"2026-04-01T10:04:22","slug":"shunga-strawberry-and-cava-body-painting","status":"publish","type":"product","link":"https:\/\/www.bananatreeshop.com\/pt\/produto\/shunga-strawberry-and-cava-body-painting\/","title":{"rendered":"SHUNGA &#8211; PINTURA CORPORAL DE FRESAS Y CAVA"},"content":{"rendered":"<p>Shunga Sorprende a tu pareja con esta pintura corporal comestible que Shunga ha creado para el cuerpo, de sabor delicioso elaborada con ingredientes de primera calidad. El cava y las fresas son afrodis\u00edacos\u2026 A\u00fan m\u00e1s si creas dibujos con \u00e9l sobre la piel de tu amante y lo saboreas despu\u00e9s. Al untarla sobre la piel la deja sedosa, sin mancharla y no contiene colorantes artificiales. No resulta pegajosa pudiendo disfrutar al m\u00e1ximo del rico sabor a cava y fresas sobre la piel de aquella persona tan especial. Incluye un pincel para que los enamorados puedan dar rienda suelta a su creatividad y luego saborear, se utiliza sobre todo el cuerpo y sobre zonas er\u00f3genas. Esta deliciosa y sofisticada pintura corporal comestible de Shunga va acompa\u00f1ado de un p\u00edcaro pincel con el que liberar tu creatividad. Escribe poemas o mensajes de amor, dibuja corazones o estrellas, traza las letras de tu nombre\u2026 y disfruta despu\u00e9s de un doble fest\u00edn: la exquisita sensualidad del chocolate y el deseado cuerpo de tu amante.<\/p>\n<p>Shunga es L\u00edder mundia en cosmetica Erotica, sus ingredientes naturales fusionado con principios activos logran un gran resultado<\/p>\n<p>Entrar en el mundo er\u00f3tico de Shunga es viajar al pasado. Traducido literalmente, Shunga significa \u2018imagen de primavera, una manera delicada de decir \u2018relaciones sexuales entre personas.<\/p>\n<p>Esta palabra se usaba para designar las pinturas er\u00f3ticas japonesas del siglo XVI, XVII y XVIII, un tipo llamado ukiyo-e, que no eran otra cosa que obras sobre madera o pergamino con escenas sensuales y episodios de amor carnal, siempre elaborados con mucho cuidado y buen gusto.<\/p>\n<p>El arte Shunga, aunque oculto durante siglos, marc\u00f3 el principio de la industria pornogr\u00e1fica para la clase media nipona y sirvi\u00f3 durante generaciones como ense\u00f1anza para los hijos y las hijas de muchas familias.<\/p>\n<p><img decoding=\"async\" alt=\"\" src=\"https:\/\/store.dreamlove.es\/UserFiles\/image\/banderas.png\" style=\"width: 121px; height: 35px;\" \/><\/p>\n<p>\u00a0<\/p>","protected":false},"excerpt":{"rendered":"<p>PACKAGING DISPONIBLE EN: \/es\/en\/fr\/de\/<\/p>","protected":false},"featured_media":67622,"comment_status":"open","ping_status":"closed","template":"","meta":{"_eb_attr":""},"product_brand":[],"product_cat":[1163,1287],"product_tag":[],"class_list":{"0":"post-67621","1":"product","2":"type-product","3":"status-publish","4":"has-post-thumbnail","6":"product_cat-drogueria","7":"product_cat-drogueria-pintura-corporal-comestible","8":"yith_product_brand-shunga","9":"yith_product_brand-shungashunga-massage-cream","11":"first","12":"instock","13":"taxable","14":"shipping-taxable","15":"purchasable","16":"product-type-simple"},"_links":{"self":[{"href":"https:\/\/www.bananatreeshop.com\/pt\/wp-json\/wp\/v2\/product\/67621","targetHints":{"allow":["GET"]}}],"collection":[{"href":"https:\/\/www.bananatreeshop.com\/pt\/wp-json\/wp\/v2\/product"}],"about":[{"href":"https:\/\/www.bananatreeshop.com\/pt\/wp-json\/wp\/v2\/types\/product"}],"replies":[{"embeddable":true,"href":"https:\/\/www.bananatreeshop.com\/pt\/wp-json\/wp\/v2\/comments?post=67621"}],"wp:featuredmedia":[{"embeddable":true,"href":"https:\/\/www.bananatreeshop.com\/pt\/wp-json\/wp\/v2\/media\/67622"}],"wp:attachment":[{"href":"https:\/\/www.bananatreeshop.com\/pt\/wp-json\/wp\/v2\/media?parent=67621"}],"wp:term":[{"taxonomy":"product_brand","embeddable":true,"href":"https:\/\/www.bananatreeshop.com\/pt\/wp-json\/wp\/v2\/product_brand?post=67621"},{"taxonomy":"product_cat","embeddable":true,"href":"https:\/\/www.bananatreeshop.com\/pt\/wp-json\/wp\/v2\/product_cat?post=67621"},{"taxonomy":"product_tag","embeddable":true,"href":"https:\/\/www.bananatreeshop.com\/pt\/wp-json\/wp\/v2\/product_tag?post=67621"}],"curies":[{"name":"wp","href":"https:\/\/api.w.org\/{rel}","templated":true}]}}