{"id":7632,"date":"2025-07-17T02:00:59","date_gmt":"2025-07-17T02:00:59","guid":{"rendered":"https:\/\/www.bananatreeshop.com\/?post_type=product&#038;p=7632"},"modified":"2026-04-13T18:05:44","modified_gmt":"2026-04-13T18:05:44","slug":"anal-fantasy-plug-inflatable-vibrator","status":"publish","type":"product","link":"https:\/\/www.bananatreeshop.com\/pt\/produto\/anal-fantasy-plug-inflatable-vibrator\/","title":{"rendered":"ANAL FANTASY &#8211; PLUG HINCHABLE VIBRADOR"},"content":{"rendered":"<p>Si nunca has probado el juego anal, el Vibrating Ass Blaster es justo lo que necesitas para explorar el maravilloso mundo de la estimulaci\u00f3n anal.<\/p>\n<p>El Vibrating Ass Blaster cuenta con una punta c\u00f3nica para facilitar la inserci\u00f3n y un motor silencioso que ofrece vibraciones alucinantes directamente en tu \u00e1rea m\u00e1s sensible.<\/p>\n<ul>\n<li>Longitud insertable: 10,1 cm. Di\u00e1metro m\u00e1ximo: 4,7 cm<\/li>\n<\/ul>\n<p>Utilice el bot\u00f3n con el dibujo de unas olas del control remoto para cambiar entre sus siete patrones de vibraci\u00f3n, y la bola de estilo m\u00e9dica para llenar tu ano con la estimulaci\u00f3n del volumen.<\/p>\n<p>Aproveche la base de ventosa para un buen rato sin manos. \u00a1Introd\u00facelo en tu rutina sexual y empieza a disfrutar de placer a\u00fan m\u00e1s intenso!<\/p>\n<p>Fabricado con nuestra silicona Elite\u2122 libre de ftalatos, hipoalerg\u00e9nica, se puede usar durante todo el d\u00eda para la diversi\u00f3n de larga duraci\u00f3n. La limpieza es una obligaci\u00f3n despu\u00e9s de la diversi\u00f3n con el Pipedream toy Cleaner y agua tibia.<\/p>\n<ul>\n<li>100% Libre de phalatos<\/li>\n<li>Acuatico \/ Apto para la ducha<\/li>\n<li>Multivelocidad<\/li>\n<li>100% Silicona<\/li>\n<li>Unisex<\/li>\n<\/ul>\n<p><strong>Anal Fantasy<\/strong> es una linea perfecta para estimular la zona anal, donde concentramos puntos sensitivos perfectos para alcanzar el orgasmo, todos los juguetes estan orientados para la maxima satisfaci\u00f3n anal.<\/p>\n<p>Descubre nuevas sensaciones!<\/p>\n<p>\u00a0<\/p>\n<p style=\"text-align: center;\"><iframe loading=\"lazy\" allowfullscreen=\"\" frameborder=\"0\" height=\"400\" mozallowfullscreen=\"\" src=\"https:\/\/player.vimeo.com\/video\/169258800\" webkitallowfullscreen=\"\" width=\"700\"><\/iframe><\/p>","protected":false},"excerpt":{"rendered":"<p>ANAL FANTASY &#8211; PLUG INFLATABLE VIBRATOR<\/p>","protected":false},"featured_media":84849,"comment_status":"open","ping_status":"closed","template":"","meta":{"_eb_attr":""},"product_brand":[],"product_cat":[1157,1439,1355,258,1152,1153,1377,1158,1159,1245],"product_tag":[],"class_list":{"0":"post-7632","1":"product","2":"type-product","3":"status-publish","4":"has-post-thumbnail","6":"product_cat-juguetes-bienestar-anal","7":"product_cat-juguetes-bienestar-analanal-inflable","8":"product_cat-bdsm-bondage-articulos-bdsm","9":"product_cat-bdsm-bondage","10":"product_cat-juguetes-bienestar","11":"product_cat-juguetes-bienestar-juguetes-para-mujeres","12":"product_cat-bdsm-bondage-articulos-bdsmplug-anal-bdsm","13":"product_cat-juguetes-bienestar-analplugs-anales","14":"product_cat-juguetes-bienestar-vibradores","15":"product_cat-juguetes-bienestar-analvibradores-anales","16":"yith_product_brand-pipedreamsanal-fantasy-series","17":"yith_product_brand-pipedreams","19":"first","20":"instock","21":"taxable","22":"shipping-taxable","23":"purchasable","24":"product-type-simple"},"_links":{"self":[{"href":"https:\/\/www.bananatreeshop.com\/pt\/wp-json\/wp\/v2\/product\/7632","targetHints":{"allow":["GET"]}}],"collection":[{"href":"https:\/\/www.bananatreeshop.com\/pt\/wp-json\/wp\/v2\/product"}],"about":[{"href":"https:\/\/www.bananatreeshop.com\/pt\/wp-json\/wp\/v2\/types\/product"}],"replies":[{"embeddable":true,"href":"https:\/\/www.bananatreeshop.com\/pt\/wp-json\/wp\/v2\/comments?post=7632"}],"wp:featuredmedia":[{"embeddable":true,"href":"https:\/\/www.bananatreeshop.com\/pt\/wp-json\/wp\/v2\/media\/84849"}],"wp:attachment":[{"href":"https:\/\/www.bananatreeshop.com\/pt\/wp-json\/wp\/v2\/media?parent=7632"}],"wp:term":[{"taxonomy":"product_brand","embeddable":true,"href":"https:\/\/www.bananatreeshop.com\/pt\/wp-json\/wp\/v2\/product_brand?post=7632"},{"taxonomy":"product_cat","embeddable":true,"href":"https:\/\/www.bananatreeshop.com\/pt\/wp-json\/wp\/v2\/product_cat?post=7632"},{"taxonomy":"product_tag","embeddable":true,"href":"https:\/\/www.bananatreeshop.com\/pt\/wp-json\/wp\/v2\/product_tag?post=7632"}],"curies":[{"name":"wp","href":"https:\/\/api.w.org\/{rel}","templated":true}]}}