{"id":7654,"date":"2025-07-17T01:01:55","date_gmt":"2025-07-17T01:01:55","guid":{"rendered":"https:\/\/www.bananatreeshop.com\/?post_type=product&#038;p=7654"},"modified":"2026-04-11T08:33:15","modified_gmt":"2026-04-11T08:33:15","slug":"anal-fantasy-vibrating-balls-beginners","status":"publish","type":"product","link":"https:\/\/www.bananatreeshop.com\/pt\/produto\/anal-fantasy-vibrating-balls-beginners\/","title":{"rendered":"ANAL FANTASY &#8211; BOLAS VIBRADORAS PRINCIPIANTES"},"content":{"rendered":"<p>Si nunca has probado el juego anal, el Flexa-Pleaser Power Beads es justo lo que necesitas para explorar el maravilloso mundo de la estimulaci\u00f3n anal.<\/p>\n<p>El Flexa-Pleaser Power Beads tiene una punta c\u00f3nica para facilitar su inserci\u00f3n que va aumentando gradualmente hasta 2,3 cm.<\/p>\n<p>El eje flexible se dobla con los contornos de su cuerpo, mientras que el motor silencioso de gran alcance es controlado por el selector de velocidades m\u00faltiples en la base.<\/p>\n<p>La limpieza es una obligaci\u00f3n despu\u00e9s de la diversi\u00f3n con el limpiador de juguetes Pipedream y agua tibia.<\/p>\n<p>Disfruta insertando tantas bolas como te sientas c\u00f3modo y siente su estimulaci\u00f3n al extraerlas poco a poco justo cuando llegas la orgasmo, disfrutar\u00e1s de un placer que nunca antes has sentido!<\/p>\n<ul>\n<li>Longitud insertable: 12.7 cm.<\/li>\n<li>100% Libre de phalatos<\/li>\n<li>Multivelocidad<\/li>\n<li>100% Silicona<\/li>\n<li>Unisex<\/li>\n<li>Funciona con 2 pilas AAA que no van incluidas.<\/li>\n<\/ul>\n<p>La limpieza es una obligaci\u00f3n despu\u00e9s de la diversi\u00f3n con el Pipedream toy Cleaner y agua tibia.<\/p>\n<p><strong>Anal Fantasy<\/strong> es una linea perfecta para estimular la zona anal, donde concentramos puntos sensitivos perfectos para alcanzar el orgasmo, todos los juguetes estan orientados para la maxima satisfaci\u00f3n anal.<\/p>\n<p><span style=\"line-height: 20.8px;\">No incluye muestras de lubricante y toycleaner<\/span><\/p>\n<p>Descubre nuevas sensaciones!<\/p>\n<p style=\"text-align: center;\"><iframe loading=\"lazy\" allowfullscreen=\"\" frameborder=\"0\" height=\"400\" mozallowfullscreen=\"\" src=\"https:\/\/player.vimeo.com\/video\/118542794\" webkitallowfullscreen=\"\" width=\"700\"><\/iframe><\/p>","protected":false},"excerpt":{"rendered":"<p>ANAL FANTASY &#8211; VIBRATING BALLS BEGINNERS<\/p>","protected":false},"featured_media":84823,"comment_status":"open","ping_status":"closed","template":"","meta":{"_eb_attr":""},"product_brand":[],"product_cat":[1157,1437,1438,1255,1152,1153],"product_tag":[],"class_list":{"0":"post-7654","1":"product","2":"type-product","3":"status-publish","4":"has-post-thumbnail","6":"product_cat-juguetes-bienestar-anal","7":"product_cat-juguetes-bienestar-juguetes-para-mujeresbolas-chinasbolas-anales","8":"product_cat-juguetes-bienestar-analbolas-anales","9":"product_cat-juguetes-bienestar-juguetes-para-mujeresbolas-chinas","10":"product_cat-juguetes-bienestar","11":"product_cat-juguetes-bienestar-juguetes-para-mujeres","12":"yith_product_brand-pipedreamsanal-fantasy-series","13":"yith_product_brand-pipedreams","15":"first","16":"instock","17":"taxable","18":"shipping-taxable","19":"purchasable","20":"product-type-simple"},"_links":{"self":[{"href":"https:\/\/www.bananatreeshop.com\/pt\/wp-json\/wp\/v2\/product\/7654","targetHints":{"allow":["GET"]}}],"collection":[{"href":"https:\/\/www.bananatreeshop.com\/pt\/wp-json\/wp\/v2\/product"}],"about":[{"href":"https:\/\/www.bananatreeshop.com\/pt\/wp-json\/wp\/v2\/types\/product"}],"replies":[{"embeddable":true,"href":"https:\/\/www.bananatreeshop.com\/pt\/wp-json\/wp\/v2\/comments?post=7654"}],"wp:featuredmedia":[{"embeddable":true,"href":"https:\/\/www.bananatreeshop.com\/pt\/wp-json\/wp\/v2\/media\/84823"}],"wp:attachment":[{"href":"https:\/\/www.bananatreeshop.com\/pt\/wp-json\/wp\/v2\/media?parent=7654"}],"wp:term":[{"taxonomy":"product_brand","embeddable":true,"href":"https:\/\/www.bananatreeshop.com\/pt\/wp-json\/wp\/v2\/product_brand?post=7654"},{"taxonomy":"product_cat","embeddable":true,"href":"https:\/\/www.bananatreeshop.com\/pt\/wp-json\/wp\/v2\/product_cat?post=7654"},{"taxonomy":"product_tag","embeddable":true,"href":"https:\/\/www.bananatreeshop.com\/pt\/wp-json\/wp\/v2\/product_tag?post=7654"}],"curies":[{"name":"wp","href":"https:\/\/api.w.org\/{rel}","templated":true}]}}