{"id":7709,"date":"2025-07-11T08:01:15","date_gmt":"2025-07-11T08:01:15","guid":{"rendered":"https:\/\/www.bananatreeshop.com\/?post_type=product&#038;p=7709"},"modified":"2026-04-03T01:02:35","modified_gmt":"2026-04-03T01:02:35","slug":"icicles-n-43-glass-massager","status":"publish","type":"product","link":"https:\/\/www.bananatreeshop.com\/pt\/produto\/icicles-n-43-glass-massager\/","title":{"rendered":"ICICLES &#8211; N. 43 MASAJEADOR DE VIDRIO"},"content":{"rendered":"<p>Elegante y sencillo, el cristal es un material unico en el mundo adaptado al a higiene intima.Usted estar\u00e1 seguro de sentir el amor con este masajeador de cristal lujoso. Con una punta c\u00f3nica para facilitar la inserci\u00f3n y un mango en forma de coraz\u00f3n para el manejo seguro y f\u00e1cil, este eje de cuentas ofrece la estimulaci\u00f3n vaginal o anal final.<\/p>\n<p>Su curva te har\u00e1 disfrutar, el eje se inclina hacia arriba para explosivo punto G y P-Spot estimulaci\u00f3n.<\/p>\n<ul>\n<li>100% Libre de Phalatos.<\/li>\n<\/ul>\n<p>El vidrio es hipoalerg\u00e9nico y seguro para el cuerpo, y siempre que se use adecuadamente durar\u00e1 toda la vida. Recomendamos mojarlo con agua tibia o ponerlo en el microondas para una sensaci\u00f3n m\u00e1s c\u00e1lida.<\/p>\n<p>Tambi\u00e9n puedes enfriarlo con agua fr\u00eda o ponerlo en el congelador para una sensaci\u00f3n de frescor.<br \/>Ya que el vidrio no es poroso, su limpieza es muy f\u00e1cil.<\/p>\n<ul>\n<li>Usa el limpiador Pipedream Toy Cleaner y agua tibia, o incluso puedes meterlo en el lavavajillas para mayor comodidad despu\u00e9s de la diversi\u00f3n.<\/li>\n<\/ul>\n<p>Medidas insertables: 14,5 x 3,5 cm<\/p>","protected":false},"excerpt":{"rendered":"<p>ICICLES &#8211; N. 43 GLASS MASSAGER<\/p>","protected":false},"featured_media":65815,"comment_status":"open","ping_status":"closed","template":"","meta":{"_eb_attr":""},"product_brand":[],"product_cat":[1152,1271],"product_tag":[],"class_list":{"0":"post-7709","1":"product","2":"type-product","3":"status-publish","4":"has-post-thumbnail","6":"product_cat-juguetes-bienestar","7":"product_cat-juguetes-bienestar-toys-fabricados-en-cristal","8":"yith_product_brand-pipedreamsicicles","9":"yith_product_brand-pipedreams","11":"first","12":"instock","13":"taxable","14":"shipping-taxable","15":"purchasable","16":"product-type-simple"},"_links":{"self":[{"href":"https:\/\/www.bananatreeshop.com\/pt\/wp-json\/wp\/v2\/product\/7709","targetHints":{"allow":["GET"]}}],"collection":[{"href":"https:\/\/www.bananatreeshop.com\/pt\/wp-json\/wp\/v2\/product"}],"about":[{"href":"https:\/\/www.bananatreeshop.com\/pt\/wp-json\/wp\/v2\/types\/product"}],"replies":[{"embeddable":true,"href":"https:\/\/www.bananatreeshop.com\/pt\/wp-json\/wp\/v2\/comments?post=7709"}],"wp:featuredmedia":[{"embeddable":true,"href":"https:\/\/www.bananatreeshop.com\/pt\/wp-json\/wp\/v2\/media\/65815"}],"wp:attachment":[{"href":"https:\/\/www.bananatreeshop.com\/pt\/wp-json\/wp\/v2\/media?parent=7709"}],"wp:term":[{"taxonomy":"product_brand","embeddable":true,"href":"https:\/\/www.bananatreeshop.com\/pt\/wp-json\/wp\/v2\/product_brand?post=7709"},{"taxonomy":"product_cat","embeddable":true,"href":"https:\/\/www.bananatreeshop.com\/pt\/wp-json\/wp\/v2\/product_cat?post=7709"},{"taxonomy":"product_tag","embeddable":true,"href":"https:\/\/www.bananatreeshop.com\/pt\/wp-json\/wp\/v2\/product_tag?post=7709"}],"curies":[{"name":"wp","href":"https:\/\/api.w.org\/{rel}","templated":true}]}}