{"id":8266,"date":"2025-07-12T00:01:06","date_gmt":"2025-07-12T00:01:06","guid":{"rendered":"https:\/\/www.bananatreeshop.com\/?post_type=product&#038;p=8266"},"modified":"2026-04-18T07:02:55","modified_gmt":"2026-04-18T07:02:55","slug":"bijoux-instruments-of-pleasure-violet-level","status":"publish","type":"product","link":"https:\/\/www.bananatreeshop.com\/pt\/produto\/bijoux-instruments-of-pleasure-violet-level\/","title":{"rendered":"BIJOUX &#8211; INSTRUMENTS OF PLEASURE NIVEL VIOLETA"},"content":{"rendered":"<p>\u00a1Una caricia vibrante que dispara el deseo\u2026!<\/p>\n<p>Si te ha gustado la novela er\u00f3tica del momento, te encantar\u00e1 este pack de sensualidad extrema para poner en pr\u00e1ctica juegos muy intensos. Te atreves?<\/p>\n<p>Contenido:<\/p>\n<ul>\n<li>Esposas de sat\u00e9n,<\/li>\n<li>Antifaz de sat\u00e9n,<\/li>\n<li>Gel \u00edntimo de silicona\u00a0<\/li>\n<li>Bala vibradora.<\/li>\n<\/ul>\n<p>Vive nuevas experiencias!!<\/p>","protected":false},"excerpt":{"rendered":"<p>BIJOUX &#8211; INSTRUMENTS OF PLEASURE NIVEL VIOLETA<\/p>","protected":false},"featured_media":68799,"comment_status":"open","ping_status":"closed","template":"","meta":{"_eb_attr":""},"product_brand":[],"product_cat":[258,1344,1152,1240,1346],"product_tag":[],"class_list":{"0":"post-8266","1":"product","2":"type-product","3":"status-publish","4":"has-post-thumbnail","6":"product_cat-bdsm-bondage","7":"product_cat-bdsm-bondage-bondage","8":"product_cat-juguetes-bienestar","9":"product_cat-juguetes-bienestar-kits-juguetes-sexuales","10":"product_cat-bdsm-bondage-bondagesets-bondage","11":"yith_product_brand-bijoux-indiscrets","13":"first","14":"instock","15":"taxable","16":"shipping-taxable","17":"purchasable","18":"product-type-simple"},"_links":{"self":[{"href":"https:\/\/www.bananatreeshop.com\/pt\/wp-json\/wp\/v2\/product\/8266","targetHints":{"allow":["GET"]}}],"collection":[{"href":"https:\/\/www.bananatreeshop.com\/pt\/wp-json\/wp\/v2\/product"}],"about":[{"href":"https:\/\/www.bananatreeshop.com\/pt\/wp-json\/wp\/v2\/types\/product"}],"replies":[{"embeddable":true,"href":"https:\/\/www.bananatreeshop.com\/pt\/wp-json\/wp\/v2\/comments?post=8266"}],"wp:featuredmedia":[{"embeddable":true,"href":"https:\/\/www.bananatreeshop.com\/pt\/wp-json\/wp\/v2\/media\/68799"}],"wp:attachment":[{"href":"https:\/\/www.bananatreeshop.com\/pt\/wp-json\/wp\/v2\/media?parent=8266"}],"wp:term":[{"taxonomy":"product_brand","embeddable":true,"href":"https:\/\/www.bananatreeshop.com\/pt\/wp-json\/wp\/v2\/product_brand?post=8266"},{"taxonomy":"product_cat","embeddable":true,"href":"https:\/\/www.bananatreeshop.com\/pt\/wp-json\/wp\/v2\/product_cat?post=8266"},{"taxonomy":"product_tag","embeddable":true,"href":"https:\/\/www.bananatreeshop.com\/pt\/wp-json\/wp\/v2\/product_tag?post=8266"}],"curies":[{"name":"wp","href":"https:\/\/api.w.org\/{rel}","templated":true}]}}