{"id":9518,"date":"2025-07-08T20:00:57","date_gmt":"2025-07-08T20:00:57","guid":{"rendered":"https:\/\/www.bananatreeshop.com\/?post_type=product&#038;p=9518"},"modified":"2026-04-05T04:05:24","modified_gmt":"2026-04-05T04:05:24","slug":"cobeco-female-anal-relax-100-ml","status":"publish","type":"product","link":"https:\/\/www.bananatreeshop.com\/pt\/produto\/cobeco-female-anal-relax-100-ml\/","title":{"rendered":"COBECO &#8211; FEMALE ANAL RELAX LUBRICANTE 100 ML"},"content":{"rendered":"<p>Este lubricante se elimina con facilidad y est\u00e1 dise\u00f1ado sobre todo para uso anal. El producto tiene un efecto inhibitorio del est\u00edmulo y aporta una sensaci\u00f3n que calma y entumece.<\/p>\n<p>Tiene un suave olor a mentol y le proporcionar\u00e1 lubricaci\u00f3n duradera. El lubricante tiene la seguridad del l\u00e1tex, no se pega y no se seca. Viene a un frasco femenino, dise\u00f1ado para mujeres.<\/p>\n<p>Cobeco Pharma presenta una nueva gama femenina con productos modificados para adaptarse a las necesidades de la mujer, tanto en el aspecto como en el tacto.<\/p>\n<p>Envase 100 ML<\/p>\n<p>* Este producto contiene una etiqueta con instrucciones facilitadas en los siguientes idiomas: \/en\/de\/fr\/es\/it\/nl\/<\/p>","protected":false},"excerpt":{"rendered":"<p>PACKAGING DISPONIBLE EN: \/en\/de\/fr\/es\/it\/nl\/<\/p>","protected":false},"featured_media":54590,"comment_status":"open","ping_status":"closed","template":"","meta":{"_eb_attr":""},"product_brand":[],"product_cat":[1173,1174,1163,1169],"product_tag":[],"class_list":{"0":"post-9518","1":"product","2":"type-product","3":"status-publish","4":"has-post-thumbnail","6":"product_cat-drogueria-lubricantesanal","7":"product_cat-drogueria-lubricantesanal-con-relajante","8":"product_cat-drogueria","9":"product_cat-drogueria-lubricantes","10":"yith_product_brand-cobeco-pharmacobeco-female","11":"yith_product_brand-cobeco-pharma","13":"first","14":"instock","15":"taxable","16":"shipping-taxable","17":"purchasable","18":"product-type-simple"},"_links":{"self":[{"href":"https:\/\/www.bananatreeshop.com\/pt\/wp-json\/wp\/v2\/product\/9518","targetHints":{"allow":["GET"]}}],"collection":[{"href":"https:\/\/www.bananatreeshop.com\/pt\/wp-json\/wp\/v2\/product"}],"about":[{"href":"https:\/\/www.bananatreeshop.com\/pt\/wp-json\/wp\/v2\/types\/product"}],"replies":[{"embeddable":true,"href":"https:\/\/www.bananatreeshop.com\/pt\/wp-json\/wp\/v2\/comments?post=9518"}],"wp:featuredmedia":[{"embeddable":true,"href":"https:\/\/www.bananatreeshop.com\/pt\/wp-json\/wp\/v2\/media\/54590"}],"wp:attachment":[{"href":"https:\/\/www.bananatreeshop.com\/pt\/wp-json\/wp\/v2\/media?parent=9518"}],"wp:term":[{"taxonomy":"product_brand","embeddable":true,"href":"https:\/\/www.bananatreeshop.com\/pt\/wp-json\/wp\/v2\/product_brand?post=9518"},{"taxonomy":"product_cat","embeddable":true,"href":"https:\/\/www.bananatreeshop.com\/pt\/wp-json\/wp\/v2\/product_cat?post=9518"},{"taxonomy":"product_tag","embeddable":true,"href":"https:\/\/www.bananatreeshop.com\/pt\/wp-json\/wp\/v2\/product_tag?post=9518"}],"curies":[{"name":"wp","href":"https:\/\/api.w.org\/{rel}","templated":true}]}}