{"id":95219,"date":"2026-01-03T04:00:41","date_gmt":"2026-01-03T04:00:41","guid":{"rendered":"https:\/\/www.bananatreeshop.com\/?post_type=product&#038;p=95219"},"modified":"2026-04-16T22:01:49","modified_gmt":"2026-04-16T22:01:49","slug":"satisfyer-g-for-goddess-2-rabbit-vibrator-bottle-bordeaux","status":"publish","type":"product","link":"https:\/\/www.bananatreeshop.com\/pt\/produto\/satisfyer-g-for-goddess-2-rabbit-vibrator-bottle-bordeaux\/","title":{"rendered":"SATISFYER &#8211; G FOR GODDESS 2 VIBRADOR RABBIT BURDEOS"},"content":{"rendered":"<p><u><strong>Satisfyer G for Goddess 2: Estimulaci\u00f3n intensa del cl\u00edtoris y del punto G<\/strong><\/u><\/p>\n<p>El G for Goddess 2 proporciona estimulaci\u00f3n dual dirigida a tu punto G y cl\u00edtoris, adapt\u00e1ndose a las diferentes necesidades de cada diosa. El eje de silicona es flexible, lo que garantiza que encuentres el \u00e1ngulo perfecto para estimular tus zonas m\u00e1s sensibles. Dos potentes motores y 60 programas de vibraci\u00f3n (con 12 ritmos y 5 niveles de intensidad cada uno) ofrecen una amplia gama de opciones que puedes controlar intuitivamente para adaptarlas a tus preferencias. El voluminoso eje estimula tu punto G, mientras que el suave vibrador para el cl\u00edtoris permite una amplia estimulaci\u00f3n.<\/p>\n<p><strong><u>G for\u00a0<\/u><\/strong><u><strong>Goddess 2<\/strong><\/u><strong><u>: Vibrador de conejo de silicona resistente al agua (IPX7)<\/u><\/strong><\/p>\n<p>Ya sea en la ducha, la ba\u00f1era o la cama, el G for Goddess 2 est\u00e1 listo para cualquier aventura. Su silicona hipoalerg\u00e9nica es muy flexible, mientras que su dise\u00f1o impermeable (IPX7) permite emocionantes momentos bajo el agua. Despu\u00e9s de usarlo, se limpia f\u00e1cilmente con agua tibia, jab\u00f3n suave y limpiador de juguetes. Est\u00e1 listo para la acci\u00f3n en un instante gracias a su bater\u00eda recargable. \u00a1Disfruta de la combinaci\u00f3n perfecta de flexibilidad, potentes vibraciones y un dise\u00f1o elegante<\/p>\n<p>\u00a1Descubre un nuevo nivel de placer con el G for Goddess 2! Este vibrador conejito ofrece una estimulaci\u00f3n perfecta del cl\u00edtoris y el punto G gracias a su cuerpo flexible, programas de vibraci\u00f3n vers\u00e1tiles y silicona hipoalerg\u00e9nica para orgasmos divinos.<\/p>\n<p><u><strong>CARACTERISTICAS<\/strong><\/u>:<\/p>\n<ul>\n<li>Fabricado con silicona de grado m\u00e9dico, s\u00faper suave y amigable con el cuerpo, suave al tacto y extremadamente higi\u00e9nica<\/li>\n<li>Estimulaci\u00f3n simult\u00e1nea del cl\u00edtoris y el punto G\u00a0<\/li>\n<li>Dos potentes motores transmiten intensos ritmos de vibraci\u00f3n por todo el dispositivo de bienestar sexual<\/li>\n<li>60 programas de vibraci\u00f3n<\/li>\n<li>Resistente al agua (IPX7)<\/li>\n<li>F\u00e1cil de limpiar<\/li>\n<li>Cable de carga USB magn\u00e9tico incluido<\/li>\n<li>Forma flexible\u00a0<\/li>\n<li>Modo susurro<br \/>\u00a0<\/li>\n<\/ul>","protected":false},"excerpt":{"rendered":"<p>SATISFYER &#8211; G FOR GODDESS 2 RABBIT VIBRATOR BOTTLE BORDEAUX<\/p>","protected":false},"featured_media":95220,"comment_status":"open","ping_status":"closed","template":"","meta":{"_eb_attr":""},"product_brand":[],"product_cat":[1159,1258],"product_tag":[],"class_list":{"0":"post-95219","1":"product","2":"type-product","3":"status-publish","4":"has-post-thumbnail","6":"product_cat-juguetes-bienestar-vibradores","7":"product_cat-juguetes-bienestar-vibradoresvibradores-rabbit","8":"yith_product_brand-satisfyer","9":"yith_product_brand-satisfyer-satisfyer-vibrator","11":"first","12":"instock","13":"taxable","14":"shipping-taxable","15":"purchasable","16":"product-type-simple"},"_links":{"self":[{"href":"https:\/\/www.bananatreeshop.com\/pt\/wp-json\/wp\/v2\/product\/95219","targetHints":{"allow":["GET"]}}],"collection":[{"href":"https:\/\/www.bananatreeshop.com\/pt\/wp-json\/wp\/v2\/product"}],"about":[{"href":"https:\/\/www.bananatreeshop.com\/pt\/wp-json\/wp\/v2\/types\/product"}],"replies":[{"embeddable":true,"href":"https:\/\/www.bananatreeshop.com\/pt\/wp-json\/wp\/v2\/comments?post=95219"}],"wp:featuredmedia":[{"embeddable":true,"href":"https:\/\/www.bananatreeshop.com\/pt\/wp-json\/wp\/v2\/media\/95220"}],"wp:attachment":[{"href":"https:\/\/www.bananatreeshop.com\/pt\/wp-json\/wp\/v2\/media?parent=95219"}],"wp:term":[{"taxonomy":"product_brand","embeddable":true,"href":"https:\/\/www.bananatreeshop.com\/pt\/wp-json\/wp\/v2\/product_brand?post=95219"},{"taxonomy":"product_cat","embeddable":true,"href":"https:\/\/www.bananatreeshop.com\/pt\/wp-json\/wp\/v2\/product_cat?post=95219"},{"taxonomy":"product_tag","embeddable":true,"href":"https:\/\/www.bananatreeshop.com\/pt\/wp-json\/wp\/v2\/product_tag?post=95219"}],"curies":[{"name":"wp","href":"https:\/\/api.w.org\/{rel}","templated":true}]}}