{"id":96194,"date":"2026-01-07T14:05:11","date_gmt":"2026-01-07T14:05:11","guid":{"rendered":"https:\/\/www.bananatreeshop.com\/?post_type=product&#038;p=96194"},"modified":"2026-04-17T19:13:48","modified_gmt":"2026-04-17T19:13:48","slug":"get-real-realistic-silicone-vibrating-dildo-clear-19-5-cm","status":"publish","type":"product","link":"https:\/\/www.bananatreeshop.com\/pt\/produto\/get-real-realistic-silicone-vibrating-dildo-clear-19-5-cm\/","title":{"rendered":"GET REAL &#8211; DILDO REALISTA VIBRADOR DE SILICONA CLARO 19.5 CM"},"content":{"rendered":"<p>Disfruta de un placer inigualable con el pene vibrador de Get Real by TOYJOY. Este pene de placer premium cuenta con 7 patrones de vibraci\u00f3n y 3 velocidades, garantizando una satisfacci\u00f3n personalizada en cada uso. Fabricado 100 % con silicona, es seguro para el cuerpo y recargable por USB para un placer sin l\u00edmites. Con base de succi\u00f3n y compatibilidad con arneses, promete una experiencia vers\u00e1til. Resistente al agua hasta IPX7, invita a explorar m\u00e1s all\u00e1 del dormitorio. Con una longitud total de 19,5 cm, este pene garantiza sensaciones emocionantes para todos. Aumenta tu placer con este pene vibrador de alta calidad.<\/p>\n<p><u><strong>CARACTER\u00cdSTICAS<\/strong><\/u>:<\/p>\n<ul>\n<li>Dimensiones del producto: 19,5 x 8 cm<\/li>\n<li>Longitud total: 19,5 cm<\/li>\n<li>Di\u00e1metro insertable: 3,6 cm<\/li>\n<li>Ventosa S\u00ed<\/li>\n<li>Material: Silicona<\/li>\n<li>Recargable: S\u00ed<\/li>\n<li>Resistente al agua IPX7<\/li>\n<li>Modos de vibraci\u00f3n: 10<\/li>\n<li>Tipo de bater\u00eda: Iones de litio<\/li>\n<\/ul>\n<p><strong>ToyJoy<\/strong> es una marca vibrante e innovadora en el mundo de los productos l\u00fadicos e \u00edntimos. Reconocida por su gama diversa y de alta calidad, ToyJoy ofrece una amplia variedad de art\u00edculos que se adaptan a distintos gustos y preferencias. La marca se centra en crear productos divertidos, seguros y f\u00e1ciles de usar, garantizando que sean accesibles y disfrutables para todos. Con una gran atenci\u00f3n al dise\u00f1o, la funcionalidad y el uso de materiales seguros para el cuerpo, ToyJoy integra las \u00faltimas tecnolog\u00edas en sus productos, convirti\u00e9ndose en una de las marcas favoritas de los consumidores que buscan a\u00f1adir un toque de alegr\u00eda y emoci\u00f3n a su vida personal. ToyJoy destaca por su compromiso con la satisfacci\u00f3n del cliente, la excelencia de sus productos y la seguridad.<\/p>","protected":false},"excerpt":{"rendered":"<p>GET REAL &#8211; REALISTIC SILICONE VIBRATING DILDO CLEAR 19.5 CM<\/p>","protected":false},"featured_media":96195,"comment_status":"open","ping_status":"closed","template":"","meta":{"_eb_attr":""},"product_brand":[],"product_cat":[1159,1233],"product_tag":[],"class_list":{"0":"post-96194","1":"product","2":"type-product","3":"status-publish","4":"has-post-thumbnail","6":"product_cat-juguetes-bienestar-vibradores","7":"product_cat-juguetes-bienestar-vibradoresvibradores-realisticos","8":"yith_product_brand-get-real","10":"first","11":"instock","12":"taxable","13":"shipping-taxable","14":"purchasable","15":"product-type-simple"},"_links":{"self":[{"href":"https:\/\/www.bananatreeshop.com\/pt\/wp-json\/wp\/v2\/product\/96194","targetHints":{"allow":["GET"]}}],"collection":[{"href":"https:\/\/www.bananatreeshop.com\/pt\/wp-json\/wp\/v2\/product"}],"about":[{"href":"https:\/\/www.bananatreeshop.com\/pt\/wp-json\/wp\/v2\/types\/product"}],"replies":[{"embeddable":true,"href":"https:\/\/www.bananatreeshop.com\/pt\/wp-json\/wp\/v2\/comments?post=96194"}],"wp:featuredmedia":[{"embeddable":true,"href":"https:\/\/www.bananatreeshop.com\/pt\/wp-json\/wp\/v2\/media\/96195"}],"wp:attachment":[{"href":"https:\/\/www.bananatreeshop.com\/pt\/wp-json\/wp\/v2\/media?parent=96194"}],"wp:term":[{"taxonomy":"product_brand","embeddable":true,"href":"https:\/\/www.bananatreeshop.com\/pt\/wp-json\/wp\/v2\/product_brand?post=96194"},{"taxonomy":"product_cat","embeddable":true,"href":"https:\/\/www.bananatreeshop.com\/pt\/wp-json\/wp\/v2\/product_cat?post=96194"},{"taxonomy":"product_tag","embeddable":true,"href":"https:\/\/www.bananatreeshop.com\/pt\/wp-json\/wp\/v2\/product_tag?post=96194"}],"curies":[{"name":"wp","href":"https:\/\/api.w.org\/{rel}","templated":true}]}}