{"id":96714,"date":"2026-02-26T04:03:53","date_gmt":"2026-02-26T04:03:53","guid":{"rendered":"https:\/\/www.bananatreeshop.com\/?post_type=product&#038;p=96714"},"modified":"2026-04-16T03:44:26","modified_gmt":"2026-04-16T03:44:26","slug":"fun-factory-the-boss-stub-g-spot-dildo-purple","status":"publish","type":"product","link":"https:\/\/www.bananatreeshop.com\/pt\/produto\/fun-factory-the-boss-stub-g-spot-dildo-purple\/","title":{"rendered":"FUN FACTORY &#8211; THE BOSS STUB DILDO PUNTO G VIOLETA"},"content":{"rendered":"<p>THE BOSS STUB destaca por su audaz longitud de 18 cm y su satisfactorio grosor de 4 cm, perfecto para quienes buscan un placer intenso. Su punta contorneada se dirige al punto G o al ano con precisi\u00f3n, brindando sensaciones potentes y satisfactorias con cada embestida. Aseg\u00farate de limpiarlo bien o usar un cond\u00f3n nuevo al cambiar de posici\u00f3n.<\/p>\n<p><strong>Siente la DIVERSI\u00d3N y el calor<\/strong><br \/>Con una base ultrafina que ofrece una sensaci\u00f3n corporal, THE BOSS STUB se puede usar como arn\u00e9s, acerc\u00e1ndote a\u00fan m\u00e1s a tu pareja. La potente ventosa se adhiere firmemente a superficies planas, lo que permite el juego espont\u00e1neo en cualquier lugar: ya sea en la ducha, frente al espejo o en suelos de baldosas. Incluso puedes usar The BOSS STUB con las manos libres gracias a su dise\u00f1o ergon\u00f3mico.<\/p>\n<p><strong>Calidad superior, hecho para ti<\/strong><br \/>Dise\u00f1ado con silicona hipoalerg\u00e9nica, segura para el cuerpo y 100 % resistente al agua, THE BOSS STUB ofrece un tacto lujoso y un dise\u00f1o realista para una experiencia aut\u00e9ntica. Su superficie aterciopelada garantiza un deslizamiento sin esfuerzo, especialmente al combinarlo con lubricante a base de agua, mientras que su material duradero est\u00e1 dise\u00f1ado para aventuras sin fin. Y con su dise\u00f1o realista, THE BOSS STUB se siente tan incre\u00edble como se ve: verdadero \u00e9xtasis, una y otra vez. Dise\u00f1ado para durar, con el respaldo de la garant\u00eda de 25 a\u00f1os de FUN FACTORY.<\/p>","protected":false},"excerpt":{"rendered":"<p>FUN FACTORY &#8211; THE BOSS STUB G-SPOT DILDO PURPLE<\/p>","protected":false},"featured_media":96715,"comment_status":"closed","ping_status":"closed","template":"","meta":{"_eb_attr":""},"product_brand":[],"product_cat":[1159,1231],"product_tag":[],"class_list":{"0":"post-96714","1":"product","2":"type-product","3":"status-publish","4":"has-post-thumbnail","6":"product_cat-juguetes-bienestar-vibradores","7":"product_cat-juguetes-bienestar-vibradoresvibradores-punto-g","8":"yith_product_brand-fun-factory","10":"first","11":"outofstock","12":"taxable","13":"shipping-taxable","14":"purchasable","15":"product-type-simple"},"_links":{"self":[{"href":"https:\/\/www.bananatreeshop.com\/pt\/wp-json\/wp\/v2\/product\/96714","targetHints":{"allow":["GET"]}}],"collection":[{"href":"https:\/\/www.bananatreeshop.com\/pt\/wp-json\/wp\/v2\/product"}],"about":[{"href":"https:\/\/www.bananatreeshop.com\/pt\/wp-json\/wp\/v2\/types\/product"}],"replies":[{"embeddable":true,"href":"https:\/\/www.bananatreeshop.com\/pt\/wp-json\/wp\/v2\/comments?post=96714"}],"wp:featuredmedia":[{"embeddable":true,"href":"https:\/\/www.bananatreeshop.com\/pt\/wp-json\/wp\/v2\/media\/96715"}],"wp:attachment":[{"href":"https:\/\/www.bananatreeshop.com\/pt\/wp-json\/wp\/v2\/media?parent=96714"}],"wp:term":[{"taxonomy":"product_brand","embeddable":true,"href":"https:\/\/www.bananatreeshop.com\/pt\/wp-json\/wp\/v2\/product_brand?post=96714"},{"taxonomy":"product_cat","embeddable":true,"href":"https:\/\/www.bananatreeshop.com\/pt\/wp-json\/wp\/v2\/product_cat?post=96714"},{"taxonomy":"product_tag","embeddable":true,"href":"https:\/\/www.bananatreeshop.com\/pt\/wp-json\/wp\/v2\/product_tag?post=96714"}],"curies":[{"name":"wp","href":"https:\/\/api.w.org\/{rel}","templated":true}]}}