{"id":96921,"date":"2026-02-26T11:04:42","date_gmt":"2026-02-26T11:04:42","guid":{"rendered":"https:\/\/www.bananatreeshop.com\/?post_type=product&#038;p=96921"},"modified":"2026-04-17T20:04:15","modified_gmt":"2026-04-17T20:04:15","slug":"fun-factory-joupie-g-spot-vibrator-magenta","status":"publish","type":"product","link":"https:\/\/www.bananatreeshop.com\/pt\/produto\/fun-factory-joupie-g-spot-vibrator-magenta\/","title":{"rendered":"FUN FACTORY &#8211; JOUPIE VIBRADOR PUNTO G MAGENTA"},"content":{"rendered":"<p>Qu\u00e9 es peque\u00f1o, inteligente e incre\u00edblemente potente? \u00a1Es el JOUPIE! Con su dise\u00f1o elegante y minimalista y su punta ergon\u00f3mica, el JOUPIE es el compa\u00f1ero perfecto para quienes buscan una estimulaci\u00f3n precisa del punto G. A pesar de su tama\u00f1o compacto (18 cm de largo y 2,5 cm de di\u00e1metro), este peque\u00f1o y potente vibrador ofrece un placer intenso con un solo modo de vibraci\u00f3n. Simplemente gira el control para encender el Joupie y disfrutar de emocionantes aventuras.<\/p>\n<p><strong>Dondequiera que vayas, el JOUPIE te acompa\u00f1a.<\/strong><br \/>Ya sea en casa, de viaje o de viaje, este minivibrador a pilas siempre est\u00e1 listo para jugar. \u00a1No olvides llevar 2 pilas AA (no incluidas)! Fabricado en silicona de alta calidad, inocua para el cuerpo y resistente al agua (IPX7), el JOUPIE es tu compa\u00f1ero de viaje perfecto: ll\u00e9valo a la ba\u00f1era, a la ducha o a donde quieras. Con su potente motor, est\u00e1 listo para momentos espont\u00e1neos y electrizantes en cualquier momento y lugar.<\/p>\n<p><strong>DIVERSI\u00d3N recargada<\/strong><br \/>La forma estilizada y la punta perfectamente curvada del JOUPIE te permiten descubrir tus zonas m\u00e1s sensibles de la forma m\u00e1s divertida. D\u00e9jate sorprender por su potente vibraci\u00f3n y disfruta de una DIVERSI\u00d3N sin esfuerzo, ya sea solo o en pareja. Disfruta de una calidad duradera con el respaldo de la impresionante garant\u00eda de 25 a\u00f1os de FUN FACTORY.<\/p>","protected":false},"excerpt":{"rendered":"<p>FUN FACTORY &#8211; JOUPIE G-SPOT VIBRATOR MAGENTA<\/p>","protected":false},"featured_media":96922,"comment_status":"closed","ping_status":"closed","template":"","meta":{"_eb_attr":""},"product_brand":[],"product_cat":[1159,1231],"product_tag":[],"class_list":{"0":"post-96921","1":"product","2":"type-product","3":"status-publish","4":"has-post-thumbnail","6":"product_cat-juguetes-bienestar-vibradores","7":"product_cat-juguetes-bienestar-vibradoresvibradores-punto-g","8":"yith_product_brand-fun-factory","10":"first","11":"instock","12":"taxable","13":"shipping-taxable","14":"purchasable","15":"product-type-simple"},"_links":{"self":[{"href":"https:\/\/www.bananatreeshop.com\/pt\/wp-json\/wp\/v2\/product\/96921","targetHints":{"allow":["GET"]}}],"collection":[{"href":"https:\/\/www.bananatreeshop.com\/pt\/wp-json\/wp\/v2\/product"}],"about":[{"href":"https:\/\/www.bananatreeshop.com\/pt\/wp-json\/wp\/v2\/types\/product"}],"replies":[{"embeddable":true,"href":"https:\/\/www.bananatreeshop.com\/pt\/wp-json\/wp\/v2\/comments?post=96921"}],"wp:featuredmedia":[{"embeddable":true,"href":"https:\/\/www.bananatreeshop.com\/pt\/wp-json\/wp\/v2\/media\/96922"}],"wp:attachment":[{"href":"https:\/\/www.bananatreeshop.com\/pt\/wp-json\/wp\/v2\/media?parent=96921"}],"wp:term":[{"taxonomy":"product_brand","embeddable":true,"href":"https:\/\/www.bananatreeshop.com\/pt\/wp-json\/wp\/v2\/product_brand?post=96921"},{"taxonomy":"product_cat","embeddable":true,"href":"https:\/\/www.bananatreeshop.com\/pt\/wp-json\/wp\/v2\/product_cat?post=96921"},{"taxonomy":"product_tag","embeddable":true,"href":"https:\/\/www.bananatreeshop.com\/pt\/wp-json\/wp\/v2\/product_tag?post=96921"}],"curies":[{"name":"wp","href":"https:\/\/api.w.org\/{rel}","templated":true}]}}