{"id":96929,"date":"2026-02-26T11:04:45","date_gmt":"2026-02-26T11:04:45","guid":{"rendered":"https:\/\/www.bananatreeshop.com\/?post_type=product&#038;p=96929"},"modified":"2026-04-18T02:49:57","modified_gmt":"2026-04-18T02:49:57","slug":"fun-factory-volita-lay-on-vibrator-purple","status":"publish","type":"product","link":"https:\/\/www.bananatreeshop.com\/pt\/produto\/fun-factory-volita-lay-on-vibrator-purple\/","title":{"rendered":"FUN FACTORY &#8211; VOLITA VIBRADOR LAY-ON VIOLETA"},"content":{"rendered":"<p>Peque\u00f1o pero potente: \u00a1el vibrador de cl\u00edtoris VOLITA demuestra que el verdadero poder viene en un formato peque\u00f1o! Con su tama\u00f1o compacto de tan solo 16 cm, ofrece vibraciones impresionantes que deleitar\u00e1n tus sentidos, perfecto tanto para principiantes como para expertos. Las puntas flexibles de silicona mejoran la sensibilidad y aumentan el placer con cada uso.<\/p>\n<p><strong>\u00a1Siempre listo cuando t\u00fa lo est\u00e9s!<\/strong><br \/>Tanto si est\u00e1s de viaje como si buscas una sesi\u00f3n r\u00e1pida y emocionante, VOLITA te cubre las espaldas. Con un solo modo de vibraci\u00f3n intenso, alcanzar\u00e1s el cielo en un instante. Su dise\u00f1o compacto y a pilas cabe perfectamente en tu bolso (1 pila AA, no incluida). No necesita carga: simplemente desempaqu\u00e9talo y deja que su potente motor te lleve a un viaje inolvidable. Adem\u00e1s, es resistente al agua (IPX7) y s\u00faper silencioso: perfecto para un poco de DIVERSI\u00d3N discreta.<\/p>\n<p><strong>Exploraci\u00f3n l\u00fadica, sensaciones intensas<\/strong><br \/>VOLITA te abre un sinf\u00edn de posibilidades de juego. Las delicadas capas son ideales para la estimulaci\u00f3n del cl\u00edtoris y la vagina, ofreciendo sensaciones inigualables. \u00dasalo solo o anima tus juegos con tu pareja. Ya sea durante una mamada, durante la penetraci\u00f3n o para estimular tus zonas \u00edntimas, VOLITA cumple en todos los aspectos. Fabricado en silicona inocua para el cuerpo y con la garant\u00eda de 25 a\u00f1os de FUN FACTORY, para un placer que se mantiene real.<\/p>","protected":false},"excerpt":{"rendered":"<p>FUN FACTORY &#8211; VOLITA LAY-ON VIBRATOR PURPLE<\/p>","protected":false},"featured_media":96930,"comment_status":"closed","ping_status":"closed","template":"","meta":{"_eb_attr":""},"product_brand":[],"product_cat":[1159,1259],"product_tag":[],"class_list":{"0":"post-96929","1":"product","2":"type-product","3":"status-publish","4":"has-post-thumbnail","6":"product_cat-juguetes-bienestar-vibradores","7":"product_cat-juguetes-bienestar-vibradoresvibradores-lay-on-clitoris","8":"yith_product_brand-fun-factory","10":"first","11":"instock","12":"taxable","13":"shipping-taxable","14":"purchasable","15":"product-type-simple"},"_links":{"self":[{"href":"https:\/\/www.bananatreeshop.com\/pt\/wp-json\/wp\/v2\/product\/96929","targetHints":{"allow":["GET"]}}],"collection":[{"href":"https:\/\/www.bananatreeshop.com\/pt\/wp-json\/wp\/v2\/product"}],"about":[{"href":"https:\/\/www.bananatreeshop.com\/pt\/wp-json\/wp\/v2\/types\/product"}],"replies":[{"embeddable":true,"href":"https:\/\/www.bananatreeshop.com\/pt\/wp-json\/wp\/v2\/comments?post=96929"}],"wp:featuredmedia":[{"embeddable":true,"href":"https:\/\/www.bananatreeshop.com\/pt\/wp-json\/wp\/v2\/media\/96930"}],"wp:attachment":[{"href":"https:\/\/www.bananatreeshop.com\/pt\/wp-json\/wp\/v2\/media?parent=96929"}],"wp:term":[{"taxonomy":"product_brand","embeddable":true,"href":"https:\/\/www.bananatreeshop.com\/pt\/wp-json\/wp\/v2\/product_brand?post=96929"},{"taxonomy":"product_cat","embeddable":true,"href":"https:\/\/www.bananatreeshop.com\/pt\/wp-json\/wp\/v2\/product_cat?post=96929"},{"taxonomy":"product_tag","embeddable":true,"href":"https:\/\/www.bananatreeshop.com\/pt\/wp-json\/wp\/v2\/product_tag?post=96929"}],"curies":[{"name":"wp","href":"https:\/\/api.w.org\/{rel}","templated":true}]}}