{"id":96946,"date":"2026-02-26T11:05:10","date_gmt":"2026-02-26T11:05:10","guid":{"rendered":"https:\/\/www.bananatreeshop.com\/?post_type=product&#038;p=96946"},"modified":"2026-04-19T18:50:32","modified_gmt":"2026-04-19T18:50:32","slug":"fun-factory-ocean-mini-vibrator-aquamarine","status":"publish","type":"product","link":"https:\/\/www.bananatreeshop.com\/pt\/produto\/fun-factory-ocean-mini-vibrator-aquamarine\/","title":{"rendered":"FUN FACTORY &#8211; OCEAN MINI VIBRADOR AGUAMARINA"},"content":{"rendered":"<p>Peque\u00f1o y compacto con usos vers\u00e1tiles: El OCEAN es perfecto para principiantes y un compa\u00f1ero fant\u00e1stico para quienes buscan DIVERSI\u00d3N sin l\u00edmites en cualquier lugar. Su cuerpo curvo y dise\u00f1o ergon\u00f3mico facilitan la estimulaci\u00f3n del punto G y, al mismo tiempo, miman el cl\u00edtoris para un placer m\u00e1ximo.<\/p>\n<p><strong>Potente y discreto<\/strong><br \/>El OCEAN cuenta con 6 velocidades y 6 patrones de vibraci\u00f3n, desde un suave zumbido hasta un potente estruendo, para ofrecer una amplia variedad de estimulaci\u00f3n. El vibrador conejito funciona con 2 pilas AAA (no incluidas), es resistente al agua (IPX7) y se puede usar en cualquier momento y lugar, solo o en pareja. Este juguete de alta calidad te encantar\u00e1 con su silicona suave y agradable para el cuerpo, su adorable forma ondulada y su compacto tama\u00f1o de 14,5 cm. Disfruta de una calidad duradera con el respaldo de la impresionante garant\u00eda de 25 a\u00f1os de FUN FACTORY. \u00a1Consigue tu OCEAN y sum\u00e9rgete en un mar de placer!<\/p>","protected":false},"excerpt":{"rendered":"<p>FUN FACTORY &#8211; OCEAN MINI VIBRATOR AQUAMARINE<\/p>","protected":false},"featured_media":96947,"comment_status":"closed","ping_status":"closed","template":"","meta":{"_eb_attr":""},"product_brand":[],"product_cat":[1253,1159],"product_tag":[],"class_list":{"0":"post-96946","1":"product","2":"type-product","3":"status-publish","4":"has-post-thumbnail","6":"product_cat-juguetes-bienestar-vibradoresmini-vibradores","7":"product_cat-juguetes-bienestar-vibradores","8":"yith_product_brand-fun-factory","10":"first","11":"instock","12":"taxable","13":"shipping-taxable","14":"purchasable","15":"product-type-simple"},"_links":{"self":[{"href":"https:\/\/www.bananatreeshop.com\/pt\/wp-json\/wp\/v2\/product\/96946","targetHints":{"allow":["GET"]}}],"collection":[{"href":"https:\/\/www.bananatreeshop.com\/pt\/wp-json\/wp\/v2\/product"}],"about":[{"href":"https:\/\/www.bananatreeshop.com\/pt\/wp-json\/wp\/v2\/types\/product"}],"replies":[{"embeddable":true,"href":"https:\/\/www.bananatreeshop.com\/pt\/wp-json\/wp\/v2\/comments?post=96946"}],"wp:featuredmedia":[{"embeddable":true,"href":"https:\/\/www.bananatreeshop.com\/pt\/wp-json\/wp\/v2\/media\/96947"}],"wp:attachment":[{"href":"https:\/\/www.bananatreeshop.com\/pt\/wp-json\/wp\/v2\/media?parent=96946"}],"wp:term":[{"taxonomy":"product_brand","embeddable":true,"href":"https:\/\/www.bananatreeshop.com\/pt\/wp-json\/wp\/v2\/product_brand?post=96946"},{"taxonomy":"product_cat","embeddable":true,"href":"https:\/\/www.bananatreeshop.com\/pt\/wp-json\/wp\/v2\/product_cat?post=96946"},{"taxonomy":"product_tag","embeddable":true,"href":"https:\/\/www.bananatreeshop.com\/pt\/wp-json\/wp\/v2\/product_tag?post=96946"}],"curies":[{"name":"wp","href":"https:\/\/api.w.org\/{rel}","templated":true}]}}