{"id":96986,"date":"2026-02-26T11:05:31","date_gmt":"2026-02-26T11:05:31","guid":{"rendered":"https:\/\/www.bananatreeshop.com\/?post_type=product&#038;p=96986"},"modified":"2026-04-21T11:02:37","modified_gmt":"2026-04-21T11:02:37","slug":"fun-factory-wicked-angel-rabbit-vibrator-magenta","status":"publish","type":"product","link":"https:\/\/www.bananatreeshop.com\/pt\/produto\/fun-factory-wicked-angel-rabbit-vibrator-magenta\/","title":{"rendered":"FUN FACTORY &#8211; WICKED \u00c1NGEL VIBRADOR CONEJO MAGENTA"},"content":{"rendered":"<p>\u00a1El WICKED ANGEL es tu compa\u00f1ero ideal para momentos intensamente satisfactorios! Este vibrador conejito combina un dise\u00f1o audaz con una funcionalidad precisa, lo que lo convierte en la opci\u00f3n ideal para quienes buscan una experiencia extra de placer. Con su eje ergon\u00f3micamente curvado y 9,5 cm de longitud, cada movimiento se convierte en un viaje electrizante que te lleva a nuevas cotas de placer. El dise\u00f1o ergon\u00f3mico estimula tanto el punto G como el cl\u00edtoris, mientras que las alas, dise\u00f1adas como estimuladores del cl\u00edtoris, ofrecen pulsaciones emocionantes que te llevar\u00e1n a orgasmos inolvidables.<\/p>\n<p><strong>Sientes llegar el cl\u00edmax?<\/strong><br \/>Con 4 velocidades y 6 modos emocionantes, tienes la libertad de adaptar tu experiencia a tus deseos, mientras que el eje realista, hecho de silicona inocua para el cuerpo, se dirige a tu sensible punto G, provocando intensas oleadas de excitaci\u00f3n para una experiencia aut\u00e9ntica. Para una inserci\u00f3n a\u00fan m\u00e1s suave y sensaciones m\u00e1s intensas, recomendamos usar lubricante a base de agua.<\/p>\n<p><strong>Convierte cualquier lugar en tu propio para\u00edso sensual.<\/strong><br \/>Gracias a su textura impermeable (IPX7), el WICKED ANGEL est\u00e1 listo para disfrutar en cualquier lugar, desde la cama hasta la ba\u00f1era o la ducha. Las pilas (2 pilas AAA, no incluidas) ofrecen una alimentaci\u00f3n fiable, para que siempre est\u00e9s listo para tu pr\u00f3xima aventura, ya sea en una habitaci\u00f3n de hotel o durante un encuentro sensual al aire libre. Bienvenido al para\u00edso del placer. Disfruta de una calidad duradera con el respaldo de la impresionante garant\u00eda de 25 a\u00f1os de FUN FACTORY.<\/p>","protected":false},"excerpt":{"rendered":"<p>FUN FACTORY &#8211; WICKED ANGEL RABBIT VIBRATOR MAGENTA<\/p>","protected":false},"featured_media":96987,"comment_status":"closed","ping_status":"closed","template":"","meta":{"_eb_attr":""},"product_brand":[],"product_cat":[1159,1258],"product_tag":[],"class_list":{"0":"post-96986","1":"product","2":"type-product","3":"status-publish","4":"has-post-thumbnail","6":"product_cat-juguetes-bienestar-vibradores","7":"product_cat-juguetes-bienestar-vibradoresvibradores-rabbit","8":"yith_product_brand-fun-factory","10":"first","11":"instock","12":"taxable","13":"shipping-taxable","14":"purchasable","15":"product-type-simple"},"_links":{"self":[{"href":"https:\/\/www.bananatreeshop.com\/pt\/wp-json\/wp\/v2\/product\/96986","targetHints":{"allow":["GET"]}}],"collection":[{"href":"https:\/\/www.bananatreeshop.com\/pt\/wp-json\/wp\/v2\/product"}],"about":[{"href":"https:\/\/www.bananatreeshop.com\/pt\/wp-json\/wp\/v2\/types\/product"}],"replies":[{"embeddable":true,"href":"https:\/\/www.bananatreeshop.com\/pt\/wp-json\/wp\/v2\/comments?post=96986"}],"wp:featuredmedia":[{"embeddable":true,"href":"https:\/\/www.bananatreeshop.com\/pt\/wp-json\/wp\/v2\/media\/96987"}],"wp:attachment":[{"href":"https:\/\/www.bananatreeshop.com\/pt\/wp-json\/wp\/v2\/media?parent=96986"}],"wp:term":[{"taxonomy":"product_brand","embeddable":true,"href":"https:\/\/www.bananatreeshop.com\/pt\/wp-json\/wp\/v2\/product_brand?post=96986"},{"taxonomy":"product_cat","embeddable":true,"href":"https:\/\/www.bananatreeshop.com\/pt\/wp-json\/wp\/v2\/product_cat?post=96986"},{"taxonomy":"product_tag","embeddable":true,"href":"https:\/\/www.bananatreeshop.com\/pt\/wp-json\/wp\/v2\/product_tag?post=96986"}],"curies":[{"name":"wp","href":"https:\/\/api.w.org\/{rel}","templated":true}]}}