{"id":96998,"date":"2026-02-26T11:05:37","date_gmt":"2026-02-26T11:05:37","guid":{"rendered":"https:\/\/www.bananatreeshop.com\/?post_type=product&#038;p=96998"},"modified":"2026-04-20T20:50:03","modified_gmt":"2026-04-20T20:50:03","slug":"fun-factory-darling-devil-rabbit-vibrator-wine-red","status":"publish","type":"product","link":"https:\/\/www.bananatreeshop.com\/pt\/produto\/fun-factory-darling-devil-rabbit-vibrator-wine-red\/","title":{"rendered":"FUN FACTORY &#8211; DARLING DEVIL VIBRADOR CONEJO BURDEOS"},"content":{"rendered":"<p>El DARLING DEVIL: \u00a1porque el diablo est\u00e1 en tu interior! Este vibrador conejito est\u00e1 dise\u00f1ado para despertar tus deseos m\u00e1s oscuros y llevarte a un viaje de placer pecaminoso. La combinaci\u00f3n perfecta de forma y FUNCI\u00d3N, cuenta con un eje de silicona curvado y una sensual textura ondulada que proporciona estimulaci\u00f3n dual del punto G y del cl\u00edtoris. Mientras tanto, el estimulador de cl\u00edtoris puntiagudo env\u00eda pulsos precisos, gui\u00e1ndote hacia una satisfacci\u00f3n inigualable. Pero lo m\u00e1s destacado? Los peque\u00f1os cuernos de diablo que acarician suavemente tus puntos m\u00e1s sensibles, intensificando el placer a nuevas alturas.<\/p>\n<p><strong>Tentaci\u00f3n con solo pulsar un bot\u00f3n<\/strong><br \/>Con un potente motor que ofrece 4 velocidades y 6 modos emocionantes, puedes adaptar tu experiencia a cada deseo. Alimentado por 2 pilas AAA (no incluidas), este vibrador te ofrece un \u00e9xtasis puro, sin esperas. Y, con sus 20 cm, DARLING DEVIL ofrece una sensaci\u00f3n de plenitud y satisfacci\u00f3n, complementada con su textura acanalada para sensaciones adicionales. Comb\u00ednalo con lubricante a base de agua para una penetraci\u00f3n m\u00e1s suave y potencia cada movimiento.<\/p>\n<p><strong>Desata tu sensualidad<\/strong><br \/>Totalmente resistente al agua (IPX7), DARLING DEVIL est\u00e1 listo para todas tus aventuras, ya sea en la ba\u00f1era, la ducha o incluso en movimiento. Fabricado con silicona suave y sedosa, inocua para el cuerpo, y con la garant\u00eda de 25 a\u00f1os de FUN FACTORY, para un placer infinito y endiabladamente delicioso. D\u00e9jate tentar por la locura y experimenta una estimulaci\u00f3n excepcional.<\/p>","protected":false},"excerpt":{"rendered":"<p>FUN FACTORY &#8211; DARLING DEVIL RABBIT VIBRATOR WINE RED<\/p>","protected":false},"featured_media":96999,"comment_status":"closed","ping_status":"closed","template":"","meta":{"_eb_attr":""},"product_brand":[],"product_cat":[1159,1258],"product_tag":[],"class_list":{"0":"post-96998","1":"product","2":"type-product","3":"status-publish","4":"has-post-thumbnail","6":"product_cat-juguetes-bienestar-vibradores","7":"product_cat-juguetes-bienestar-vibradoresvibradores-rabbit","8":"yith_product_brand-fun-factory","10":"first","11":"instock","12":"taxable","13":"shipping-taxable","14":"purchasable","15":"product-type-simple"},"_links":{"self":[{"href":"https:\/\/www.bananatreeshop.com\/pt\/wp-json\/wp\/v2\/product\/96998","targetHints":{"allow":["GET"]}}],"collection":[{"href":"https:\/\/www.bananatreeshop.com\/pt\/wp-json\/wp\/v2\/product"}],"about":[{"href":"https:\/\/www.bananatreeshop.com\/pt\/wp-json\/wp\/v2\/types\/product"}],"replies":[{"embeddable":true,"href":"https:\/\/www.bananatreeshop.com\/pt\/wp-json\/wp\/v2\/comments?post=96998"}],"wp:featuredmedia":[{"embeddable":true,"href":"https:\/\/www.bananatreeshop.com\/pt\/wp-json\/wp\/v2\/media\/96999"}],"wp:attachment":[{"href":"https:\/\/www.bananatreeshop.com\/pt\/wp-json\/wp\/v2\/media?parent=96998"}],"wp:term":[{"taxonomy":"product_brand","embeddable":true,"href":"https:\/\/www.bananatreeshop.com\/pt\/wp-json\/wp\/v2\/product_brand?post=96998"},{"taxonomy":"product_cat","embeddable":true,"href":"https:\/\/www.bananatreeshop.com\/pt\/wp-json\/wp\/v2\/product_cat?post=96998"},{"taxonomy":"product_tag","embeddable":true,"href":"https:\/\/www.bananatreeshop.com\/pt\/wp-json\/wp\/v2\/product_tag?post=96998"}],"curies":[{"name":"wp","href":"https:\/\/api.w.org\/{rel}","templated":true}]}}