{"id":97022,"date":"2026-02-26T11:05:52","date_gmt":"2026-02-26T11:05:52","guid":{"rendered":"https:\/\/www.bananatreeshop.com\/?post_type=product&#038;p=97022"},"modified":"2026-04-17T21:02:17","modified_gmt":"2026-04-17T21:02:17","slug":"fun-factory-volta-lay-on-vibrator-aquamarine","status":"publish","type":"product","link":"https:\/\/www.bananatreeshop.com\/pt\/produto\/fun-factory-volta-lay-on-vibrator-aquamarine\/","title":{"rendered":"FUN FACTORY &#8211; VOLTA VIBRADOR LAY-ON AGUAMARINA"},"content":{"rendered":"<p>\u00a1Pura potencia para tus zonas er\u00f3genas con VOLTA! Las sensuales capas vibrantes en las puntas aumentan tu sensibilidad y excitaci\u00f3n, ideal para usar en el cl\u00edtoris, la vagina y los pezones, o como un complemento de lujo para una mamada. Gracias al dise\u00f1o y la forma especiales de las puntas, se aumenta la circulaci\u00f3n sangu\u00ednea en la zona de la vulva, lo que resulta en orgasmos m\u00e1s intensos y facilita alcanzar m\u00faltiples cl\u00edmax. Descubre una estimulaci\u00f3n intensa tanto en solitario como en pareja mientras te vuelves creativo con VOLTA.<\/p>\n<p><strong>Pr\u00e1ctico mango LOOP y potentes vibraciones<\/strong><br \/>El vibrador de contacto cuenta con un mango ergon\u00f3mico LOOP con textura acanalada y antideslizante que ofrece un agarre firme, sin importar lo resbaladiza que sea tu experiencia. VOLTA es resistente al agua (IPX7) y recargable por USB-C, as\u00ed que puedes usarlo en cualquier lugar. Con 6 potentes niveles de velocidad y 6 patrones de vibraci\u00f3n estimulantes que se pueden ajustar por separado, este vibrador garantiza innumerables cl\u00edmax. Hecho de silicona inocua para el cuerpo y respaldado por la garant\u00eda de 25 a\u00f1os de FUN FACTORY, para un placer que se mantiene real. S\u00e9 juguet\u00f3n, s\u00e9 creativo: \u00a1VOLTA no deja ning\u00fan deseo sin cumplir!<\/p>","protected":false},"excerpt":{"rendered":"<p>FUN FACTORY &#8211; VOLTA LAY-ON VIBRATOR AQUAMARINE<\/p>","protected":false},"featured_media":97023,"comment_status":"closed","ping_status":"closed","template":"","meta":{"_eb_attr":""},"product_brand":[],"product_cat":[1159,1259],"product_tag":[],"class_list":{"0":"post-97022","1":"product","2":"type-product","3":"status-publish","4":"has-post-thumbnail","6":"product_cat-juguetes-bienestar-vibradores","7":"product_cat-juguetes-bienestar-vibradoresvibradores-lay-on-clitoris","8":"yith_product_brand-fun-factory","10":"first","11":"instock","12":"taxable","13":"shipping-taxable","14":"purchasable","15":"product-type-simple"},"_links":{"self":[{"href":"https:\/\/www.bananatreeshop.com\/pt\/wp-json\/wp\/v2\/product\/97022","targetHints":{"allow":["GET"]}}],"collection":[{"href":"https:\/\/www.bananatreeshop.com\/pt\/wp-json\/wp\/v2\/product"}],"about":[{"href":"https:\/\/www.bananatreeshop.com\/pt\/wp-json\/wp\/v2\/types\/product"}],"replies":[{"embeddable":true,"href":"https:\/\/www.bananatreeshop.com\/pt\/wp-json\/wp\/v2\/comments?post=97022"}],"wp:featuredmedia":[{"embeddable":true,"href":"https:\/\/www.bananatreeshop.com\/pt\/wp-json\/wp\/v2\/media\/97023"}],"wp:attachment":[{"href":"https:\/\/www.bananatreeshop.com\/pt\/wp-json\/wp\/v2\/media?parent=97022"}],"wp:term":[{"taxonomy":"product_brand","embeddable":true,"href":"https:\/\/www.bananatreeshop.com\/pt\/wp-json\/wp\/v2\/product_brand?post=97022"},{"taxonomy":"product_cat","embeddable":true,"href":"https:\/\/www.bananatreeshop.com\/pt\/wp-json\/wp\/v2\/product_cat?post=97022"},{"taxonomy":"product_tag","embeddable":true,"href":"https:\/\/www.bananatreeshop.com\/pt\/wp-json\/wp\/v2\/product_tag?post=97022"}],"curies":[{"name":"wp","href":"https:\/\/api.w.org\/{rel}","templated":true}]}}