{"id":97026,"date":"2026-02-26T11:05:53","date_gmt":"2026-02-26T11:05:53","guid":{"rendered":"https:\/\/www.bananatreeshop.com\/?post_type=product&#038;p=97026"},"modified":"2026-04-20T23:01:10","modified_gmt":"2026-04-20T23:01:10","slug":"fun-factory-miss-bi-rabbit-vibrator-purple","status":"publish","type":"product","link":"https:\/\/www.bananatreeshop.com\/pt\/produto\/fun-factory-miss-bi-rabbit-vibrator-purple\/","title":{"rendered":"FUN FACTORY &#8211; MISS BI VIBRADOR CONEJO VIOLETA"},"content":{"rendered":"<p>Dos potentes motores, una experiencia \u00fanica: El dise\u00f1o ergon\u00f3mico de MISS BI proporciona una estimulaci\u00f3n precisa del punto G y del cl\u00edtoris para orgasmos intensos. Su peque\u00f1o brazo flexible se adapta perfectamente a tu cuerpo, masajeando el cl\u00edtoris con precisi\u00f3n milim\u00e9trica, mientras que su amplio eje, de 17 cm de largo y hasta 4 cm de di\u00e1metro, crea una sensaci\u00f3n de plenitud profundamente satisfactoria. Y por cierto: con sus dos potentes motores de control independiente, MISS BI te permite cambiar f\u00e1cilmente entre 6 programas de vibraci\u00f3n y 6 velocidades, ofreci\u00e9ndote infinitas maneras de personalizar tu placer.<\/p>\n<p><strong>Tu orgasmo, siempre a tu gusto<\/strong><br \/>Ya sea en solitario o en pareja, MISS BI es resistente al agua (IPX7), recargable por USB-C y seguro para uso anal. El c\u00f3modo mango LOOP con superficie texturizada y acanalada para un agarre seguro garantiza un control sin esfuerzo, mientras que la silicona hipoalerg\u00e9nica y respetuosa con el cuerpo es suave con la piel, f\u00e1cil de limpiar e higi\u00e9nica. Disfruta de un placer duradero y tranquilidad con la garant\u00eda de 25 a\u00f1os de FUN FACTORY. Sum\u00e9rgete en un placer sin l\u00edmites con MISS BI: \u00a1tal como a ti te gusta!<\/p>","protected":false},"excerpt":{"rendered":"<p>FUN FACTORY &#8211; MISS BI RABBIT VIBRATOR PURPLE<\/p>","protected":false},"featured_media":97027,"comment_status":"closed","ping_status":"closed","template":"","meta":{"_eb_attr":""},"product_brand":[],"product_cat":[1159,1258],"product_tag":[],"class_list":{"0":"post-97026","1":"product","2":"type-product","3":"status-publish","4":"has-post-thumbnail","6":"product_cat-juguetes-bienestar-vibradores","7":"product_cat-juguetes-bienestar-vibradoresvibradores-rabbit","8":"yith_product_brand-fun-factory","10":"first","11":"instock","12":"taxable","13":"shipping-taxable","14":"purchasable","15":"product-type-simple"},"_links":{"self":[{"href":"https:\/\/www.bananatreeshop.com\/pt\/wp-json\/wp\/v2\/product\/97026","targetHints":{"allow":["GET"]}}],"collection":[{"href":"https:\/\/www.bananatreeshop.com\/pt\/wp-json\/wp\/v2\/product"}],"about":[{"href":"https:\/\/www.bananatreeshop.com\/pt\/wp-json\/wp\/v2\/types\/product"}],"replies":[{"embeddable":true,"href":"https:\/\/www.bananatreeshop.com\/pt\/wp-json\/wp\/v2\/comments?post=97026"}],"wp:featuredmedia":[{"embeddable":true,"href":"https:\/\/www.bananatreeshop.com\/pt\/wp-json\/wp\/v2\/media\/97027"}],"wp:attachment":[{"href":"https:\/\/www.bananatreeshop.com\/pt\/wp-json\/wp\/v2\/media?parent=97026"}],"wp:term":[{"taxonomy":"product_brand","embeddable":true,"href":"https:\/\/www.bananatreeshop.com\/pt\/wp-json\/wp\/v2\/product_brand?post=97026"},{"taxonomy":"product_cat","embeddable":true,"href":"https:\/\/www.bananatreeshop.com\/pt\/wp-json\/wp\/v2\/product_cat?post=97026"},{"taxonomy":"product_tag","embeddable":true,"href":"https:\/\/www.bananatreeshop.com\/pt\/wp-json\/wp\/v2\/product_tag?post=97026"}],"curies":[{"name":"wp","href":"https:\/\/api.w.org\/{rel}","templated":true}]}}