{"id":97070,"date":"2026-02-26T11:06:49","date_gmt":"2026-02-26T11:06:49","guid":{"rendered":"https:\/\/www.bananatreeshop.com\/?post_type=product&#038;p=97070"},"modified":"2026-04-19T04:44:04","modified_gmt":"2026-04-19T04:44:04","slug":"fun-factory-bi-stronic-embrace-thrusting-rabbit-pulsators-magenta","status":"publish","type":"product","link":"https:\/\/www.bananatreeshop.com\/pt\/produto\/fun-factory-bi-stronic-embrace-thrusting-rabbit-pulsators-magenta\/","title":{"rendered":"FUN FACTORY &#8211; BI STRONIC EMBRACE CONEJO ESTIMULADOR DE EMPUJE MAGENTA"},"content":{"rendered":"<p>\u00a1Impacto profundo, placer que te pondr\u00e1 la piel de gallina! El BI STRONIC EMBRACE no se queda a medias: sus realistas y profundas embestidas llegan justo donde las deseas, con un dise\u00f1o ergon\u00f3mico que garantiza una doble estimulaci\u00f3n: un eje de empuje para satisfacer el punto G y un vibrador para estimular el cl\u00edtoris. Los r\u00edtmicos movimientos de vaiv\u00e9n imitan la vida real y brindan sensaciones realistas con cada pulsaci\u00f3n. Mientras tanto, las potentes vibraciones y una forma sensual y ce\u00f1ida te envuelven por completo, mientras que la punta esculpida y curva proporciona una estimulaci\u00f3n profunda y localizada del punto G. Agrega lubricante a base de agua para a\u00fan m\u00e1s intensidad y sensaciones incre\u00edbles.<\/p>\n<p><strong>Manos libres, sin esfuerzo, alucinante<\/strong><br \/>D\u00e9jate llevar y entr\u00e9gate: dos motores impulsan 8 patrones de empuje y 6 modos de vibraci\u00f3n que se pueden controlar por separado, creando el ritmo perfecto para llevarte al l\u00edmite. Y como el BI STRONIC EMBRACE lo hace todo, puedes simplemente relajarte y dejar que el placer te domine, con las manos libres.<\/p>\n<p><strong>Siempre listo para tus fantas\u00edas.<\/strong><br \/>Ya sea en la ducha, la ba\u00f1era o entre las s\u00e1banas, resistente al agua (IPX7), recargable por USB-C y fabricado con silicona inocua para el cuerpo, este juguete sexual siempre est\u00e1 listo para la aventura. El mango ergon\u00f3mico LOOP con superficie texturizada, acanalada y antideslizante lo mantiene todo seguro, mientras que el control intuitivo de 3 botones garantiza una navegaci\u00f3n sin esfuerzo. Listo para jugar? Solo pulsa FUN. El BI STRONIC EMBRACE viene con una garant\u00eda FUN FACTORY de 25 a\u00f1os, que garantiza una calidad excepcional, durabilidad y satisfacci\u00f3n duradera.<\/p>","protected":false},"excerpt":{"rendered":"<p>FUN FACTORY &#8211; BI STRONIC EMBRACE THRUSTING RABBIT PULSATORS MAGENTA<\/p>","protected":false},"featured_media":97071,"comment_status":"closed","ping_status":"closed","template":"","meta":{"_eb_attr":""},"product_brand":[],"product_cat":[1159,1258],"product_tag":[],"class_list":{"0":"post-97070","1":"product","2":"type-product","3":"status-publish","4":"has-post-thumbnail","6":"product_cat-juguetes-bienestar-vibradores","7":"product_cat-juguetes-bienestar-vibradoresvibradores-rabbit","8":"yith_product_brand-fun-factory","10":"first","11":"instock","12":"taxable","13":"shipping-taxable","14":"purchasable","15":"product-type-simple"},"_links":{"self":[{"href":"https:\/\/www.bananatreeshop.com\/pt\/wp-json\/wp\/v2\/product\/97070","targetHints":{"allow":["GET"]}}],"collection":[{"href":"https:\/\/www.bananatreeshop.com\/pt\/wp-json\/wp\/v2\/product"}],"about":[{"href":"https:\/\/www.bananatreeshop.com\/pt\/wp-json\/wp\/v2\/types\/product"}],"replies":[{"embeddable":true,"href":"https:\/\/www.bananatreeshop.com\/pt\/wp-json\/wp\/v2\/comments?post=97070"}],"wp:featuredmedia":[{"embeddable":true,"href":"https:\/\/www.bananatreeshop.com\/pt\/wp-json\/wp\/v2\/media\/97071"}],"wp:attachment":[{"href":"https:\/\/www.bananatreeshop.com\/pt\/wp-json\/wp\/v2\/media?parent=97070"}],"wp:term":[{"taxonomy":"product_brand","embeddable":true,"href":"https:\/\/www.bananatreeshop.com\/pt\/wp-json\/wp\/v2\/product_brand?post=97070"},{"taxonomy":"product_cat","embeddable":true,"href":"https:\/\/www.bananatreeshop.com\/pt\/wp-json\/wp\/v2\/product_cat?post=97070"},{"taxonomy":"product_tag","embeddable":true,"href":"https:\/\/www.bananatreeshop.com\/pt\/wp-json\/wp\/v2\/product_tag?post=97070"}],"curies":[{"name":"wp","href":"https:\/\/api.w.org\/{rel}","templated":true}]}}