{"id":97082,"date":"2026-02-26T11:06:54","date_gmt":"2026-02-26T11:06:54","guid":{"rendered":"https:\/\/www.bananatreeshop.com\/?post_type=product&#038;p=97082"},"modified":"2026-04-21T01:12:18","modified_gmt":"2026-04-21T01:12:18","slug":"fun-factory-bi-stronic-crave-thrusting-rabbit-pulsators-rose","status":"publish","type":"product","link":"https:\/\/www.bananatreeshop.com\/pt\/produto\/fun-factory-bi-stronic-crave-thrusting-rabbit-pulsators-rose\/","title":{"rendered":"FUN FACTORY &#8211; BI STRONIC CRAVE CONEJO ESTIMULADOR DE EMPUJE ROSA"},"content":{"rendered":"<p>El BI STRONIC CRAVE no solo aporta movimiento a tus juegos, sino que marca el ritmo. Con movimientos profundos y realistas, combinados con potentes vibraciones, te atrae poco a poco. Los r\u00edtmicos movimientos de vaiv\u00e9n imitan la vida real y brindan sensaciones realistas con cada pulsaci\u00f3n. Su dise\u00f1o ergon\u00f3mico garantiza una doble estimulaci\u00f3n: un eje de empuje para el punto G y un vibrador para el cl\u00edtoris. Su silicona aterciopelada y su sensual estructura ondulada crean una sensaci\u00f3n intensa que te lleva a nuevas cotas de placer.<\/p>\n<p><strong>D\u00e9jate llevar donde quieras<\/strong><br \/>Cama, ducha o ba\u00f1era? T\u00fa eliges. El BI STRONIC CRAVE es recargable por USB-C, resistente al agua (IPX7) y siempre est\u00e1 listo cuando t\u00fa lo est\u00e9s. Dos motores impulsan 8 modos de empuje y 6 niveles de vibraci\u00f3n, que se pueden controlar por separado, ofreciendo el ritmo que te permite desconectar del mundo. Y lo mejor? \u00c9l hace el trabajo: t\u00fa disfrutas del placer. Manos libres, todo en uno, y nada m\u00e1s que sensacional.<\/p>\n<p><strong>Para quienes anhelan m\u00e1s<\/strong><br \/>Ya sea solo o en pareja, el BI STRONIC CRAVE se adapta a la perfecci\u00f3n a cualquier fantas\u00eda y est\u00e1 fabricado con silicona inocua para el cuerpo para una comodidad m\u00e1xima. Su mango ergon\u00f3mico LOOP, con superficie texturizada, acanalada y antideslizante, te da el control cuando lo deseas, mientras que la interfaz intuitiva de 3 botones facilita el uso. Quieres llevarlo al siguiente nivel? Usa siempre un lubricante a base de agua para sensaciones a\u00fan m\u00e1s intensas. El BI STRONIC CRAVE cuenta con una garant\u00eda FUN FACTORY de 25 a\u00f1os, que garantiza una calidad excepcional, durabilidad y un disfrute sin l\u00edmites.<\/p>","protected":false},"excerpt":{"rendered":"<p>FUN FACTORY &#8211; BI STRONIC CRAVE THRUSTING RABBIT PULSATORS ROSE<\/p>","protected":false},"featured_media":97083,"comment_status":"closed","ping_status":"closed","template":"","meta":{"_eb_attr":""},"product_brand":[],"product_cat":[1159,1258],"product_tag":[],"class_list":{"0":"post-97082","1":"product","2":"type-product","3":"status-publish","4":"has-post-thumbnail","6":"product_cat-juguetes-bienestar-vibradores","7":"product_cat-juguetes-bienestar-vibradoresvibradores-rabbit","8":"yith_product_brand-fun-factory","10":"first","11":"instock","12":"taxable","13":"shipping-taxable","14":"purchasable","15":"product-type-simple"},"_links":{"self":[{"href":"https:\/\/www.bananatreeshop.com\/pt\/wp-json\/wp\/v2\/product\/97082","targetHints":{"allow":["GET"]}}],"collection":[{"href":"https:\/\/www.bananatreeshop.com\/pt\/wp-json\/wp\/v2\/product"}],"about":[{"href":"https:\/\/www.bananatreeshop.com\/pt\/wp-json\/wp\/v2\/types\/product"}],"replies":[{"embeddable":true,"href":"https:\/\/www.bananatreeshop.com\/pt\/wp-json\/wp\/v2\/comments?post=97082"}],"wp:featuredmedia":[{"embeddable":true,"href":"https:\/\/www.bananatreeshop.com\/pt\/wp-json\/wp\/v2\/media\/97083"}],"wp:attachment":[{"href":"https:\/\/www.bananatreeshop.com\/pt\/wp-json\/wp\/v2\/media?parent=97082"}],"wp:term":[{"taxonomy":"product_brand","embeddable":true,"href":"https:\/\/www.bananatreeshop.com\/pt\/wp-json\/wp\/v2\/product_brand?post=97082"},{"taxonomy":"product_cat","embeddable":true,"href":"https:\/\/www.bananatreeshop.com\/pt\/wp-json\/wp\/v2\/product_cat?post=97082"},{"taxonomy":"product_tag","embeddable":true,"href":"https:\/\/www.bananatreeshop.com\/pt\/wp-json\/wp\/v2\/product_tag?post=97082"}],"curies":[{"name":"wp","href":"https:\/\/api.w.org\/{rel}","templated":true}]}}