{"id":97086,"date":"2026-02-26T11:06:58","date_gmt":"2026-02-26T11:06:58","guid":{"rendered":"https:\/\/www.bananatreeshop.com\/?post_type=product&#038;p=97086"},"modified":"2026-04-18T17:26:40","modified_gmt":"2026-04-18T17:26:40","slug":"fun-factory-bi-stronic-arc-thrusting-rabbit-pulsators-black","status":"publish","type":"product","link":"https:\/\/www.bananatreeshop.com\/pt\/produto\/fun-factory-bi-stronic-arc-thrusting-rabbit-pulsators-black\/","title":{"rendered":"FUN FACTORY &#8211; BI STRONIC ARC CONEJO ESTIMULADOR DE EMPUJE NEGRO"},"content":{"rendered":"<p>Listo para la experiencia completa? Deja que BI STRONIC ARC haga lo que mejor sabe hacer: llevarte hasta el final. Este audaz juguete sexual sabe exactamente d\u00f3nde ir: directo a tu punto G, y sus r\u00edtmicos movimientos de vaiv\u00e9n imitan la vida real y brindan sensaciones realistas con cada pulsaci\u00f3n. Pero eso no es todo, su dise\u00f1o ergon\u00f3mico garantiza una doble estimulaci\u00f3n: un eje de empuje para el punto G y un vibrador para estimular el cl\u00edtoris. Con 21,5 cm de empujes profundos y r\u00edtmicos y una punta c\u00f3nica para una estimulaci\u00f3n precisa, te ofrece la intensidad que deseas.<\/p>\n<p><strong>M\u00e1s potencia, m\u00e1s placer<\/strong><br \/>Dos potentes motores, 8 modos de empuje y 6 patrones de vibraci\u00f3n, que se pueden controlar por separado, te garantizan un placer intenso, profundo y absolutamente alucinante. Suj\u00e9talo si quieres el control, o simplemente rel\u00e1jate y d\u00e9jalo tomar el control, manos libres, profundo y sin complejos. Ya sea que juegues solo o con tu pareja, el mango LOOP, f\u00e1cil de sujetar y con una superficie texturizada, acanalada y antideslizante, te permite controlarlo todo para que puedas concentrarte por completo en tu placer.<\/p>\n<p><strong>La sensaci\u00f3n real, lo aut\u00e9ntico.<\/strong><br \/>Fabricado en silicona inocua para el cuerpo con una textura suave y lujosa, el BI STRONIC ARC se siente tan bien como se ve. Para que siga siendo as\u00ed, usa un lubricante a base de agua. Y como la aventura no deber\u00eda tener l\u00edmites, este juguete sexual es resistente al agua (IPX7) y recargable por USB-C, siempre en sinton\u00eda con tus deseos espont\u00e1neos. Disfruta de la funci\u00f3n de penetraci\u00f3n realista, respaldada por la impresionante garant\u00eda de 25 a\u00f1os de FUN FACTORY.<\/p>","protected":false},"excerpt":{"rendered":"<p>FUN FACTORY &#8211; BI STRONIC ARC THRUSTING RABBIT PULSATORS BLACK<\/p>","protected":false},"featured_media":97087,"comment_status":"closed","ping_status":"closed","template":"","meta":{"_eb_attr":""},"product_brand":[],"product_cat":[1159,1258],"product_tag":[],"class_list":{"0":"post-97086","1":"product","2":"type-product","3":"status-publish","4":"has-post-thumbnail","6":"product_cat-juguetes-bienestar-vibradores","7":"product_cat-juguetes-bienestar-vibradoresvibradores-rabbit","8":"yith_product_brand-fun-factory","10":"first","11":"instock","12":"taxable","13":"shipping-taxable","14":"purchasable","15":"product-type-simple"},"_links":{"self":[{"href":"https:\/\/www.bananatreeshop.com\/pt\/wp-json\/wp\/v2\/product\/97086","targetHints":{"allow":["GET"]}}],"collection":[{"href":"https:\/\/www.bananatreeshop.com\/pt\/wp-json\/wp\/v2\/product"}],"about":[{"href":"https:\/\/www.bananatreeshop.com\/pt\/wp-json\/wp\/v2\/types\/product"}],"replies":[{"embeddable":true,"href":"https:\/\/www.bananatreeshop.com\/pt\/wp-json\/wp\/v2\/comments?post=97086"}],"wp:featuredmedia":[{"embeddable":true,"href":"https:\/\/www.bananatreeshop.com\/pt\/wp-json\/wp\/v2\/media\/97087"}],"wp:attachment":[{"href":"https:\/\/www.bananatreeshop.com\/pt\/wp-json\/wp\/v2\/media?parent=97086"}],"wp:term":[{"taxonomy":"product_brand","embeddable":true,"href":"https:\/\/www.bananatreeshop.com\/pt\/wp-json\/wp\/v2\/product_brand?post=97086"},{"taxonomy":"product_cat","embeddable":true,"href":"https:\/\/www.bananatreeshop.com\/pt\/wp-json\/wp\/v2\/product_cat?post=97086"},{"taxonomy":"product_tag","embeddable":true,"href":"https:\/\/www.bananatreeshop.com\/pt\/wp-json\/wp\/v2\/product_tag?post=97086"}],"curies":[{"name":"wp","href":"https:\/\/api.w.org\/{rel}","templated":true}]}}