{"id":97094,"date":"2026-02-26T11:07:01","date_gmt":"2026-02-26T11:07:01","guid":{"rendered":"https:\/\/www.bananatreeshop.com\/?post_type=product&#038;p=97094"},"modified":"2026-04-20T04:46:50","modified_gmt":"2026-04-20T04:46:50","slug":"fun-factory-bi-stronic-curve-thrusting-rabbit-pulsators-aquamarine","status":"publish","type":"product","link":"https:\/\/www.bananatreeshop.com\/pt\/produto\/fun-factory-bi-stronic-curve-thrusting-rabbit-pulsators-aquamarine\/","title":{"rendered":"FUN FACTORY &#8211; BI STRONIC CURVE CONEJO ESTIMULADOR DE EMPUJE AGUAMARINA"},"content":{"rendered":"<p>\u00a1Descubre tu nuevo movimiento favorito! Una vez que BI STRONIC CURVE se pone en marcha, no hay vuelta atr\u00e1s. Embestidas profundas y realistas y potentes vibraciones har\u00e1n vibrar todo tu cuerpo, y su dise\u00f1o ergon\u00f3mico garantiza una doble estimulaci\u00f3n: un eje de empuje para el punto G y un vibrador para el cl\u00edtoris. El eje curvado se centra en tu punto G, amplificando cada pulsaci\u00f3n, mientras que el estimulador de cl\u00edtoris plano proporciona sensaciones amplias e intensas que abarcan toda tu zona de placer. Y los movimientos r\u00edtmicos de vaiv\u00e9n imitan la vida real y proporcionan sensaciones realistas con cada pulsaci\u00f3n.<\/p>\n<p><strong>Manos libres? \u00a1Claro que s\u00ed!<\/strong><br \/>Toma el control o d\u00e9jalo actuar: BI STRONIC CURVE se rige por tus reglas. El mango ergon\u00f3mico LOOP, con una superficie texturizada, acanalada y antideslizante, garantiza un agarre firme cuando t\u00fa decides. O d\u00e9jate llevar por la experiencia de lujo y disfruta de embestidas profundas y r\u00edtmicas y potentes vibraciones completamente manos libres. Con 8 modos de penetraci\u00f3n y 6 configuraciones de vibraci\u00f3n, te ofrece todo lo que necesitas para tu ritual de autocuidado. Adem\u00e1s, sus dos potentes motores se controlan por separado, es resistente al agua (IPX7) y recargable por USB-C, listo para usar donde y cuando quieras. Esa silicona ultrasuave y agradable para el cuerpo? Un sue\u00f1o en tu piel. Y con lubricante a base de agua, se vuelve a\u00fan m\u00e1s suave. A qu\u00e9 esperas? Presiona FUN, disfruta, repite. Disfruta de la funci\u00f3n de penetraci\u00f3n realista con el respaldo de la impresionante garant\u00eda de 25 a\u00f1os de FUN FACTORY.<\/p>","protected":false},"excerpt":{"rendered":"<p>FUN FACTORY &#8211; BI STRONIC CURVE THRUSTING RABBIT PULSATORS AQUAMARINE<\/p>","protected":false},"featured_media":97095,"comment_status":"closed","ping_status":"closed","template":"","meta":{"_eb_attr":""},"product_brand":[],"product_cat":[1159,1258],"product_tag":[],"class_list":{"0":"post-97094","1":"product","2":"type-product","3":"status-publish","4":"has-post-thumbnail","6":"product_cat-juguetes-bienestar-vibradores","7":"product_cat-juguetes-bienestar-vibradoresvibradores-rabbit","8":"yith_product_brand-fun-factory","10":"first","11":"instock","12":"taxable","13":"shipping-taxable","14":"purchasable","15":"product-type-simple"},"_links":{"self":[{"href":"https:\/\/www.bananatreeshop.com\/pt\/wp-json\/wp\/v2\/product\/97094","targetHints":{"allow":["GET"]}}],"collection":[{"href":"https:\/\/www.bananatreeshop.com\/pt\/wp-json\/wp\/v2\/product"}],"about":[{"href":"https:\/\/www.bananatreeshop.com\/pt\/wp-json\/wp\/v2\/types\/product"}],"replies":[{"embeddable":true,"href":"https:\/\/www.bananatreeshop.com\/pt\/wp-json\/wp\/v2\/comments?post=97094"}],"wp:featuredmedia":[{"embeddable":true,"href":"https:\/\/www.bananatreeshop.com\/pt\/wp-json\/wp\/v2\/media\/97095"}],"wp:attachment":[{"href":"https:\/\/www.bananatreeshop.com\/pt\/wp-json\/wp\/v2\/media?parent=97094"}],"wp:term":[{"taxonomy":"product_brand","embeddable":true,"href":"https:\/\/www.bananatreeshop.com\/pt\/wp-json\/wp\/v2\/product_brand?post=97094"},{"taxonomy":"product_cat","embeddable":true,"href":"https:\/\/www.bananatreeshop.com\/pt\/wp-json\/wp\/v2\/product_cat?post=97094"},{"taxonomy":"product_tag","embeddable":true,"href":"https:\/\/www.bananatreeshop.com\/pt\/wp-json\/wp\/v2\/product_tag?post=97094"}],"curies":[{"name":"wp","href":"https:\/\/api.w.org\/{rel}","templated":true}]}}