{"id":97102,"date":"2026-02-26T11:07:24","date_gmt":"2026-02-26T11:07:24","guid":{"rendered":"https:\/\/www.bananatreeshop.com\/?post_type=product&#038;p=97102"},"modified":"2026-04-14T05:03:48","modified_gmt":"2026-04-14T05:03:48","slug":"lelo-sona-3-sonic-clitoral-massager-cream","status":"publish","type":"product","link":"https:\/\/www.bananatreeshop.com\/pt\/produto\/lelo-sona-3-sonic-clitoral-massager-cream\/","title":{"rendered":"LELO &#8211; MASAJEADOR S\u00d3NICO DE CL\u00cdTORIS"},"content":{"rendered":"<p><strong>SONA\u2122 3<\/strong> es un estimulador s\u00f3nico de cl\u00edtoris que cuenta con la tecnolog\u00eda SenSonic\u2122, diez modos de placer y la nueva tecnolog\u00eda SmoothRise\u2122, que te permite cambiar gradualmente el nivel de intensidad para ofrecerte el m\u00e1ximo confort. SONA\u2122 3, que ha sido fabricado con silicona supersuave para ofrecer una c\u00f3moda sensaci\u00f3n, es perfecto para estimular el cl\u00edtoris de forma precisa y puede emparejarse con la aplicaci\u00f3n LELO\u2122, con la que podr\u00e1s acceder a dos modos adicionales y a la funci\u00f3n \u00abLove Bridge\u00bb, que te permitir\u00e1 disfrutar con tu pareja a larga distancia.<\/p>\n<p>En lugar de las vibraciones convencionales, la tecnolog\u00eda SenSonic\u2122 emplea pulsos s\u00f3nicos que resuenan en lo m\u00e1s profundo de la estructura interna del cl\u00edtoris para lograr una sensaci\u00f3n totalmente nueva. Estas ondas s\u00f3nicas te ofrecen una suave estimulaci\u00f3n con diferentes intensidades sin hacer contacto directo.<\/p>\n<p><strong>SONA\u2122 3\u00a0<\/strong>te ofrece:\u00a0<\/p>\n<ul>\n<li><strong>TECNOLOG\u00cdA SENSONIC\u2122<\/strong>: Sin hacer contacto directo, las ondas s\u00f3nicas de SONA\u2122 3 te ofrecen una estimulaci\u00f3n r\u00e1pida a la par que agradable en el cl\u00edtoris para que disfrutes de un placer inmenso.<\/li>\n<li><strong>TECNOLOG\u00cdA SMOOTHRISE\u2122<\/strong>: Una transici\u00f3n gradual entre los distintos modos de intensidad para ofrecer el m\u00e1ximo confort.<\/li>\n<li><strong>SE CONECTA A LA APLICACI\u00d3N<\/strong>: Desbloquea dos modos adicionales (\u00abFinish Me O\u00bb y \u00abOut Of Control\u00bb) o utiliza la funci\u00f3n \u00abLove Bridge\u00bb en la aplicaci\u00f3n LELO\u2122 para estar conectada con tu pareja cuando est\u00e9is separados.<\/li>\n<li><strong>SILICONA SUPERSUAVE<\/strong>: R\u00edndete a la delicad\u00edsima y suav\u00edsima (m\u00e1s que nunca) silicona que se adapta a las curvas de tu cuerpo e imita la suavidad natural de tu piel.<\/li>\n<li><strong>DOCE POTENTES MODOS DE PLACERSETTINGS<\/strong>: El producto tiene diez modos con distintos niveles de intensidad, lo que te aportar\u00e1 un control m\u00e1ximo sobre las sensaciones. Con\u00e9ctalo a la aplicaci\u00f3n LELO\u2122 para desbloquear dos modos adicionales<\/li>\n<\/ul>\n<p><u><strong>CARACTER\u00cdSTICAS<\/strong><\/u>:<\/p>\n<ul>\n<li><strong>Materiales<\/strong>: silicona biocompatible y pl\u00e1stico ABS<\/li>\n<li><strong>Acabado<\/strong>: suave<\/li>\n<li><strong>Tama\u00f1o<\/strong>: 112 x 51 x 55 mm<\/li>\n<li><strong>Peso<\/strong>: 128\u00a0g<\/li>\n<li><strong>Bater\u00eda<\/strong>: iones de litio 520 mAh 3.7 V<\/li>\n<li><strong>Carga<\/strong>: hasta 2 horas a 5.0 V 520 mA<\/li>\n<li><strong>Potencia nominal<\/strong>:\n<ul>\n<li>Entrada: 5 V 520 mA 2.6 W<\/li>\n<li>Salida: 3.7 V 220 mA 0.8 W<\/li>\n<\/ul>\n<\/li>\n<li><strong>Tiempo de uso<\/strong>: hasta 2 horas<\/li>\n<li><strong>En espera<\/strong>: 90 d\u00edas<\/li>\n<li><strong>Nivel m\u00e1x. de ruido<\/strong>: < 60 dB<\/li>\n<li><strong>Interfaz<\/strong>: 3 botones<\/li>\n<\/ul>\n<p><strong>LELO <\/strong>se ha consolidado como la\u00a0marca de placer de lujo, l\u00edder en el mercado en dise\u00f1o, innovaci\u00f3n, tecnolog\u00eda y reputaci\u00f3n. Pero LELO no es solo una marca de juguetes de placer; es un movimiento de autocuidado dirigido a quienes saben que la satisfacci\u00f3n trasciende g\u00e9nero, orientaci\u00f3n, raza y edad. Ofrecemos la experiencia del \u00e9xtasis sin verg\u00fcenza, el placer de descubrir todas las maravillas del propio cuerpo, dotando a nuestros clientes de la confianza que les permite una vida \u00edntima plena.<\/p>","protected":false},"excerpt":{"rendered":"<p>LELO &#8211; SONA 3 SONIC CLITORAL MASSAGER CREAM<\/p>","protected":false},"featured_media":97105,"comment_status":"closed","ping_status":"closed","template":"","meta":{"_eb_attr":""},"product_brand":[],"product_cat":[1250,1152,1153,1252,1260],"product_tag":[],"class_list":{"0":"post-97102","1":"product","2":"type-product","3":"status-publish","4":"has-post-thumbnail","6":"product_cat-juguetes-bienestar-juguetes-para-mujeresestimuladores","7":"product_cat-juguetes-bienestar","8":"product_cat-juguetes-bienestar-juguetes-para-mujeres","9":"product_cat-juguetes-bienestar-juguetes-para-mujeresestimuladoresmasajeadores","10":"product_cat-juguetes-bienestar-juguetes-para-mujeresestimuladorespara-clitoris","11":"pa_color-blanco","12":"pa_color-morado","13":"pa_color-violeta","14":"yith_product_brand-lelo","16":"first","17":"instock","18":"taxable","19":"shipping-taxable","20":"purchasable","21":"product-type-variable","22":"has-default-attributes"},"_links":{"self":[{"href":"https:\/\/www.bananatreeshop.com\/pt\/wp-json\/wp\/v2\/product\/97102","targetHints":{"allow":["GET"]}}],"collection":[{"href":"https:\/\/www.bananatreeshop.com\/pt\/wp-json\/wp\/v2\/product"}],"about":[{"href":"https:\/\/www.bananatreeshop.com\/pt\/wp-json\/wp\/v2\/types\/product"}],"replies":[{"embeddable":true,"href":"https:\/\/www.bananatreeshop.com\/pt\/wp-json\/wp\/v2\/comments?post=97102"}],"wp:featuredmedia":[{"embeddable":true,"href":"https:\/\/www.bananatreeshop.com\/pt\/wp-json\/wp\/v2\/media\/97105"}],"wp:attachment":[{"href":"https:\/\/www.bananatreeshop.com\/pt\/wp-json\/wp\/v2\/media?parent=97102"}],"wp:term":[{"taxonomy":"product_brand","embeddable":true,"href":"https:\/\/www.bananatreeshop.com\/pt\/wp-json\/wp\/v2\/product_brand?post=97102"},{"taxonomy":"product_cat","embeddable":true,"href":"https:\/\/www.bananatreeshop.com\/pt\/wp-json\/wp\/v2\/product_cat?post=97102"},{"taxonomy":"product_tag","embeddable":true,"href":"https:\/\/www.bananatreeshop.com\/pt\/wp-json\/wp\/v2\/product_tag?post=97102"}],"curies":[{"name":"wp","href":"https:\/\/api.w.org\/{rel}","templated":true}]}}