{"id":97132,"date":"2026-02-26T11:07:39","date_gmt":"2026-02-26T11:07:39","guid":{"rendered":"https:\/\/www.bananatreeshop.com\/?post_type=product&#038;p=97132"},"modified":"2026-04-19T18:23:23","modified_gmt":"2026-04-19T18:23:23","slug":"womanizer-vibe-lay-on-silent-vibrator-dusky-pink","status":"publish","type":"product","link":"https:\/\/www.bananatreeshop.com\/pt\/produto\/womanizer-vibe-lay-on-silent-vibrator-dusky-pink\/","title":{"rendered":"WOMANIZER &#8211; VIBE VIBRADOR LAY-ON SILENCIOSO ROSA OSCURO"},"content":{"rendered":"<p>Vibrador silencioso de Womanizer. Vibrador silencioso que ofrece una nueva sensaci\u00f3n con la Vibraci\u00f3n UltraWave: combina vibraciones retumbantes de baja frecuencia con 10 potentes resonancias arm\u00f3nicas. Disfruta de una sensaci\u00f3n suave y enriquecedora que intensifica tus sentidos y eleva tu orgasmo sin sobreestimulaci\u00f3n.<\/p>\n<p>Experimenta la Vibraci\u00f3n UltraWave, la revolucionaria tecnolog\u00eda que combina vibraciones vibrantes de baja frecuencia con 10 potentes resonancias arm\u00f3nicas. Con un motor lineal, proporciona una estimulaci\u00f3n suave pero intensa, gui\u00e1ndote a trav\u00e9s de una sinfon\u00eda de placer. Disfruta de una sensaci\u00f3n suave y enriquecedora que agudiza tus sentidos y eleva tu orgasmo sin sobreestimulaci\u00f3n.<\/p>\n<p><strong>Vibraci\u00f3n UltraWave &#8211; <\/strong>La nueva tecnolog\u00eda de vibraci\u00f3n de Womanizer ofrece sensaciones m\u00e1s ricas y satisfactorias para enriquecer el viaje org\u00e1smico.<\/p>\n<p><strong>Bordes de placer &#8211; <\/strong>La forma ergon\u00f3mica permite una mayor variedad de sensaciones, desde una estimulaci\u00f3n amplia hasta vibraciones m\u00e1s espec\u00edficas.<\/p>\n<p><strong>Silencioso &#8211; <\/strong>Sin distracciones, solo puro placer.<\/p>\n<p><strong>3 modos de piloto autom\u00e1tico &#8211; <\/strong>Deja que Vibe gu\u00ede tu placer y disfruta de una de las tres sensuales y sorprendentes secuencias de vibraci\u00f3n preestablecidas, inspiradas en ritmos musicales. Es una forma fant\u00e1stica de variar tus juegos y hacer que cada experiencia org\u00e1smica sea diferente.<\/p>\n<p><strong>10 niveles de intensidad &#8211; <\/strong>Ya sea que prefieras un placer suave y delicado, potente e intenso, o algo intermedio, tu pr\u00f3ximo orgasmo est\u00e1 a solo pulsar un bot\u00f3n. Los niveles de intensidad est\u00e1n perfectamente equilibrados y ofrecen la configuraci\u00f3n perfecta para cada estado de \u00e1nimo.<\/p>\n<p><strong>Resistente al agua IPX7 &#8211; <\/strong>Quieres sumergirte m\u00e1s profundamente? Como tu Womanizer es resistente al agua IPX7, nada te impedir\u00e1 disfrutar de un ba\u00f1o largo y relajante, una ducha refrescante o incluso una fiesta en la piscina.<\/p>\n<p><strong>Silicona segura para el cuerpo &#8211; <\/strong>La superficie est\u00e1 hecha de silicona suave al tacto para una sensaci\u00f3n sedosa en la piel. Este material, inocuo para el cuerpo, no contiene ftalatos, BPA ni l\u00e1tex: un verdadero deleite para la piel.<\/p>\n<p><strong>Puerto de carga USB &#8211; <\/strong>Los pines magn\u00e9ticos hacen que la recarga sea r\u00e1pida y c\u00f3moda.<\/p>\n<p>\u00a0<\/p>\n<p><u><strong>CARACTER\u00cdSTICAS:<\/strong><\/u><\/p>\n<ul>\n<li>Negro, morado oscuro, salvia<\/li>\n<li>Impermeable IPX7<\/li>\n<li>Tiempo de ejecuci\u00f3n: 240 minutos<\/li>\n<li>Tiempo de carga: 120 minutos<\/li>\n<li>Materiales: Silicona segura para el cuerpo.<\/li>\n<li>Peso: 480 gramos<\/li>\n<li>Dimensiones: Largo 17,1 x Ancho 5,4 x Alto 5,7<\/li>\n<li>Dimensiones del embalaje: Largo 19,3 x Ancho 11,2 x Alto 6,8<\/li>\n<li>Caja:\u00a0\n<ul>\n<li>Womanizer Next<\/li>\n<li>Bolsa de almacenamiento de algod\u00f3n<\/li>\n<li>Cabezal de estimulaci\u00f3n adicional<\/li>\n<li>Gu\u00eda de inicio r\u00e1pido<\/li>\n<li>Informaci\u00f3n de cumplimiento y seguridad<\/li>\n<li>Pegatina Memasturbo<\/li>\n<li>Cable USB con pines de carga magn\u00e9ticos (adaptador de CA no incluido)<\/li>\n<\/ul>\n<\/li>\n<\/ul>","protected":false},"excerpt":{"rendered":"<p>WOMANIZER &#8211; VIBE LAY-ON SILENT VIBRATOR DUSKY PINK<\/p>","protected":false},"featured_media":97133,"comment_status":"closed","ping_status":"closed","template":"","meta":{"_eb_attr":""},"product_brand":[],"product_cat":[1159,1259],"product_tag":[],"class_list":{"0":"post-97132","1":"product","2":"type-product","3":"status-publish","4":"has-post-thumbnail","6":"product_cat-juguetes-bienestar-vibradores","7":"product_cat-juguetes-bienestar-vibradoresvibradores-lay-on-clitoris","8":"yith_product_brand-womanizer","10":"first","11":"instock","12":"taxable","13":"shipping-taxable","14":"purchasable","15":"product-type-simple"},"_links":{"self":[{"href":"https:\/\/www.bananatreeshop.com\/pt\/wp-json\/wp\/v2\/product\/97132","targetHints":{"allow":["GET"]}}],"collection":[{"href":"https:\/\/www.bananatreeshop.com\/pt\/wp-json\/wp\/v2\/product"}],"about":[{"href":"https:\/\/www.bananatreeshop.com\/pt\/wp-json\/wp\/v2\/types\/product"}],"replies":[{"embeddable":true,"href":"https:\/\/www.bananatreeshop.com\/pt\/wp-json\/wp\/v2\/comments?post=97132"}],"wp:featuredmedia":[{"embeddable":true,"href":"https:\/\/www.bananatreeshop.com\/pt\/wp-json\/wp\/v2\/media\/97133"}],"wp:attachment":[{"href":"https:\/\/www.bananatreeshop.com\/pt\/wp-json\/wp\/v2\/media?parent=97132"}],"wp:term":[{"taxonomy":"product_brand","embeddable":true,"href":"https:\/\/www.bananatreeshop.com\/pt\/wp-json\/wp\/v2\/product_brand?post=97132"},{"taxonomy":"product_cat","embeddable":true,"href":"https:\/\/www.bananatreeshop.com\/pt\/wp-json\/wp\/v2\/product_cat?post=97132"},{"taxonomy":"product_tag","embeddable":true,"href":"https:\/\/www.bananatreeshop.com\/pt\/wp-json\/wp\/v2\/product_tag?post=97132"}],"curies":[{"name":"wp","href":"https:\/\/api.w.org\/{rel}","templated":true}]}}