{"id":97168,"date":"2026-02-26T11:08:01","date_gmt":"2026-02-26T11:08:01","guid":{"rendered":"https:\/\/www.bananatreeshop.com\/?post_type=product&#038;p=97168"},"modified":"2026-04-20T12:02:55","modified_gmt":"2026-04-20T12:02:55","slug":"snail-vibe-gizi-lite-dual-g-spot-clitoral-purple-vibrator","status":"publish","type":"product","link":"https:\/\/www.bananatreeshop.com\/pt\/produto\/snail-vibe-gizi-lite-dual-g-spot-clitoral-purple-vibrator\/","title":{"rendered":"SNAIL VIBE &#8211; GIZI LITE VIBRADOR DUAL PUNTO G Y CL\u00cdTORIS MORADO"},"content":{"rendered":"<p>El <strong>SVibe GIZI Lite<\/strong> est\u00e1 dise\u00f1ado para descubrir y potenciar el placer del punto G mediante una estimulaci\u00f3n dual perfectamente sincronizada. Su dise\u00f1o permite encontrar la profundidad ideal mientras las vibraciones acarician simult\u00e1neamente las zonas vaginal y clitoriana, creando una experiencia equilibrada, envolvente y profundamente placentera.<\/p>\n<p>Gracias a su forma ergon\u00f3mica y a sus dos motores independientes, el GIZI Lite ofrece una estimulaci\u00f3n precisa y dirigida all\u00ed donde m\u00e1s se siente. Fabricado en silicona premium segura para el cuerpo, su tacto suave y flexible se adapta con naturalidad al cuerpo, proporcionando comodidad y control en cada uso.<\/p>\n<p>El SVibe GIZI Lite cuenta con 5 velocidades de vibraci\u00f3n que permiten personalizar la intensidad seg\u00fan cada momento. Su dise\u00f1o resistente a salpicaduras facilita el uso despreocupado y su sistema de carga por cable garantiza una alimentaci\u00f3n pr\u00e1ctica y sencilla.<\/p>\n<p>Ideal para explorar nuevas sensaciones o intensificar el placer habitual, el GIZI Lite transforma cada experiencia en un momento m\u00e1s profundo, conectado y lleno de matices. Una invitaci\u00f3n directa a descubrir un placer m\u00e1s consciente, preciso y estimulante.<\/p>\n<p><strong><u>CARACTER\u00cdSTICAS<\/u>:<\/strong><\/p>\n<ul>\n<li>Estimulaci\u00f3n dual del punto G y cl\u00edtoris<\/li>\n<li>Dos motores para placer dirigido y sincronizado<\/li>\n<li>5 velocidades de vibraci\u00f3n<\/li>\n<li>Forma ergon\u00f3mica para un ajuste natural<\/li>\n<li>Fabricado en silicona suave y segura para el cuerpo<\/li>\n<li>Carga mediante cable<\/li>\n<li>Resistente a salpicaduras<\/li>\n<\/ul>\n<p><strong><u>MEDIDAS<\/u>:<\/strong><\/p>\n<ul>\n<li>Longitud insertable: de 120 mm \/ 4.7\u201d a 35 mm \/ 1.4\u201d<\/li>\n<li>Peso: 300 g \/ 0.7 lb<\/li>\n<\/ul>","protected":false},"excerpt":{"rendered":"<p>SNAIL VIBE &#8211; GIZI LITE DUAL G-SPOT  CLITORAL PURPLE VIBRATOR<\/p>","protected":false},"featured_media":97169,"comment_status":"closed","ping_status":"closed","template":"","meta":{"_eb_attr":""},"product_brand":[],"product_cat":[1159,1231],"product_tag":[],"class_list":{"0":"post-97168","1":"product","2":"type-product","3":"status-publish","4":"has-post-thumbnail","6":"product_cat-juguetes-bienestar-vibradores","7":"product_cat-juguetes-bienestar-vibradoresvibradores-punto-g","8":"yith_product_brand-snail-vibe","10":"first","11":"instock","12":"taxable","13":"shipping-taxable","14":"purchasable","15":"product-type-simple"},"_links":{"self":[{"href":"https:\/\/www.bananatreeshop.com\/pt\/wp-json\/wp\/v2\/product\/97168","targetHints":{"allow":["GET"]}}],"collection":[{"href":"https:\/\/www.bananatreeshop.com\/pt\/wp-json\/wp\/v2\/product"}],"about":[{"href":"https:\/\/www.bananatreeshop.com\/pt\/wp-json\/wp\/v2\/types\/product"}],"replies":[{"embeddable":true,"href":"https:\/\/www.bananatreeshop.com\/pt\/wp-json\/wp\/v2\/comments?post=97168"}],"wp:featuredmedia":[{"embeddable":true,"href":"https:\/\/www.bananatreeshop.com\/pt\/wp-json\/wp\/v2\/media\/97169"}],"wp:attachment":[{"href":"https:\/\/www.bananatreeshop.com\/pt\/wp-json\/wp\/v2\/media?parent=97168"}],"wp:term":[{"taxonomy":"product_brand","embeddable":true,"href":"https:\/\/www.bananatreeshop.com\/pt\/wp-json\/wp\/v2\/product_brand?post=97168"},{"taxonomy":"product_cat","embeddable":true,"href":"https:\/\/www.bananatreeshop.com\/pt\/wp-json\/wp\/v2\/product_cat?post=97168"},{"taxonomy":"product_tag","embeddable":true,"href":"https:\/\/www.bananatreeshop.com\/pt\/wp-json\/wp\/v2\/product_tag?post=97168"}],"curies":[{"name":"wp","href":"https:\/\/api.w.org\/{rel}","templated":true}]}}