{"id":97326,"date":"2026-02-26T23:07:32","date_gmt":"2026-02-26T23:07:32","guid":{"rendered":"https:\/\/www.bananatreeshop.com\/?post_type=product&#038;p=97326"},"modified":"2026-04-14T17:48:52","modified_gmt":"2026-04-14T17:48:52","slug":"electrastim-recoil-shapeable-electro-accessory","status":"publish","type":"product","link":"https:\/\/www.bananatreeshop.com\/pt\/produto\/electrastim-recoil-shapeable-electro-accessory\/","title":{"rendered":"ELECTRASTIM &#8211; RECOIL ACCESORIO ELECTRO MOLDEABLE"},"content":{"rendered":"<p><strong>Recoil <\/strong>es una nueva incorporaci\u00f3n a la gama Shape  Play de ElectraStim: un electrodo unipolar \u00fanico que se dobla, gira y mantiene su forma hasta que la cambies. Dise\u00f1ado tanto para estimulaci\u00f3n externa como interna, Recoil te da control creativo para que disfrutes de sensaciones electro personalizadas en sesiones individuales o en pareja.<\/p>\n<p>Doble Recoil en la forma deseada o envu\u00e9lvalo alrededor de una parte del cuerpo para lograr un contacto suave y conductor.<\/p>\n<ul>\n<li><strong>Juego externo<\/strong>:\u00a0Enr\u00f3llalo alrededor del eje, los test\u00edculos o la base para una estimulaci\u00f3n personalizada. Aplica gel conductor (se vende por separado) para un contacto \u00f3ptimo.<\/li>\n<li><strong>Juego interno<\/strong>:\u00a0G\u00edralo para darle forma insertable y usa abundante lubricante a base de agua para un uso seguro y c\u00f3modo. Aseg\u00farate siempre de que la base est\u00e9 ensanchada o enrollada antes del juego anal.<\/li>\n<\/ul>\n<p><u>Nota<\/u>:\u00a0Recoil es un electrodo unipolar y debe combinarse con otro accesorio unipolar (por ejemplo, una almohadilla o un anillo para el pene) para completar el circuito.<\/p>\n<p>Limpie el Recoil con agua caliente jabonosa o con un limpiador de juguetes sexuales y s\u00e9quelo con un pa\u00f1o de microfibra. Evite sumergir la toma de conexi\u00f3n en agua. Gu\u00e1rdelo en la bolsa de microfibra incluida para mantenerlo limpio y listo para usar.<\/p>\n<p><u><strong>CARACTERISTICAS:<\/strong><\/u><\/p>\n<ul>\n<li>Longitud:\u00a040 cm completamente extendido)<\/li>\n<li>Ancho:\u00a00,65 cm \/ 0,25 pulgadas<\/li>\n<li>Conector:\u00a0conexi\u00f3n de pin de 2 mm (\u00a0adaptadores disponibles\u00a0)<\/li>\n<li>Materiales:\u00a0N\u00facleo de alambre de cobre, silicona conductora, tapa de PVC, libre de ftalatos.<\/li>\n<li>Color:\u00a0Negro<\/li>\n<li>Nota:\u00a0Se requiere\u00a0un\u00a0\u00a0electroestimulador (se vende por separado)<\/li>\n<li>Contiene:\u00a0\n<ul>\n<li>1 x Electrodo unipolar de retroceso Shape  Play<\/li>\n<li>1 x Bolsa de almacenamiento de microfibra<\/li>\n<li>1 x Tarjeta de instrucciones<\/li>\n<\/ul>\n<\/li>\n<\/ul>","protected":false},"excerpt":{"rendered":"<p>ELECTRASTIM &#8211; RECOIL SHAPEABLE ELECTRO ACCESSORY<\/p>","protected":false},"featured_media":97327,"comment_status":"closed","ping_status":"closed","template":"","meta":{"_eb_attr":""},"product_brand":[],"product_cat":[1355,258,1360,446],"product_tag":[],"class_list":{"0":"post-97326","1":"product","2":"type-product","3":"status-publish","4":"has-post-thumbnail","6":"product_cat-bdsm-bondage-articulos-bdsm","7":"product_cat-bdsm-bondage","8":"product_cat-bdsm-bondage-articulos-bdsmelectroestimulacion-bdsm","9":"product_cat-news","10":"yith_product_brand-electrastim","12":"first","13":"instock","14":"taxable","15":"shipping-taxable","16":"purchasable","17":"product-type-simple"},"_links":{"self":[{"href":"https:\/\/www.bananatreeshop.com\/pt\/wp-json\/wp\/v2\/product\/97326","targetHints":{"allow":["GET"]}}],"collection":[{"href":"https:\/\/www.bananatreeshop.com\/pt\/wp-json\/wp\/v2\/product"}],"about":[{"href":"https:\/\/www.bananatreeshop.com\/pt\/wp-json\/wp\/v2\/types\/product"}],"replies":[{"embeddable":true,"href":"https:\/\/www.bananatreeshop.com\/pt\/wp-json\/wp\/v2\/comments?post=97326"}],"wp:featuredmedia":[{"embeddable":true,"href":"https:\/\/www.bananatreeshop.com\/pt\/wp-json\/wp\/v2\/media\/97327"}],"wp:attachment":[{"href":"https:\/\/www.bananatreeshop.com\/pt\/wp-json\/wp\/v2\/media?parent=97326"}],"wp:term":[{"taxonomy":"product_brand","embeddable":true,"href":"https:\/\/www.bananatreeshop.com\/pt\/wp-json\/wp\/v2\/product_brand?post=97326"},{"taxonomy":"product_cat","embeddable":true,"href":"https:\/\/www.bananatreeshop.com\/pt\/wp-json\/wp\/v2\/product_cat?post=97326"},{"taxonomy":"product_tag","embeddable":true,"href":"https:\/\/www.bananatreeshop.com\/pt\/wp-json\/wp\/v2\/product_tag?post=97326"}],"curies":[{"name":"wp","href":"https:\/\/api.w.org\/{rel}","templated":true}]}}